{"id":203362,"date":"2023-04-30T15:30:00","date_gmt":"2023-04-30T13:30:00","guid":{"rendered":"https:\/\/shop.moldbrothers.com\/?post_type=product&#038;p=203362"},"modified":"2026-05-05T16:51:19","modified_gmt":"2026-05-05T14:51:19","slug":"crisp-holder","status":"publish","type":"product","link":"https:\/\/shop.moldbrothers.com\/fr\/produit\/crisp-holder\/","title":{"rendered":"Porte-croustillant"},"content":{"rendered":"","protected":false},"excerpt":{"rendered":"<p>Notre support \u00e0 chips a \u00e9t\u00e9 con\u00e7u \u00e0 l'origine pour pr\u00e9senter des chips, mais il convient tout aussi bien comme support pour votre menu de bouch\u00e9es ou de cocktails.<\/p>\n<p><strong>Les produits seront exp\u00e9di\u00e9s \u00e0 partir de la mi-juin.<\/strong><\/p>","protected":false},"featured_media":203252,"template":"","meta":{"_seopress_robots_primary_cat":"none","_seopress_titles_title":"S\u014dkkel | Volume 1 | Crisp Holder | MoldBrothers","_seopress_titles_desc":"Part of Volume 1 under Presentation. The base is made from solid wood and comes without separate surface. The Crisp Holder has 4 slots.","_seopress_robots_index":""},"product_brand":[],"product_cat":[238],"product_tag":[],"woo-feed-brand":[],"class_list":{"0":"post-203362","1":"product","2":"type-product","3":"status-publish","4":"has-post-thumbnail","6":"product_cat-sokkel","8":"first","9":"instock","10":"taxable","11":"shipping-taxable","12":"purchasable","13":"product-type-variable"},"_links":{"self":[{"href":"https:\/\/shop.moldbrothers.com\/fr\/wp-json\/wp\/v2\/product\/203362","targetHints":{"allow":["GET"]}}],"collection":[{"href":"https:\/\/shop.moldbrothers.com\/fr\/wp-json\/wp\/v2\/product"}],"about":[{"href":"https:\/\/shop.moldbrothers.com\/fr\/wp-json\/wp\/v2\/types\/product"}],"wp:featuredmedia":[{"embeddable":true,"href":"https:\/\/shop.moldbrothers.com\/fr\/wp-json\/wp\/v2\/media\/203252"}],"wp:attachment":[{"href":"https:\/\/shop.moldbrothers.com\/fr\/wp-json\/wp\/v2\/media?parent=203362"}],"wp:term":[{"taxonomy":"product_brand","embeddable":true,"href":"https:\/\/shop.moldbrothers.com\/fr\/wp-json\/wp\/v2\/product_brand?post=203362"},{"taxonomy":"product_cat","embeddable":true,"href":"https:\/\/shop.moldbrothers.com\/fr\/wp-json\/wp\/v2\/product_cat?post=203362"},{"taxonomy":"product_tag","embeddable":true,"href":"https:\/\/shop.moldbrothers.com\/fr\/wp-json\/wp\/v2\/product_tag?post=203362"},{"taxonomy":"woo-feed-brand","embeddable":true,"href":"https:\/\/shop.moldbrothers.com\/fr\/wp-json\/wp\/v2\/woo-feed-brand?post=203362"}],"curies":[{"name":"wp","href":"https:\/\/api.w.org\/{rel}","templated":true}]}}