{"id":203357,"date":"2025-04-30T15:23:00","date_gmt":"2025-04-30T13:23:00","guid":{"rendered":"https:\/\/shop.moldbrothers.com\/?post_type=product&#038;p=203357"},"modified":"2026-05-05T12:07:54","modified_gmt":"2026-05-05T10:07:54","slug":"double-taco","status":"publish","type":"product","link":"https:\/\/shop.moldbrothers.com\/fr\/produit\/double-taco\/","title":{"rendered":"Double Taco"},"content":{"rendered":"<p>Les produits seront exp\u00e9di\u00e9s \u00e0 partir de la mi-juin.<\/p>","protected":false},"excerpt":{"rendered":"<p>Une base \u00e0 deux fentes qui maintient deux tacos ou bouch\u00e9es pli\u00e9es en position verticale et stable. S'associe parfaitement aux s\u00e9ries C\u00f4ne et Cylindre sur la table. \u00c9galement disponible en version \u00e0 fente unique sous le nom de Single Taco.<\/p>\n<p><strong>Les produits seront exp\u00e9di\u00e9s \u00e0 partir de la mi-juin.<\/strong><\/p>","protected":false},"featured_media":203258,"template":"","meta":{"_seopress_robots_primary_cat":"none","_seopress_titles_title":"S\u014dkkel | Volume 1 | Double Taco | MoldBrothers","_seopress_titles_desc":"Part of Volume 1 under Presentation. Exists of a solid wooden base without a separate surface. Taco Holders are available in a one- or two-slot version.","_seopress_robots_index":""},"product_brand":[],"product_cat":[238],"product_tag":[],"woo-feed-brand":[],"class_list":{"0":"post-203357","1":"product","2":"type-product","3":"status-publish","4":"has-post-thumbnail","6":"product_cat-sokkel","8":"first","9":"instock","10":"taxable","11":"shipping-taxable","12":"purchasable","13":"product-type-variable"},"_links":{"self":[{"href":"https:\/\/shop.moldbrothers.com\/fr\/wp-json\/wp\/v2\/product\/203357","targetHints":{"allow":["GET"]}}],"collection":[{"href":"https:\/\/shop.moldbrothers.com\/fr\/wp-json\/wp\/v2\/product"}],"about":[{"href":"https:\/\/shop.moldbrothers.com\/fr\/wp-json\/wp\/v2\/types\/product"}],"wp:featuredmedia":[{"embeddable":true,"href":"https:\/\/shop.moldbrothers.com\/fr\/wp-json\/wp\/v2\/media\/203258"}],"wp:attachment":[{"href":"https:\/\/shop.moldbrothers.com\/fr\/wp-json\/wp\/v2\/media?parent=203357"}],"wp:term":[{"taxonomy":"product_brand","embeddable":true,"href":"https:\/\/shop.moldbrothers.com\/fr\/wp-json\/wp\/v2\/product_brand?post=203357"},{"taxonomy":"product_cat","embeddable":true,"href":"https:\/\/shop.moldbrothers.com\/fr\/wp-json\/wp\/v2\/product_cat?post=203357"},{"taxonomy":"product_tag","embeddable":true,"href":"https:\/\/shop.moldbrothers.com\/fr\/wp-json\/wp\/v2\/product_tag?post=203357"},{"taxonomy":"woo-feed-brand","embeddable":true,"href":"https:\/\/shop.moldbrothers.com\/fr\/wp-json\/wp\/v2\/woo-feed-brand?post=203357"}],"curies":[{"name":"wp","href":"https:\/\/api.w.org\/{rel}","templated":true}]}}