{"id":203334,"date":"2026-02-19T14:11:00","date_gmt":"2026-02-19T13:11:00","guid":{"rendered":"https:\/\/shop.moldbrothers.com\/?post_type=product&#038;p=203334"},"modified":"2026-05-05T12:01:01","modified_gmt":"2026-05-05T10:01:01","slug":"cylinder-h70","status":"publish","type":"product","link":"https:\/\/shop.moldbrothers.com\/fr\/produit\/cylinder-h70\/","title":{"rendered":"Cylindre H70"},"content":{"rendered":"<p>Les produits seront exp\u00e9di\u00e9s \u00e0 partir de la mi-juin.<\/p>\n\n\n\n<p><\/p>","protected":false},"excerpt":{"rendered":"<p>La s\u00e9rie Cylinder est con\u00e7ue pour transporter des bouch\u00e9es ou des friandises. Contrairement \u00e0 la s\u00e9rie Cone, la surface se trouve sur le dessus de la base plut\u00f4t qu'\u00e0 l'int\u00e9rieur. Cette conception a \u00e9t\u00e9 choisie pour cr\u00e9er une cavit\u00e9 plus profonde qui peut \u00eatre remplie directement de grains, de sel ou de toute autre base n\u00e9cessaire \u00e0 votre pr\u00e9paration. Associez-la aux mod\u00e8les H70 et H110 pour cr\u00e9er diff\u00e9rents niveaux de hauteur sur la table.<\/p>\n<p><strong>Les produits seront exp\u00e9di\u00e9s \u00e0 partir de la mi-juin.<\/strong><\/p>","protected":false},"featured_media":203197,"template":"","meta":{"_seopress_robots_primary_cat":"none","_seopress_titles_title":"S\u014dkkel | Volume 1 | Cylinder H70 | MoldBrothers","_seopress_titles_desc":"The Cylinder Series is designed to carry bites or friandises. Unlike the Cone Series, the surface sits on top of the base rather than inside it.","_seopress_robots_index":""},"product_brand":[],"product_cat":[238],"product_tag":[],"woo-feed-brand":[],"class_list":{"0":"post-203334","1":"product","2":"type-product","3":"status-publish","4":"has-post-thumbnail","6":"product_cat-sokkel","8":"first","9":"instock","10":"taxable","11":"shipping-taxable","12":"purchasable","13":"product-type-variable"},"_links":{"self":[{"href":"https:\/\/shop.moldbrothers.com\/fr\/wp-json\/wp\/v2\/product\/203334","targetHints":{"allow":["GET"]}}],"collection":[{"href":"https:\/\/shop.moldbrothers.com\/fr\/wp-json\/wp\/v2\/product"}],"about":[{"href":"https:\/\/shop.moldbrothers.com\/fr\/wp-json\/wp\/v2\/types\/product"}],"wp:featuredmedia":[{"embeddable":true,"href":"https:\/\/shop.moldbrothers.com\/fr\/wp-json\/wp\/v2\/media\/203197"}],"wp:attachment":[{"href":"https:\/\/shop.moldbrothers.com\/fr\/wp-json\/wp\/v2\/media?parent=203334"}],"wp:term":[{"taxonomy":"product_brand","embeddable":true,"href":"https:\/\/shop.moldbrothers.com\/fr\/wp-json\/wp\/v2\/product_brand?post=203334"},{"taxonomy":"product_cat","embeddable":true,"href":"https:\/\/shop.moldbrothers.com\/fr\/wp-json\/wp\/v2\/product_cat?post=203334"},{"taxonomy":"product_tag","embeddable":true,"href":"https:\/\/shop.moldbrothers.com\/fr\/wp-json\/wp\/v2\/product_tag?post=203334"},{"taxonomy":"woo-feed-brand","embeddable":true,"href":"https:\/\/shop.moldbrothers.com\/fr\/wp-json\/wp\/v2\/woo-feed-brand?post=203334"}],"curies":[{"name":"wp","href":"https:\/\/api.w.org\/{rel}","templated":true}]}}