{"id":203059,"date":"2026-04-28T10:02:53","date_gmt":"2026-04-28T08:02:53","guid":{"rendered":"https:\/\/shop.moldbrothers.com\/?post_type=product&#038;p=203059"},"modified":"2026-04-28T15:40:11","modified_gmt":"2026-04-28T13:40:11","slug":"meringue-stamp","status":"publish","type":"product","link":"https:\/\/shop.moldbrothers.com\/fr\/produit\/meringue-stamp\/","title":{"rendered":"Tampon \u00e0 meringue Nitro"},"content":{"rendered":"","protected":false},"excerpt":{"rendered":"<p data-start=\"0\" data-end=\"101\">Notre tampon \u00e0 meringue en aluminium a la forme d'un disque nervur\u00e9 et permet de cr\u00e9er une meringue propre et croustillante. Fabriqu\u00e9 aux Pays-Bas \u00e0 partir d'aluminium alimentaire. La poign\u00e9e permet d'utiliser le tampon en toute s\u00e9curit\u00e9 lorsqu'il est plong\u00e9 dans l'azote liquide.<\/p>\n<p data-start=\"243\" data-end=\"331\" data-is-last-node=\"\" data-is-only-node=\"\">Remarque : ce produit convient uniquement \u00e0 la cong\u00e9lation. Il ne convient pas pour le chauffage.<\/p>\n<p data-start=\"243\" data-end=\"331\" data-is-last-node=\"\" data-is-only-node=\"\"><strong>Le produit est disponible en pr\u00e9-commande et sera exp\u00e9di\u00e9 le 8 mai.<\/strong><\/p>","protected":false},"featured_media":203091,"template":"","meta":{"_seopress_robots_primary_cat":"none","_seopress_titles_title":"","_seopress_titles_desc":"","_seopress_robots_index":""},"product_brand":[],"product_cat":[192],"product_tag":[],"woo-feed-brand":[],"class_list":{"0":"post-203059","1":"product","2":"type-product","3":"status-publish","4":"has-post-thumbnail","6":"product_cat-kitchen-essentials","8":"first","9":"instock","10":"taxable","11":"shipping-taxable","12":"purchasable","13":"product-type-simple"},"_links":{"self":[{"href":"https:\/\/shop.moldbrothers.com\/fr\/wp-json\/wp\/v2\/product\/203059","targetHints":{"allow":["GET"]}}],"collection":[{"href":"https:\/\/shop.moldbrothers.com\/fr\/wp-json\/wp\/v2\/product"}],"about":[{"href":"https:\/\/shop.moldbrothers.com\/fr\/wp-json\/wp\/v2\/types\/product"}],"wp:featuredmedia":[{"embeddable":true,"href":"https:\/\/shop.moldbrothers.com\/fr\/wp-json\/wp\/v2\/media\/203091"}],"wp:attachment":[{"href":"https:\/\/shop.moldbrothers.com\/fr\/wp-json\/wp\/v2\/media?parent=203059"}],"wp:term":[{"taxonomy":"product_brand","embeddable":true,"href":"https:\/\/shop.moldbrothers.com\/fr\/wp-json\/wp\/v2\/product_brand?post=203059"},{"taxonomy":"product_cat","embeddable":true,"href":"https:\/\/shop.moldbrothers.com\/fr\/wp-json\/wp\/v2\/product_cat?post=203059"},{"taxonomy":"product_tag","embeddable":true,"href":"https:\/\/shop.moldbrothers.com\/fr\/wp-json\/wp\/v2\/product_tag?post=203059"},{"taxonomy":"woo-feed-brand","embeddable":true,"href":"https:\/\/shop.moldbrothers.com\/fr\/wp-json\/wp\/v2\/woo-feed-brand?post=203059"}],"curies":[{"name":"wp","href":"https:\/\/api.w.org\/{rel}","templated":true}]}}