{"id":200830,"date":"2026-03-16T10:48:34","date_gmt":"2026-03-16T09:48:34","guid":{"rendered":"https:\/\/shop.moldbrothers.com\/?post_type=product&#038;p=200830"},"modified":"2026-03-31T14:35:33","modified_gmt":"2026-03-31T12:35:33","slug":"soft-edge-pie-tee","status":"publish","type":"product","link":"https:\/\/shop.moldbrothers.com\/fr\/produit\/soft-edge-pie-tee\/","title":{"rendered":"Pie Tee \u00e0 bord souple"},"content":{"rendered":"","protected":false},"excerpt":{"rendered":"<p>Ce tampon en aluminium de haute qualit\u00e9 permet de cr\u00e9er une coquille carr\u00e9e l\u00e9g\u00e8re et croustillante, avec des coins doux. Fabriqu\u00e9e aux Pays-Bas \u00e0 partir d'aluminium alimentaire, la poign\u00e9e incurv\u00e9e permet au tampon de reposer et de s\u00e9cher facilement, tout en restant confortable \u00e0 utiliser pendant la friture.<\/p>\n<p>Pour une production plus rapide, le panier optionnel vous permet de frire cinq coquilles Pie Tee en m\u00eame temps. Il est ainsi facile de produire un grand nombre de coquilles simultan\u00e9ment avec des r\u00e9sultats constants.<\/p>","protected":false},"featured_media":200861,"template":"","meta":{"_seopress_robots_primary_cat":"none","_seopress_titles_title":"Soft Edge Pie Tee | Handle or Basket | MoldBrothers","_seopress_titles_desc":"By introducing softened, rounded corners, we created a shape that feels more organic and refined. This Pie Tee allows you to carry a proper filling while maintaining a clean, structured bite. Also available as basket.","_seopress_robots_index":""},"product_brand":[],"product_cat":[362],"product_tag":[1504,1285,1505,1503,1501],"woo-feed-brand":[],"class_list":{"0":"post-200830","1":"product","2":"type-product","3":"status-publish","4":"has-post-thumbnail","6":"product_cat-bunuelos-pie-tee","7":"product_tag-basket","8":"product_tag-bite","9":"product_tag-pie-tee-basket","10":"product_tag-single-bite-2","11":"product_tag-single-bite","13":"first","14":"instock","15":"sale","16":"taxable","17":"shipping-taxable","18":"product-type-grouped"},"_links":{"self":[{"href":"https:\/\/shop.moldbrothers.com\/fr\/wp-json\/wp\/v2\/product\/200830","targetHints":{"allow":["GET"]}}],"collection":[{"href":"https:\/\/shop.moldbrothers.com\/fr\/wp-json\/wp\/v2\/product"}],"about":[{"href":"https:\/\/shop.moldbrothers.com\/fr\/wp-json\/wp\/v2\/types\/product"}],"wp:featuredmedia":[{"embeddable":true,"href":"https:\/\/shop.moldbrothers.com\/fr\/wp-json\/wp\/v2\/media\/200861"}],"wp:attachment":[{"href":"https:\/\/shop.moldbrothers.com\/fr\/wp-json\/wp\/v2\/media?parent=200830"}],"wp:term":[{"taxonomy":"product_brand","embeddable":true,"href":"https:\/\/shop.moldbrothers.com\/fr\/wp-json\/wp\/v2\/product_brand?post=200830"},{"taxonomy":"product_cat","embeddable":true,"href":"https:\/\/shop.moldbrothers.com\/fr\/wp-json\/wp\/v2\/product_cat?post=200830"},{"taxonomy":"product_tag","embeddable":true,"href":"https:\/\/shop.moldbrothers.com\/fr\/wp-json\/wp\/v2\/product_tag?post=200830"},{"taxonomy":"woo-feed-brand","embeddable":true,"href":"https:\/\/shop.moldbrothers.com\/fr\/wp-json\/wp\/v2\/woo-feed-brand?post=200830"}],"curies":[{"name":"wp","href":"https:\/\/api.w.org\/{rel}","templated":true}]}}