{"id":200826,"date":"2026-03-16T13:21:50","date_gmt":"2026-03-16T12:21:50","guid":{"rendered":"https:\/\/shop.moldbrothers.com\/?post_type=product&#038;p=200826"},"modified":"2026-03-31T14:35:21","modified_gmt":"2026-03-31T12:35:21","slug":"pie-tee-original-small","status":"publish","type":"product","link":"https:\/\/shop.moldbrothers.com\/fr\/produit\/pie-tee-original-small\/","title":{"rendered":"Tee-shirt Original Small Pie"},"content":{"rendered":"<div class=\"wp-block-columns are-vertically-aligned-center is-layout-flex wp-container-core-columns-is-layout-9d6595d7 wp-block-columns-is-layout-flex\">\n<div class=\"wp-block-column is-layout-flow wp-block-column-is-layout-flow\" style=\"flex-basis:50%\">\n<figure class=\"wp-block-image size-full\"><img decoding=\"async\" src=\"https:\/\/shop.moldbrothers.com\/wp-content\/uploads\/2026\/02\/3C4A7653-C07D-4D36-B10C-24703CF60539-scaled.jpeg\" alt=\"\" class=\"wp-image-130005\"\/><\/figure>\n<\/div>\n\n\n\n<div class=\"wp-block-column is-layout-flow wp-block-column-is-layout-flow\" style=\"flex-basis:50%\">\n<h6 class=\"wp-block-heading\">Bu\u00f1uelos \/ Pie Tee by Andrea Mattasoglio<\/h6>\n\n\n\n<h2 class=\"wp-block-heading\">Recette de la croustade dor\u00e9e<\/h2>\n\n\n\n<p><strong>Ingr\u00e9dients<\/strong><\/p>\n\n\n\n<ul class=\"wp-block-list\">\n<li>20 g de farine<\/li>\n\n\n\n<li>80 g de farine de riz<\/li>\n\n\n\n<li>18 g de f\u00e9cule de ma\u00efs<\/li>\n\n\n\n<li>100 g de bouillon de l\u00e9gumes ou d'eau<\/li>\n\n\n\n<li>100 g de bi\u00e8re blonde<\/li>\n\n\n\n<li>5 g d'huile de graines<\/li>\n\n\n\n<li>1 \u0153uf entier<\/li>\n\n\n\n<li>4 g de sel<\/li>\n\n\n\n<li>4 g de sucre<\/li>\n<\/ul>\n\n\n\n<p><strong>Instructions<\/strong><br> M\u00e9langer la farine, la farine de riz, la f\u00e9cule de ma\u00efs, le sel et le sucre. Dans un autre bol, m\u00e9langer au fouet l'\u0153uf, le bouillon de l\u00e9gumes ou l'eau, la bi\u00e8re et l'huile de graines. Ajouter le m\u00e9lange liquide aux ingr\u00e9dients secs et m\u00e9langer jusqu'\u00e0 l'obtention d'une p\u00e2te lisse. Laisser reposer la p\u00e2te au r\u00e9frig\u00e9rateur pendant au moins 30 minutes.Faire chauffer l'huile de graines dans une petite casserole \u00e0 135\u00b0C. Placer le tampon \u00e0 tarte dans l'huile et laisser chauffer. Tamponnez bri\u00e8vement le tampon chaud sur du papier absorbant pour enlever l'exc\u00e8s d'huile, puis trempez-le dans la p\u00e2te \u00e0 frire pendant environ 10 secondes.<\/p>\n<\/div>\n<\/div>","protected":false},"excerpt":{"rendered":"<p>Ce petit tampon original en aluminium de haute qualit\u00e9 permet de cr\u00e9er une coquille l\u00e9g\u00e8re et croustillante en une seule bouch\u00e9e. Fabriqu\u00e9e aux Pays-Bas \u00e0 partir d'aluminium alimentaire, la poign\u00e9e incurv\u00e9e permet au tampon de reposer et de s\u00e9cher facilement, tout en restant confortable \u00e0 utiliser pendant la friture.<\/p>\n<p>Pour une production plus rapide, le panier optionnel vous permet de frire cinq coquilles Pie Tee en m\u00eame temps. Il est ainsi facile de produire un grand nombre de coquilles simultan\u00e9ment avec des r\u00e9sultats constants.<\/p>","protected":false},"featured_media":200862,"template":"","meta":{"_seopress_robots_primary_cat":"none","_seopress_titles_title":"Small Croustade Stamp | Handle or Basket | MoldBrothers","_seopress_titles_desc":"The Pie Tee Original Small helps you create delicate crispy baskets for amuse-bouches and garnishes. A professional pastry tool used by chefs worldwide to shape perfect Pie Tee snacks.","_seopress_robots_index":""},"product_brand":[],"product_cat":[362],"product_tag":[1504,912,1505],"woo-feed-brand":[],"class_list":{"0":"post-200826","1":"product","2":"type-product","3":"status-publish","4":"has-post-thumbnail","6":"product_cat-bunuelos-pie-tee","7":"product_tag-basket","8":"product_tag-croustade","9":"product_tag-pie-tee-basket","11":"first","12":"instock","13":"sale","14":"taxable","15":"shipping-taxable","16":"product-type-grouped"},"_links":{"self":[{"href":"https:\/\/shop.moldbrothers.com\/fr\/wp-json\/wp\/v2\/product\/200826","targetHints":{"allow":["GET"]}}],"collection":[{"href":"https:\/\/shop.moldbrothers.com\/fr\/wp-json\/wp\/v2\/product"}],"about":[{"href":"https:\/\/shop.moldbrothers.com\/fr\/wp-json\/wp\/v2\/types\/product"}],"wp:featuredmedia":[{"embeddable":true,"href":"https:\/\/shop.moldbrothers.com\/fr\/wp-json\/wp\/v2\/media\/200862"}],"wp:attachment":[{"href":"https:\/\/shop.moldbrothers.com\/fr\/wp-json\/wp\/v2\/media?parent=200826"}],"wp:term":[{"taxonomy":"product_brand","embeddable":true,"href":"https:\/\/shop.moldbrothers.com\/fr\/wp-json\/wp\/v2\/product_brand?post=200826"},{"taxonomy":"product_cat","embeddable":true,"href":"https:\/\/shop.moldbrothers.com\/fr\/wp-json\/wp\/v2\/product_cat?post=200826"},{"taxonomy":"product_tag","embeddable":true,"href":"https:\/\/shop.moldbrothers.com\/fr\/wp-json\/wp\/v2\/product_tag?post=200826"},{"taxonomy":"woo-feed-brand","embeddable":true,"href":"https:\/\/shop.moldbrothers.com\/fr\/wp-json\/wp\/v2\/woo-feed-brand?post=200826"}],"curies":[{"name":"wp","href":"https:\/\/api.w.org\/{rel}","templated":true}]}}