{"id":200374,"date":"2026-04-07T10:01:00","date_gmt":"2026-04-07T08:01:00","guid":{"rendered":"https:\/\/shop.moldbrothers.com\/?post_type=product&#038;p=200374"},"modified":"2026-04-07T10:44:56","modified_gmt":"2026-04-07T08:44:56","slug":"scallop-tuille-mold","status":"publish","type":"product","link":"https:\/\/shop.moldbrothers.com\/fr\/produit\/scallop-tuille-mold\/","title":{"rendered":"Tuille de coquille Saint-Jacques Mold"},"content":{"rendered":"","protected":false},"excerpt":{"rendered":"<p>Un moule en silicone de haute qualit\u00e9 en forme de coquille Saint-Jacques r\u00e9aliste. Le moule comporte six cavit\u00e9s et est fabriqu\u00e9 en silicone alimentaire 100%.<\/p>\n<p>Ce moule est capable de r\u00e9sister \u00e0 des temp\u00e9ratures allant de -40\u00b0C \u00e0 +200\u00b0C, ce qui permet de l'utiliser aussi bien dans les cong\u00e9lateurs (chocs) que dans les fours.<\/p>","protected":false},"featured_media":200381,"template":"","meta":{"_seopress_robots_primary_cat":"none","_seopress_titles_title":"Scallop Tuille Mold | Crown or Sandwich | MoldBrothers","_seopress_titles_desc":"The radiating ribs of a scallop shell were the inspiration of this Tuille Mold. Use the tuille on to crown a seared scallop or use two as a sandwich with scallop tartare in between.\u00a0","_seopress_robots_index":""},"product_brand":[],"product_cat":[228,237],"product_tag":[497,1286,1108],"woo-feed-brand":[],"class_list":{"0":"post-200374","1":"product","2":"type-product","3":"status-publish","4":"has-post-thumbnail","6":"product_cat-2dmolds","7":"product_cat-natural","8":"product_tag-fish","9":"product_tag-sandwich","10":"product_tag-shellfish","12":"first","13":"instock","14":"taxable","15":"shipping-taxable","16":"purchasable","17":"product-type-simple"},"_links":{"self":[{"href":"https:\/\/shop.moldbrothers.com\/fr\/wp-json\/wp\/v2\/product\/200374","targetHints":{"allow":["GET"]}}],"collection":[{"href":"https:\/\/shop.moldbrothers.com\/fr\/wp-json\/wp\/v2\/product"}],"about":[{"href":"https:\/\/shop.moldbrothers.com\/fr\/wp-json\/wp\/v2\/types\/product"}],"wp:featuredmedia":[{"embeddable":true,"href":"https:\/\/shop.moldbrothers.com\/fr\/wp-json\/wp\/v2\/media\/200381"}],"wp:attachment":[{"href":"https:\/\/shop.moldbrothers.com\/fr\/wp-json\/wp\/v2\/media?parent=200374"}],"wp:term":[{"taxonomy":"product_brand","embeddable":true,"href":"https:\/\/shop.moldbrothers.com\/fr\/wp-json\/wp\/v2\/product_brand?post=200374"},{"taxonomy":"product_cat","embeddable":true,"href":"https:\/\/shop.moldbrothers.com\/fr\/wp-json\/wp\/v2\/product_cat?post=200374"},{"taxonomy":"product_tag","embeddable":true,"href":"https:\/\/shop.moldbrothers.com\/fr\/wp-json\/wp\/v2\/product_tag?post=200374"},{"taxonomy":"woo-feed-brand","embeddable":true,"href":"https:\/\/shop.moldbrothers.com\/fr\/wp-json\/wp\/v2\/woo-feed-brand?post=200374"}],"curies":[{"name":"wp","href":"https:\/\/api.w.org\/{rel}","templated":true}]}}