{"id":200157,"date":"2026-03-23T16:09:00","date_gmt":"2026-03-23T15:09:00","guid":{"rendered":"https:\/\/shop.moldbrothers.com\/?post_type=product&#038;p=200157"},"modified":"2026-03-23T17:09:34","modified_gmt":"2026-03-23T16:09:34","slug":"truffle-stencil","status":"publish","type":"product","link":"https:\/\/shop.moldbrothers.com\/fr\/produit\/truffle-stencil\/","title":{"rendered":"Pochoir de truffe"},"content":{"rendered":"<div class=\"grid grid-cols-1 lg:grid-cols-2 lg:gap-12\"><div class=\"col-span-1 self-center\"><figure class=\"h-[clamp(200px,40vw,600px)!important]\"><img decoding=\"async\" class=\"w-full h-full object-cover object-center rounded-2xl\" src=\"https:\/\/shop.moldbrothers.com\/wp-content\/uploads\/2022\/07\/DSC03279-scaled-e1684074511240.jpg\" alt=\"\" \/><\/figure><\/div><div class=\"col-span-1 self-center\"><div class=\"lg:pl-20\"><\/p>\n<h6>MoldBrothers TestKitchen Produit sp\u00e9cial<\/h6>\n<h2>\u00c0 propos de notre laboratoire d'essai<\/h2>\n<p>La cuisine d'essai MoldBrothers, dirig\u00e9e par le chef Mike Cornelissen du restaurant Rijnzicht*, a \u00e9t\u00e9 cr\u00e9\u00e9e pour maintenir un lien constant avec l'innovation culinaire. Elle sert de laboratoire gastronomique pour cr\u00e9er de l'inspiration et s'assurer que tous nos produits offrent des exp\u00e9riences exceptionnelles. Fabriqu\u00e9s par des chefs, pour des chefs, nous explorons des techniques presque impossibles qui donnent constamment des r\u00e9sultats remarquables, notamment ceci <em>TestKitchen Produit sp\u00e9cial<\/em>!<\/div><\/div><\/div>","protected":false},"excerpt":{"rendered":"<p>Ce pochoir unique pr\u00e9sente 11 motifs de truffes carr\u00e9es et est fabriqu\u00e9 \u00e0 partir d'un mat\u00e9riau de 0,5 mm d'\u00e9paisseur, parfait pour vous aider \u00e0 cr\u00e9er des croustillants \u00e0 la truffe tr\u00e8s d\u00e9taill\u00e9s. La recette et la vid\u00e9o d'utilisation de TestKitchen se trouvent ici.<\/p>\n<p><em>Attention : le pochoir ne passe pas enti\u00e8rement au lave-vaisselle et ne doit pas \u00eatre utilis\u00e9 au four. Nous vous recommandons de le rincer \u00e0 l'eau ti\u00e8de (environ 40\u00b0C) et d'\u00e9viter les produits de nettoyage pour le conserver en parfait \u00e9tat.<\/em><\/p>","protected":false},"featured_media":200189,"template":"","meta":{"_seopress_robots_primary_cat":"none","_seopress_titles_title":"Truffle Stencil | Create Truffle Patterns | MoldBrothers","_seopress_titles_desc":"This Truffle Stencil features 11 square shapes with a recognizable truffle pattern. Despite the detailed design, the stencil stays stable because of the small bridges between cuts.","_seopress_robots_index":""},"product_brand":[],"product_cat":[170,198,910],"product_tag":[],"woo-feed-brand":[],"class_list":{"0":"post-200157","1":"product","2":"type-product","3":"status-publish","4":"has-post-thumbnail","6":"product_cat-stencils","7":"product_cat-a3-stencils","8":"product_cat-test-kitchen","10":"first","11":"instock","12":"taxable","13":"shipping-taxable","14":"purchasable","15":"product-type-simple"},"_links":{"self":[{"href":"https:\/\/shop.moldbrothers.com\/fr\/wp-json\/wp\/v2\/product\/200157","targetHints":{"allow":["GET"]}}],"collection":[{"href":"https:\/\/shop.moldbrothers.com\/fr\/wp-json\/wp\/v2\/product"}],"about":[{"href":"https:\/\/shop.moldbrothers.com\/fr\/wp-json\/wp\/v2\/types\/product"}],"wp:featuredmedia":[{"embeddable":true,"href":"https:\/\/shop.moldbrothers.com\/fr\/wp-json\/wp\/v2\/media\/200189"}],"wp:attachment":[{"href":"https:\/\/shop.moldbrothers.com\/fr\/wp-json\/wp\/v2\/media?parent=200157"}],"wp:term":[{"taxonomy":"product_brand","embeddable":true,"href":"https:\/\/shop.moldbrothers.com\/fr\/wp-json\/wp\/v2\/product_brand?post=200157"},{"taxonomy":"product_cat","embeddable":true,"href":"https:\/\/shop.moldbrothers.com\/fr\/wp-json\/wp\/v2\/product_cat?post=200157"},{"taxonomy":"product_tag","embeddable":true,"href":"https:\/\/shop.moldbrothers.com\/fr\/wp-json\/wp\/v2\/product_tag?post=200157"},{"taxonomy":"woo-feed-brand","embeddable":true,"href":"https:\/\/shop.moldbrothers.com\/fr\/wp-json\/wp\/v2\/woo-feed-brand?post=200157"}],"curies":[{"name":"wp","href":"https:\/\/api.w.org\/{rel}","templated":true}]}}