{"id":200029,"date":"2026-03-31T14:14:48","date_gmt":"2026-03-31T12:14:48","guid":{"rendered":"https:\/\/shop.moldbrothers.com\/?post_type=product&#038;p=200029"},"modified":"2026-04-20T10:58:20","modified_gmt":"2026-04-20T08:58:20","slug":"realistic-honey-pressing-kit","status":"publish","type":"product","link":"https:\/\/shop.moldbrothers.com\/fr\/produit\/realistic-honey-pressing-kit\/","title":{"rendered":"Pressage du miel Mold Petit"},"content":{"rendered":"","protected":false},"excerpt":{"rendered":"<p>Un moule \u00e0 presser en silicone de haute qualit\u00e9 con\u00e7u pour cr\u00e9er une texture alv\u00e9olaire r\u00e9aliste. Le moule pr\u00e9sente une surface de pressage de 10 \u00d7 10 cm, ce qui vous permet de cr\u00e9er des croustillants en forme de carr\u00e9s, de cercles ou d'autres formes \u00e0 l'aide d'un moule en silicone de haute qualit\u00e9. <a href=\"https:\/\/shop.moldbrothers.com\/fr\/categorie-de-produit\/modeles\/\" target=\"_blank\" rel=\"noopener\">pochoirs<\/a>.<\/p>\n<p>Ce moule est fabriqu\u00e9 \u00e0 partir de SolidSil, notre formulation de silicone plus rigide. Il am\u00e9liore le transfert des d\u00e9tails et n\u00e9cessite moins de pression lors de l'utilisation. Il est de qualit\u00e9 alimentaire et convient \u00e0 des temp\u00e9ratures allant de -40\u00b0C \u00e0 +200\u00b0C.<\/p>","protected":false},"featured_media":201774,"template":"","meta":{"_seopress_robots_primary_cat":"none","_seopress_titles_title":"Realistic Honey Pressing Kit | SolidSil | MoldBrothers","_seopress_titles_desc":"A high-quality silicone pressing mold to shape a realistic honeycomb. The mold features a single square shape that can be cut into squares, circles, or quadrilaterals.\u00a0","_seopress_robots_index":""},"product_brand":[],"product_cat":[202],"product_tag":[],"woo-feed-brand":[],"class_list":{"0":"post-200029","1":"product","2":"type-product","3":"status-publish","4":"has-post-thumbnail","6":"product_cat-pressing-kits","8":"first","9":"instock","10":"taxable","11":"shipping-taxable","12":"purchasable","13":"product-type-simple"},"_links":{"self":[{"href":"https:\/\/shop.moldbrothers.com\/fr\/wp-json\/wp\/v2\/product\/200029","targetHints":{"allow":["GET"]}}],"collection":[{"href":"https:\/\/shop.moldbrothers.com\/fr\/wp-json\/wp\/v2\/product"}],"about":[{"href":"https:\/\/shop.moldbrothers.com\/fr\/wp-json\/wp\/v2\/types\/product"}],"wp:featuredmedia":[{"embeddable":true,"href":"https:\/\/shop.moldbrothers.com\/fr\/wp-json\/wp\/v2\/media\/201774"}],"wp:attachment":[{"href":"https:\/\/shop.moldbrothers.com\/fr\/wp-json\/wp\/v2\/media?parent=200029"}],"wp:term":[{"taxonomy":"product_brand","embeddable":true,"href":"https:\/\/shop.moldbrothers.com\/fr\/wp-json\/wp\/v2\/product_brand?post=200029"},{"taxonomy":"product_cat","embeddable":true,"href":"https:\/\/shop.moldbrothers.com\/fr\/wp-json\/wp\/v2\/product_cat?post=200029"},{"taxonomy":"product_tag","embeddable":true,"href":"https:\/\/shop.moldbrothers.com\/fr\/wp-json\/wp\/v2\/product_tag?post=200029"},{"taxonomy":"woo-feed-brand","embeddable":true,"href":"https:\/\/shop.moldbrothers.com\/fr\/wp-json\/wp\/v2\/woo-feed-brand?post=200029"}],"curies":[{"name":"wp","href":"https:\/\/api.w.org\/{rel}","templated":true}]}}