{"id":199627,"date":"2026-03-09T12:59:33","date_gmt":"2026-03-09T11:59:33","guid":{"rendered":"https:\/\/shop.moldbrothers.com\/?post_type=product&#038;p=199627"},"modified":"2026-03-30T09:45:18","modified_gmt":"2026-03-30T07:45:18","slug":"realistic-waffle-molds","status":"publish","type":"product","link":"https:\/\/shop.moldbrothers.com\/fr\/produit\/realistic-waffle-molds\/","title":{"rendered":"Gaufre r\u00e9aliste Molds"},"content":{"rendered":"","protected":false},"excerpt":{"rendered":"<p>Ce moule en silicone de haute qualit\u00e9 a la forme d'une gaufre r\u00e9aliste. Avec cet ensemble, vous pouvez pr\u00e9parer 4 gaufres sandwiches en m\u00eame temps ou utiliser chaque moule s\u00e9par\u00e9ment si vous le souhaitez.<\/p>\n<p>Les moules r\u00e9sistent \u00e0 des temp\u00e9ratures allant de -40\u00b0C \u00e0 +200\u00b0C, ce qui permet de les utiliser aussi bien dans le cong\u00e9lateur que dans le four.<\/p>","protected":false},"featured_media":199570,"template":"","meta":{"_seopress_robots_primary_cat":"none","_seopress_titles_title":"Realistic Waffle Molds | Single-Bite | MoldBrothers","_seopress_titles_desc":"The Realistic Waffle Mold comes in a shape that can read as a heart, flower or abstract form. Serve it as a cookie, a sandwich or shape it into a (square) taco, you decide.","_seopress_robots_index":""},"product_brand":[],"product_cat":[228,237],"product_tag":[1285,1502,1503,1501],"woo-feed-brand":[],"class_list":{"0":"post-199627","1":"product","2":"type-product","3":"status-publish","4":"has-post-thumbnail","6":"product_cat-2dmolds","7":"product_cat-natural","8":"product_tag-bite","9":"product_tag-single","10":"product_tag-single-bite-2","11":"product_tag-single-bite","13":"first","14":"instock","15":"sale","16":"taxable","17":"shipping-taxable","18":"product-type-grouped"},"_links":{"self":[{"href":"https:\/\/shop.moldbrothers.com\/fr\/wp-json\/wp\/v2\/product\/199627","targetHints":{"allow":["GET"]}}],"collection":[{"href":"https:\/\/shop.moldbrothers.com\/fr\/wp-json\/wp\/v2\/product"}],"about":[{"href":"https:\/\/shop.moldbrothers.com\/fr\/wp-json\/wp\/v2\/types\/product"}],"wp:featuredmedia":[{"embeddable":true,"href":"https:\/\/shop.moldbrothers.com\/fr\/wp-json\/wp\/v2\/media\/199570"}],"wp:attachment":[{"href":"https:\/\/shop.moldbrothers.com\/fr\/wp-json\/wp\/v2\/media?parent=199627"}],"wp:term":[{"taxonomy":"product_brand","embeddable":true,"href":"https:\/\/shop.moldbrothers.com\/fr\/wp-json\/wp\/v2\/product_brand?post=199627"},{"taxonomy":"product_cat","embeddable":true,"href":"https:\/\/shop.moldbrothers.com\/fr\/wp-json\/wp\/v2\/product_cat?post=199627"},{"taxonomy":"product_tag","embeddable":true,"href":"https:\/\/shop.moldbrothers.com\/fr\/wp-json\/wp\/v2\/product_tag?post=199627"},{"taxonomy":"woo-feed-brand","embeddable":true,"href":"https:\/\/shop.moldbrothers.com\/fr\/wp-json\/wp\/v2\/woo-feed-brand?post=199627"}],"curies":[{"name":"wp","href":"https:\/\/api.w.org\/{rel}","templated":true}]}}