{"id":199567,"date":"2026-03-09T12:57:22","date_gmt":"2026-03-09T11:57:22","guid":{"rendered":"https:\/\/shop.moldbrothers.com\/?post_type=product&#038;p=199567"},"modified":"2026-03-17T14:26:08","modified_gmt":"2026-03-17T13:26:08","slug":"taco-shaper-baking-tool","status":"publish","type":"product","link":"https:\/\/shop.moldbrothers.com\/fr\/produit\/taco-shaper-baking-tool\/","title":{"rendered":"Outils Square Taco"},"content":{"rendered":"","protected":false},"excerpt":{"rendered":"<p>Notre Taco Shaper et l'outil de cuisson Taco r\u00e9cemment lanc\u00e9 sont fabriqu\u00e9s en acier inoxydable de haute qualit\u00e9 aux Pays-Bas et sont parfaitement s\u00fbrs pour l'alimentation.<\/p>\n<p>Le Taco Shaper permet de plier presque n'importe quoi pour lui donner la forme parfaite d'un taco. L'outil de cuisson des tacos permet de cuire tout ce qui a la forme parfaite d'un taco. Les deux outils peuvent \u00eatre utilis\u00e9s \u00e0 froid, au four ou \u00e0 la po\u00eale. *La combinaison parfaite pour faire des tacos avec de la p\u00e2te filo.<\/p>","protected":false},"featured_media":199558,"template":"","meta":{"_seopress_robots_primary_cat":"none","_seopress_titles_title":"Square Taco Tools | Single-Bite | MoldBrothers","_seopress_titles_desc":"The Square Taco Tool bends almost anything into a perfect square taco. The tool can be used for both cold and hot applications.","_seopress_robots_index":""},"product_brand":[],"product_cat":[192],"product_tag":[1285,1502,1503,1501],"woo-feed-brand":[],"class_list":{"0":"post-199567","1":"product","2":"type-product","3":"status-publish","4":"has-post-thumbnail","6":"product_cat-kitchen-essentials","7":"product_tag-bite","8":"product_tag-single","9":"product_tag-single-bite-2","10":"product_tag-single-bite","12":"first","13":"instock","14":"taxable","15":"shipping-taxable","16":"product-type-grouped"},"_links":{"self":[{"href":"https:\/\/shop.moldbrothers.com\/fr\/wp-json\/wp\/v2\/product\/199567","targetHints":{"allow":["GET"]}}],"collection":[{"href":"https:\/\/shop.moldbrothers.com\/fr\/wp-json\/wp\/v2\/product"}],"about":[{"href":"https:\/\/shop.moldbrothers.com\/fr\/wp-json\/wp\/v2\/types\/product"}],"wp:featuredmedia":[{"embeddable":true,"href":"https:\/\/shop.moldbrothers.com\/fr\/wp-json\/wp\/v2\/media\/199558"}],"wp:attachment":[{"href":"https:\/\/shop.moldbrothers.com\/fr\/wp-json\/wp\/v2\/media?parent=199567"}],"wp:term":[{"taxonomy":"product_brand","embeddable":true,"href":"https:\/\/shop.moldbrothers.com\/fr\/wp-json\/wp\/v2\/product_brand?post=199567"},{"taxonomy":"product_cat","embeddable":true,"href":"https:\/\/shop.moldbrothers.com\/fr\/wp-json\/wp\/v2\/product_cat?post=199567"},{"taxonomy":"product_tag","embeddable":true,"href":"https:\/\/shop.moldbrothers.com\/fr\/wp-json\/wp\/v2\/product_tag?post=199567"},{"taxonomy":"woo-feed-brand","embeddable":true,"href":"https:\/\/shop.moldbrothers.com\/fr\/wp-json\/wp\/v2\/woo-feed-brand?post=199567"}],"curies":[{"name":"wp","href":"https:\/\/api.w.org\/{rel}","templated":true}]}}