{"id":199137,"date":"2026-02-18T16:03:26","date_gmt":"2026-02-18T15:03:26","guid":{"rendered":"https:\/\/shop.moldbrothers.com\/?post_type=product&#038;p=199137"},"modified":"2026-03-11T09:54:59","modified_gmt":"2026-03-11T08:54:59","slug":"taco-baking-tool","status":"publish","type":"product","link":"https:\/\/shop.moldbrothers.com\/fr\/produit\/taco-baking-tool\/","title":{"rendered":"Outil de cuisson pour tacos"},"content":{"rendered":"","protected":false},"excerpt":{"rendered":"<p>Cet outil de cuisson pour tacos en acier inoxydable de haute qualit\u00e9, fabriqu\u00e9 aux Pays-Bas et s\u00fbr pour les aliments, permet de cuire tous les aliments dans la forme parfaite d'un tacos et supporte toutes les temp\u00e9ratures, de l'utilisation \u00e0 froid au four ou \u00e0 la po\u00eale.<\/p>","protected":false},"featured_media":199551,"template":"","meta":{"_seopress_robots_primary_cat":"none","_seopress_titles_title":"","_seopress_titles_desc":"","_seopress_robots_index":""},"product_brand":[],"product_cat":[1497,192,231],"product_tag":[],"woo-feed-brand":[],"class_list":{"0":"post-199137","1":"product","2":"type-product","3":"status-publish","4":"has-post-thumbnail","6":"product_cat-highlights","7":"product_cat-kitchen-essentials","8":"product_cat-hidden","10":"first","11":"instock","12":"taxable","13":"shipping-taxable","14":"purchasable","15":"product-type-simple"},"_links":{"self":[{"href":"https:\/\/shop.moldbrothers.com\/fr\/wp-json\/wp\/v2\/product\/199137","targetHints":{"allow":["GET"]}}],"collection":[{"href":"https:\/\/shop.moldbrothers.com\/fr\/wp-json\/wp\/v2\/product"}],"about":[{"href":"https:\/\/shop.moldbrothers.com\/fr\/wp-json\/wp\/v2\/types\/product"}],"wp:featuredmedia":[{"embeddable":true,"href":"https:\/\/shop.moldbrothers.com\/fr\/wp-json\/wp\/v2\/media\/199551"}],"wp:attachment":[{"href":"https:\/\/shop.moldbrothers.com\/fr\/wp-json\/wp\/v2\/media?parent=199137"}],"wp:term":[{"taxonomy":"product_brand","embeddable":true,"href":"https:\/\/shop.moldbrothers.com\/fr\/wp-json\/wp\/v2\/product_brand?post=199137"},{"taxonomy":"product_cat","embeddable":true,"href":"https:\/\/shop.moldbrothers.com\/fr\/wp-json\/wp\/v2\/product_cat?post=199137"},{"taxonomy":"product_tag","embeddable":true,"href":"https:\/\/shop.moldbrothers.com\/fr\/wp-json\/wp\/v2\/product_tag?post=199137"},{"taxonomy":"woo-feed-brand","embeddable":true,"href":"https:\/\/shop.moldbrothers.com\/fr\/wp-json\/wp\/v2\/woo-feed-brand?post=199137"}],"curies":[{"name":"wp","href":"https:\/\/api.w.org\/{rel}","templated":true}]}}