{"id":199136,"date":"2026-03-09T12:55:53","date_gmt":"2026-03-09T11:55:53","guid":{"rendered":"https:\/\/shop.moldbrothers.com\/?post_type=product&#038;p=199136"},"modified":"2026-03-31T14:37:02","modified_gmt":"2026-03-31T12:37:02","slug":"mini-tartelette-mold","status":"publish","type":"product","link":"https:\/\/shop.moldbrothers.com\/fr\/produit\/mini-tartelette-mold\/","title":{"rendered":"Mini Tartelette Mold"},"content":{"rendered":"","protected":false},"excerpt":{"rendered":"<p>Ce moule en silicone de haute qualit\u00e9 est con\u00e7u pour r\u00e9aliser des tartelettes nervur\u00e9es en une seule bouch\u00e9e. Il comporte 4 formes et est fabriqu\u00e9 en silicone alimentaire 100%.<\/p>\n<p>Le silicone est plus ferme que nos moules en silicone standard, ce qui lui conf\u00e8re une plus grande stabilit\u00e9 et une meilleure d\u00e9finition des d\u00e9tails nervur\u00e9s. Le moule r\u00e9siste \u00e0 des temp\u00e9ratures allant de -40\u00b0C \u00e0 +200\u00b0C, ce qui permet de l'utiliser aussi bien dans les cong\u00e9lateurs que dans les fours.<\/p>","protected":false},"featured_media":199569,"template":"","meta":{"_seopress_robots_primary_cat":"none","_seopress_titles_title":"Mini Tartelette Mold | Single-Bite | MoldBrothers","_seopress_titles_desc":"A perfect single bite: easy to garnish, elegant to serve, and a refined way to begin any menu. Using our new, stiffer silicone blend, this mold releases cleanly every time. Creating sharp, defined ridges.","_seopress_robots_index":""},"product_brand":[],"product_cat":[1497,913],"product_tag":[1285,1502,1503,1501],"woo-feed-brand":[],"class_list":{"0":"post-199136","1":"product","2":"type-product","3":"status-publish","4":"has-post-thumbnail","6":"product_cat-highlights","7":"product_cat-tartelette-molds","8":"product_tag-bite","9":"product_tag-single","10":"product_tag-single-bite-2","11":"product_tag-single-bite","13":"first","14":"instock","15":"taxable","16":"shipping-taxable","17":"purchasable","18":"product-type-simple"},"_links":{"self":[{"href":"https:\/\/shop.moldbrothers.com\/fr\/wp-json\/wp\/v2\/product\/199136","targetHints":{"allow":["GET"]}}],"collection":[{"href":"https:\/\/shop.moldbrothers.com\/fr\/wp-json\/wp\/v2\/product"}],"about":[{"href":"https:\/\/shop.moldbrothers.com\/fr\/wp-json\/wp\/v2\/types\/product"}],"wp:featuredmedia":[{"embeddable":true,"href":"https:\/\/shop.moldbrothers.com\/fr\/wp-json\/wp\/v2\/media\/199569"}],"wp:attachment":[{"href":"https:\/\/shop.moldbrothers.com\/fr\/wp-json\/wp\/v2\/media?parent=199136"}],"wp:term":[{"taxonomy":"product_brand","embeddable":true,"href":"https:\/\/shop.moldbrothers.com\/fr\/wp-json\/wp\/v2\/product_brand?post=199136"},{"taxonomy":"product_cat","embeddable":true,"href":"https:\/\/shop.moldbrothers.com\/fr\/wp-json\/wp\/v2\/product_cat?post=199136"},{"taxonomy":"product_tag","embeddable":true,"href":"https:\/\/shop.moldbrothers.com\/fr\/wp-json\/wp\/v2\/product_tag?post=199136"},{"taxonomy":"woo-feed-brand","embeddable":true,"href":"https:\/\/shop.moldbrothers.com\/fr\/wp-json\/wp\/v2\/woo-feed-brand?post=199136"}],"curies":[{"name":"wp","href":"https:\/\/api.w.org\/{rel}","templated":true}]}}