{"id":198776,"date":"2026-02-11T15:29:55","date_gmt":"2026-02-11T14:29:55","guid":{"rendered":"https:\/\/shop.moldbrothers.com\/?post_type=product&#038;p=198776"},"modified":"2026-03-09T09:05:20","modified_gmt":"2026-03-09T08:05:20","slug":"eclair-mold","status":"publish","type":"product","link":"https:\/\/shop.moldbrothers.com\/fr\/produit\/eclair-mold\/","title":{"rendered":"\u00c9clair Mold"},"content":{"rendered":"","protected":false},"excerpt":{"rendered":"<p>Moule en silicone de haute qualit\u00e9 ayant la forme d'un \u00e9clair mince et fin. Con\u00e7u pour cr\u00e9er un \u00e9clair mince convenant \u00e0 tout type de garniture. Le moule comporte 13 formes et est fabriqu\u00e9 en silicone alimentaire 100%. Ce moule r\u00e9siste \u00e0 des temp\u00e9ratures allant de -40\u00b0C \u00e0 +200\u00b0C, ce qui le rend compatible avec les cong\u00e9lateurs \u00e0 chocs et les fours.<\/p>\n<p>Vous pouvez trouver la recette <a href=\"https:\/\/moldbrothers.com\/recipes\/basic-choux-recipe-for-silicone-molds\/\" target=\"_blank\" rel=\"noopener\">ici<\/a><\/p>","protected":false},"featured_media":198783,"template":"","meta":{"_seopress_robots_primary_cat":"none","_seopress_titles_title":"","_seopress_titles_desc":"","_seopress_robots_index":""},"product_brand":[],"product_cat":[159,194],"product_tag":[],"woo-feed-brand":[],"class_list":{"0":"post-198776","1":"product","2":"type-product","3":"status-publish","4":"has-post-thumbnail","6":"product_cat-3dmolds","7":"product_cat-realistic","9":"first","10":"instock","11":"taxable","12":"shipping-taxable","13":"purchasable","14":"product-type-simple"},"_links":{"self":[{"href":"https:\/\/shop.moldbrothers.com\/fr\/wp-json\/wp\/v2\/product\/198776","targetHints":{"allow":["GET"]}}],"collection":[{"href":"https:\/\/shop.moldbrothers.com\/fr\/wp-json\/wp\/v2\/product"}],"about":[{"href":"https:\/\/shop.moldbrothers.com\/fr\/wp-json\/wp\/v2\/types\/product"}],"wp:featuredmedia":[{"embeddable":true,"href":"https:\/\/shop.moldbrothers.com\/fr\/wp-json\/wp\/v2\/media\/198783"}],"wp:attachment":[{"href":"https:\/\/shop.moldbrothers.com\/fr\/wp-json\/wp\/v2\/media?parent=198776"}],"wp:term":[{"taxonomy":"product_brand","embeddable":true,"href":"https:\/\/shop.moldbrothers.com\/fr\/wp-json\/wp\/v2\/product_brand?post=198776"},{"taxonomy":"product_cat","embeddable":true,"href":"https:\/\/shop.moldbrothers.com\/fr\/wp-json\/wp\/v2\/product_cat?post=198776"},{"taxonomy":"product_tag","embeddable":true,"href":"https:\/\/shop.moldbrothers.com\/fr\/wp-json\/wp\/v2\/product_tag?post=198776"},{"taxonomy":"woo-feed-brand","embeddable":true,"href":"https:\/\/shop.moldbrothers.com\/fr\/wp-json\/wp\/v2\/woo-feed-brand?post=198776"}],"curies":[{"name":"wp","href":"https:\/\/api.w.org\/{rel}","templated":true}]}}