{"id":195690,"date":"2025-12-12T15:14:59","date_gmt":"2025-12-12T14:14:59","guid":{"rendered":"https:\/\/shop.moldbrothers.com\/?post_type=product&#038;p=195690"},"modified":"2025-12-12T15:22:52","modified_gmt":"2025-12-12T14:22:52","slug":"circle-stencil-9-cm","status":"publish","type":"product","link":"https:\/\/shop.moldbrothers.com\/fr\/produit\/circle-stencil-9-cm\/","title":{"rendered":"Pochoir cercle 9 cm"},"content":{"rendered":"","protected":false},"excerpt":{"rendered":"<p>Ce pochoir circulaire en polystyr\u00e8ne de 1 mm d'\u00e9paisseur peut \u00eatre utilis\u00e9 pour \u00e9taler des tuiles fines, par exemple de l'isomalt ou de la meringue.<\/p>\n<p>Le pochoir est\u00a0<strong>pas<\/strong>\u00a0lave-vaisselle. Nous recommandons de rincer le pochoir \u00e0 l&#039;eau ti\u00e8de (40\u00b0C) sans utiliser de d\u00e9tergent.<\/p>\n<p><strong>Taille du pochoir : 42 cm x 29,7 cm<br \/>\n<\/strong><strong>Taille Forme : 9 \u00d8 cm<\/strong><strong><br \/>\nNombre de formes : 11 pc.<br \/>\nPoids : 50 grammes<\/strong><\/p>","protected":false},"featured_media":195697,"template":"","meta":{"_seopress_robots_primary_cat":"none","_seopress_titles_title":"","_seopress_titles_desc":"","_seopress_robots_index":""},"product_brand":[],"product_cat":[198,231],"product_tag":[],"woo-feed-brand":[],"class_list":{"0":"post-195690","1":"product","2":"type-product","3":"status-publish","4":"has-post-thumbnail","6":"product_cat-a3-stencils","7":"product_cat-hidden","9":"first","10":"instock","11":"taxable","12":"shipping-taxable","13":"purchasable","14":"product-type-simple"},"_links":{"self":[{"href":"https:\/\/shop.moldbrothers.com\/fr\/wp-json\/wp\/v2\/product\/195690","targetHints":{"allow":["GET"]}}],"collection":[{"href":"https:\/\/shop.moldbrothers.com\/fr\/wp-json\/wp\/v2\/product"}],"about":[{"href":"https:\/\/shop.moldbrothers.com\/fr\/wp-json\/wp\/v2\/types\/product"}],"wp:featuredmedia":[{"embeddable":true,"href":"https:\/\/shop.moldbrothers.com\/fr\/wp-json\/wp\/v2\/media\/195697"}],"wp:attachment":[{"href":"https:\/\/shop.moldbrothers.com\/fr\/wp-json\/wp\/v2\/media?parent=195690"}],"wp:term":[{"taxonomy":"product_brand","embeddable":true,"href":"https:\/\/shop.moldbrothers.com\/fr\/wp-json\/wp\/v2\/product_brand?post=195690"},{"taxonomy":"product_cat","embeddable":true,"href":"https:\/\/shop.moldbrothers.com\/fr\/wp-json\/wp\/v2\/product_cat?post=195690"},{"taxonomy":"product_tag","embeddable":true,"href":"https:\/\/shop.moldbrothers.com\/fr\/wp-json\/wp\/v2\/product_tag?post=195690"},{"taxonomy":"woo-feed-brand","embeddable":true,"href":"https:\/\/shop.moldbrothers.com\/fr\/wp-json\/wp\/v2\/woo-feed-brand?post=195690"}],"curies":[{"name":"wp","href":"https:\/\/api.w.org\/{rel}","templated":true}]}}