{"id":195565,"date":"2025-12-11T10:45:45","date_gmt":"2025-12-11T09:45:45","guid":{"rendered":"https:\/\/shop.moldbrothers.com\/?post_type=product&#038;p=195565"},"modified":"2025-12-11T11:17:29","modified_gmt":"2025-12-11T10:17:29","slug":"layer-frame-large-kit-1x-base-4x-pins-6x-ring-6mm","status":"publish","type":"product","link":"https:\/\/shop.moldbrothers.com\/fr\/produit\/layer-frame-large-kit-1x-base-4x-pins-6x-ring-6mm\/","title":{"rendered":"Layer Frame Large Kit - 1x Base + 4x Pins + 5x Ring 6mm"},"content":{"rendered":"","protected":false},"excerpt":{"rendered":"<p>Un moule en silicone de haute qualit\u00e9 en forme de XX. Le moule a une forme unique et est fabriqu\u00e9 en silicone alimentaire 100%.<\/p>\n<p>Ce moule est capable de r\u00e9sister \u00e0 des temp\u00e9ratures allant de -40\u00b0C \u00e0 +200\u00b0C, ce qui permet de l'utiliser aussi bien dans les cong\u00e9lateurs (chocs) que dans les fours.<\/p>","protected":false},"featured_media":195569,"template":"","meta":{"_seopress_robots_primary_cat":"none","_seopress_titles_title":"","_seopress_titles_desc":"","_seopress_robots_index":""},"product_brand":[],"product_cat":[192,231],"product_tag":[],"woo-feed-brand":[],"class_list":{"0":"post-195565","1":"product","2":"type-product","3":"status-publish","4":"has-post-thumbnail","6":"product_cat-kitchen-essentials","7":"product_cat-hidden","9":"first","10":"instock","11":"sale","12":"taxable","13":"shipping-taxable","14":"purchasable","15":"product-type-simple"},"_links":{"self":[{"href":"https:\/\/shop.moldbrothers.com\/fr\/wp-json\/wp\/v2\/product\/195565","targetHints":{"allow":["GET"]}}],"collection":[{"href":"https:\/\/shop.moldbrothers.com\/fr\/wp-json\/wp\/v2\/product"}],"about":[{"href":"https:\/\/shop.moldbrothers.com\/fr\/wp-json\/wp\/v2\/types\/product"}],"wp:featuredmedia":[{"embeddable":true,"href":"https:\/\/shop.moldbrothers.com\/fr\/wp-json\/wp\/v2\/media\/195569"}],"wp:attachment":[{"href":"https:\/\/shop.moldbrothers.com\/fr\/wp-json\/wp\/v2\/media?parent=195565"}],"wp:term":[{"taxonomy":"product_brand","embeddable":true,"href":"https:\/\/shop.moldbrothers.com\/fr\/wp-json\/wp\/v2\/product_brand?post=195565"},{"taxonomy":"product_cat","embeddable":true,"href":"https:\/\/shop.moldbrothers.com\/fr\/wp-json\/wp\/v2\/product_cat?post=195565"},{"taxonomy":"product_tag","embeddable":true,"href":"https:\/\/shop.moldbrothers.com\/fr\/wp-json\/wp\/v2\/product_tag?post=195565"},{"taxonomy":"woo-feed-brand","embeddable":true,"href":"https:\/\/shop.moldbrothers.com\/fr\/wp-json\/wp\/v2\/woo-feed-brand?post=195565"}],"curies":[{"name":"wp","href":"https:\/\/api.w.org\/{rel}","templated":true}]}}