{"id":192792,"date":"2025-11-01T11:18:00","date_gmt":"2025-11-01T10:18:00","guid":{"rendered":"https:\/\/shop.moldbrothers.com\/?post_type=product&#038;p=192792"},"modified":"2026-02-26T10:05:07","modified_gmt":"2026-02-26T09:05:07","slug":"realistic-foie-gras-mold","status":"publish","type":"product","link":"https:\/\/shop.moldbrothers.com\/fr\/produit\/realistic-foie-gras-mold\/","title":{"rendered":"Foie gras r\u00e9aliste Mold"},"content":{"rendered":"<div class=\"wp-block-columns is-layout-flex wp-container-core-columns-is-layout-9d6595d7 wp-block-columns-is-layout-flex\">\n<div class=\"wp-block-column is-vertically-aligned-center is-layout-flow wp-block-column-is-layout-flow\" style=\"flex-basis:50%\"><div class=\"wp-block-image is-style-default\">\n<figure class=\"alignright size-full\"><a href=\"https:\/\/shop.moldbrothers.com\/wp-content\/uploads\/2024\/09\/cielblue_2.png\"><img decoding=\"async\" width=\"750\" height=\"750\" src=\"https:\/\/shop.moldbrothers.com\/wp-content\/uploads\/2024\/09\/cielblue_2.png\" alt=\"\" class=\"wp-image-168942\" style=\"object-fit:cover\" srcset=\"https:\/\/shop.moldbrothers.com\/wp-content\/uploads\/2024\/09\/cielblue_2.png 750w, https:\/\/shop.moldbrothers.com\/wp-content\/uploads\/2024\/09\/cielblue_2-150x150.png 150w, https:\/\/shop.moldbrothers.com\/wp-content\/uploads\/2024\/09\/cielblue_2-12x12.png 12w, https:\/\/shop.moldbrothers.com\/wp-content\/uploads\/2024\/09\/cielblue_2-100x100.png 100w\" sizes=\"(max-width: 750px) 100vw, 750px\" \/><\/a><\/figure>\n<\/div><\/div>\n\n\n\n<div class=\"wp-block-column is-layout-flow wp-block-column-is-layout-flow\" style=\"flex-basis:35.09%\">\n<h6 class=\"wp-block-heading\">Collaboration<\/h6>\n\n\n\n<h2 class=\"wp-block-heading\">\u00c0 propos des chefs<\/h2>\n\n\n\n<p>Mike Klaassen, ancien candidat au Bocuse d'Or, a eu l'id\u00e9e de cr\u00e9er un moule inspir\u00e9 de l'escalope de foie classique. Il a \u00e9t\u00e9 encourag\u00e9 \u00e0 d\u00e9velopper ce concept par Arjan Speelman, chef ex\u00e9cutif et directeur du Ciel Bleu \u00e0 l'h\u00f4tel Okura Amsterdam. Mike est actuellement chef de cuisine au Ciel Bleu, apr\u00e8s avoir acquis tr\u00e8s jeune une exp\u00e9rience remarquable dans des restaurants tels que le Restaurant Amber** \u00e0 Hong Kong et The French Laundry**.<\/p>\n\n\n\n<figure class=\"wp-block-image size-full is-resized\"><a href=\"https:\/\/shop.moldbrothers.com\/wp-content\/uploads\/2024\/09\/cielblue-logo.png\"><img decoding=\"async\" width=\"750\" height=\"750\" src=\"https:\/\/shop.moldbrothers.com\/wp-content\/uploads\/2024\/09\/cielblue-logo.png\" alt=\"\" class=\"wp-image-168941\" style=\"width:160px\" srcset=\"https:\/\/shop.moldbrothers.com\/wp-content\/uploads\/2024\/09\/cielblue-logo.png 750w, https:\/\/shop.moldbrothers.com\/wp-content\/uploads\/2024\/09\/cielblue-logo-150x150.png 150w, https:\/\/shop.moldbrothers.com\/wp-content\/uploads\/2024\/09\/cielblue-logo-12x12.png 12w, https:\/\/shop.moldbrothers.com\/wp-content\/uploads\/2024\/09\/cielblue-logo-100x100.png 100w\" sizes=\"(max-width: 750px) 100vw, 750px\" \/><\/a><\/figure>\n<\/div>\n<\/div>\n\n\n\n<p><\/p>","protected":false},"excerpt":{"rendered":"<p>Un moule en silicone de haute qualit\u00e9 con\u00e7u pour cr\u00e9er une pr\u00e9paration classique d'escalope de foie. Ce moule comporte cinq formes et est fabriqu\u00e9 en silicone alimentaire 100%. Il r\u00e9siste \u00e0 des temp\u00e9ratures allant de -40 \u00b0C \u00e0 +200 \u00b0C, ce qui permet de l'utiliser aussi bien au cong\u00e9lateur (\u00e0 air puls\u00e9) qu'au four.<\/p>\n<p><em>*En outre, vous recevrez une carte de recettes imprim\u00e9e par les chefs Mike Klaassen et Arjan Speelman de Ciel Bleu, pr\u00e9sentant leur recette de mousse de foie de volaille et leur recette v\u00e9g\u00e9talienne.<\/em><\/p>","protected":false},"featured_media":192802,"template":"","meta":{"_seopress_robots_primary_cat":"none","_seopress_titles_title":"","_seopress_titles_desc":"","_seopress_robots_index":""},"product_brand":[],"product_cat":[159,194],"product_tag":[],"woo-feed-brand":[],"class_list":{"0":"post-192792","1":"product","2":"type-product","3":"status-publish","4":"has-post-thumbnail","6":"product_cat-3dmolds","7":"product_cat-realistic","9":"first","10":"instock","11":"taxable","12":"shipping-taxable","13":"purchasable","14":"product-type-simple"},"_links":{"self":[{"href":"https:\/\/shop.moldbrothers.com\/fr\/wp-json\/wp\/v2\/product\/192792","targetHints":{"allow":["GET"]}}],"collection":[{"href":"https:\/\/shop.moldbrothers.com\/fr\/wp-json\/wp\/v2\/product"}],"about":[{"href":"https:\/\/shop.moldbrothers.com\/fr\/wp-json\/wp\/v2\/types\/product"}],"wp:featuredmedia":[{"embeddable":true,"href":"https:\/\/shop.moldbrothers.com\/fr\/wp-json\/wp\/v2\/media\/192802"}],"wp:attachment":[{"href":"https:\/\/shop.moldbrothers.com\/fr\/wp-json\/wp\/v2\/media?parent=192792"}],"wp:term":[{"taxonomy":"product_brand","embeddable":true,"href":"https:\/\/shop.moldbrothers.com\/fr\/wp-json\/wp\/v2\/product_brand?post=192792"},{"taxonomy":"product_cat","embeddable":true,"href":"https:\/\/shop.moldbrothers.com\/fr\/wp-json\/wp\/v2\/product_cat?post=192792"},{"taxonomy":"product_tag","embeddable":true,"href":"https:\/\/shop.moldbrothers.com\/fr\/wp-json\/wp\/v2\/product_tag?post=192792"},{"taxonomy":"woo-feed-brand","embeddable":true,"href":"https:\/\/shop.moldbrothers.com\/fr\/wp-json\/wp\/v2\/woo-feed-brand?post=192792"}],"curies":[{"name":"wp","href":"https:\/\/api.w.org\/{rel}","templated":true}]}}