{"id":191477,"date":"2025-11-05T07:55:47","date_gmt":"2025-11-05T06:55:47","guid":{"rendered":"https:\/\/shop.moldbrothers.com\/?post_type=product&#038;p=191477"},"modified":"2026-02-26T10:02:17","modified_gmt":"2026-02-26T09:02:17","slug":"aurora-mold","status":"publish","type":"product","link":"https:\/\/shop.moldbrothers.com\/fr\/produit\/aurora-mold\/","title":{"rendered":"Aurore Mold"},"content":{"rendered":"","protected":false},"excerpt":{"rendered":"<p>Un moule en silicone de haute qualit\u00e9 contenant des formes inspir\u00e9es de l'Aurore. Le moule comporte quatre formes et est fabriqu\u00e9 en silicone alimentaire 100%. Ce moule est capable de r\u00e9sister \u00e0 des temp\u00e9ratures allant de -40\u00b0C \u00e0 +200\u00b0C, ce qui permet de l'utiliser aussi bien dans les cong\u00e9lateurs (chocs) que dans les fours.<\/p>","protected":false},"featured_media":191513,"template":"","meta":{"_seopress_robots_primary_cat":"none","_seopress_titles_title":"","_seopress_titles_desc":"","_seopress_robots_index":""},"product_brand":[],"product_cat":[159,229,184],"product_tag":[504,1491,1437,1465,1448,1466,503,1003,1000,1195,1002,500],"woo-feed-brand":[],"class_list":{"0":"post-191477","1":"product","2":"type-product","3":"status-publish","4":"has-post-thumbnail","6":"product_cat-3dmolds","7":"product_cat-abstract","8":"product_cat-highlighted-products","9":"product_tag-christmas","10":"product_tag-end-of-year","11":"product_tag-festive","12":"product_tag-hiver","13":"product_tag-holiday","14":"product_tag-inverno","15":"product_tag-kerst","16":"product_tag-navidad","17":"product_tag-noel","18":"product_tag-seasonal","19":"product_tag-weihnachten","20":"product_tag-winter","22":"first","23":"instock","24":"taxable","25":"shipping-taxable","26":"purchasable","27":"product-type-simple"},"_links":{"self":[{"href":"https:\/\/shop.moldbrothers.com\/fr\/wp-json\/wp\/v2\/product\/191477","targetHints":{"allow":["GET"]}}],"collection":[{"href":"https:\/\/shop.moldbrothers.com\/fr\/wp-json\/wp\/v2\/product"}],"about":[{"href":"https:\/\/shop.moldbrothers.com\/fr\/wp-json\/wp\/v2\/types\/product"}],"wp:featuredmedia":[{"embeddable":true,"href":"https:\/\/shop.moldbrothers.com\/fr\/wp-json\/wp\/v2\/media\/191513"}],"wp:attachment":[{"href":"https:\/\/shop.moldbrothers.com\/fr\/wp-json\/wp\/v2\/media?parent=191477"}],"wp:term":[{"taxonomy":"product_brand","embeddable":true,"href":"https:\/\/shop.moldbrothers.com\/fr\/wp-json\/wp\/v2\/product_brand?post=191477"},{"taxonomy":"product_cat","embeddable":true,"href":"https:\/\/shop.moldbrothers.com\/fr\/wp-json\/wp\/v2\/product_cat?post=191477"},{"taxonomy":"product_tag","embeddable":true,"href":"https:\/\/shop.moldbrothers.com\/fr\/wp-json\/wp\/v2\/product_tag?post=191477"},{"taxonomy":"woo-feed-brand","embeddable":true,"href":"https:\/\/shop.moldbrothers.com\/fr\/wp-json\/wp\/v2\/woo-feed-brand?post=191477"}],"curies":[{"name":"wp","href":"https:\/\/api.w.org\/{rel}","templated":true}]}}