{"id":191475,"date":"2024-10-22T15:37:00","date_gmt":"2024-10-22T13:37:00","guid":{"rendered":"https:\/\/shop.moldbrothers.com\/?post_type=product&#038;p=191475"},"modified":"2026-01-27T17:12:04","modified_gmt":"2026-01-27T16:12:04","slug":"mistletoe-tuille-mold","status":"publish","type":"product","link":"https:\/\/shop.moldbrothers.com\/fr\/produit\/mistletoe-tuille-mold\/","title":{"rendered":"Anneau de gui Tuille Mold"},"content":{"rendered":"","protected":false},"excerpt":{"rendered":"<p>Un moule en silicone de haute qualit\u00e9 contenant des formes de gui. Le moule comporte trois formes et est fabriqu\u00e9 en silicone alimentaire 100%. Ce moule est capable de r\u00e9sister \u00e0 des temp\u00e9ratures allant de -40\u00b0C \u00e0 +200\u00b0C, ce qui permet de l'utiliser aussi bien dans les cong\u00e9lateurs (chocs) que dans les fours.<\/p>","protected":false},"featured_media":191511,"template":"","meta":{"_seopress_robots_primary_cat":"none","_seopress_titles_title":"","_seopress_titles_desc":"","_seopress_robots_index":""},"product_brand":[],"product_cat":[228,203,184],"product_tag":[504,1471,1470,1465,1472,1466,503,1468,1003,1000,1469,558,1002,500,1467],"woo-feed-brand":[],"class_list":{"0":"post-191475","1":"product","2":"type-product","3":"status-publish","4":"has-post-thumbnail","6":"product_cat-2dmolds","7":"product_cat-graphic","8":"product_cat-highlighted-products","9":"product_tag-christmas","10":"product_tag-festive-plating","11":"product_tag-garnish-mold","12":"product_tag-hiver","13":"product_tag-holiday-menu","14":"product_tag-inverno","15":"product_tag-kerst","16":"product_tag-mistletoe","17":"product_tag-navidad","18":"product_tag-noel","19":"product_tag-round-mold","20":"product_tag-tuille","21":"product_tag-weihnachten","22":"product_tag-winter","23":"product_tag-winter-garnish","25":"first","26":"instock","27":"taxable","28":"shipping-taxable","29":"purchasable","30":"product-type-simple"},"_links":{"self":[{"href":"https:\/\/shop.moldbrothers.com\/fr\/wp-json\/wp\/v2\/product\/191475","targetHints":{"allow":["GET"]}}],"collection":[{"href":"https:\/\/shop.moldbrothers.com\/fr\/wp-json\/wp\/v2\/product"}],"about":[{"href":"https:\/\/shop.moldbrothers.com\/fr\/wp-json\/wp\/v2\/types\/product"}],"wp:featuredmedia":[{"embeddable":true,"href":"https:\/\/shop.moldbrothers.com\/fr\/wp-json\/wp\/v2\/media\/191511"}],"wp:attachment":[{"href":"https:\/\/shop.moldbrothers.com\/fr\/wp-json\/wp\/v2\/media?parent=191475"}],"wp:term":[{"taxonomy":"product_brand","embeddable":true,"href":"https:\/\/shop.moldbrothers.com\/fr\/wp-json\/wp\/v2\/product_brand?post=191475"},{"taxonomy":"product_cat","embeddable":true,"href":"https:\/\/shop.moldbrothers.com\/fr\/wp-json\/wp\/v2\/product_cat?post=191475"},{"taxonomy":"product_tag","embeddable":true,"href":"https:\/\/shop.moldbrothers.com\/fr\/wp-json\/wp\/v2\/product_tag?post=191475"},{"taxonomy":"woo-feed-brand","embeddable":true,"href":"https:\/\/shop.moldbrothers.com\/fr\/wp-json\/wp\/v2\/woo-feed-brand?post=191475"}],"curies":[{"name":"wp","href":"https:\/\/api.w.org\/{rel}","templated":true}]}}