{"id":190253,"date":"2025-10-18T10:10:50","date_gmt":"2025-10-18T08:10:50","guid":{"rendered":"https:\/\/shop.moldbrothers.com\/?post_type=product&#038;p=190253"},"modified":"2026-02-26T10:26:39","modified_gmt":"2026-02-26T09:26:39","slug":"wave-mille-feuille-mold","status":"publish","type":"product","link":"https:\/\/shop.moldbrothers.com\/fr\/produit\/wave-mille-feuille-mold\/","title":{"rendered":"Vague Mille-feuille Mold"},"content":{"rendered":"","protected":false},"excerpt":{"rendered":"<p>Un moule SilverSil de haute qualit\u00e9 con\u00e7u pour cr\u00e9er des croustillants ondul\u00e9s de la forme de votre choix. Ce mat\u00e9riau en silicone est un excellent conducteur de chaleur, ce qui permet d'obtenir des performances de cuisson sup\u00e9rieures. Le moule SilverSil est id\u00e9al pour produire des croustillants au chocolat ondul\u00e9s, parfaits comme base pour votre prochain dessert ou comme sous-\u00e9l\u00e9ment raffin\u00e9.<\/p>\n<p>Avec une r\u00e9sistance \u00e0 la temp\u00e9rature de -40\u00b0C \u00e0 +250\u00b0C, ce moule convient aussi bien aux cong\u00e9lateurs (chocs) qu'aux fours.<\/p>","protected":false},"featured_media":190192,"template":"","meta":{"_seopress_robots_primary_cat":"none","_seopress_titles_title":"","_seopress_titles_desc":"","_seopress_robots_index":""},"product_brand":[],"product_cat":[159,193],"product_tag":[],"woo-feed-brand":[],"class_list":{"0":"post-190253","1":"product","2":"type-product","3":"status-publish","4":"has-post-thumbnail","6":"product_cat-3dmolds","7":"product_cat-essentials","9":"first","10":"instock","11":"taxable","12":"shipping-taxable","13":"purchasable","14":"product-type-simple"},"_links":{"self":[{"href":"https:\/\/shop.moldbrothers.com\/fr\/wp-json\/wp\/v2\/product\/190253","targetHints":{"allow":["GET"]}}],"collection":[{"href":"https:\/\/shop.moldbrothers.com\/fr\/wp-json\/wp\/v2\/product"}],"about":[{"href":"https:\/\/shop.moldbrothers.com\/fr\/wp-json\/wp\/v2\/types\/product"}],"wp:featuredmedia":[{"embeddable":true,"href":"https:\/\/shop.moldbrothers.com\/fr\/wp-json\/wp\/v2\/media\/190192"}],"wp:attachment":[{"href":"https:\/\/shop.moldbrothers.com\/fr\/wp-json\/wp\/v2\/media?parent=190253"}],"wp:term":[{"taxonomy":"product_brand","embeddable":true,"href":"https:\/\/shop.moldbrothers.com\/fr\/wp-json\/wp\/v2\/product_brand?post=190253"},{"taxonomy":"product_cat","embeddable":true,"href":"https:\/\/shop.moldbrothers.com\/fr\/wp-json\/wp\/v2\/product_cat?post=190253"},{"taxonomy":"product_tag","embeddable":true,"href":"https:\/\/shop.moldbrothers.com\/fr\/wp-json\/wp\/v2\/product_tag?post=190253"},{"taxonomy":"woo-feed-brand","embeddable":true,"href":"https:\/\/shop.moldbrothers.com\/fr\/wp-json\/wp\/v2\/woo-feed-brand?post=190253"}],"curies":[{"name":"wp","href":"https:\/\/api.w.org\/{rel}","templated":true}]}}