{"id":190151,"date":"2025-10-06T12:50:00","date_gmt":"2025-10-06T10:50:00","guid":{"rendered":"https:\/\/shop.moldbrothers.com\/?post_type=product&#038;p=190151"},"modified":"2026-02-26T10:42:31","modified_gmt":"2026-02-26T09:42:31","slug":"wing-farce-molds","status":"publish","type":"product","link":"https:\/\/shop.moldbrothers.com\/fr\/produit\/wing-farce-molds\/","title":{"rendered":"Farce de l'aile Mold"},"content":{"rendered":"","protected":false},"excerpt":{"rendered":"<p>Un moule en silicone de haute qualit\u00e9 en forme d'aile d'oiseau r\u00e9aliste. Le moule a une forme unique et est fabriqu\u00e9 en silicone alimentaire 100%.<\/p>\n<p>Ce moule est capable de r\u00e9sister \u00e0 des temp\u00e9ratures allant de -40\u00b0C \u00e0 +200\u00b0C, ce qui permet de l'utiliser aussi bien dans les cong\u00e9lateurs (chocs) que dans les fours.<\/p>","protected":false},"featured_media":190121,"template":"","meta":{"_seopress_robots_primary_cat":"none","_seopress_titles_title":"","_seopress_titles_desc":"","_seopress_robots_index":""},"product_brand":[],"product_cat":[159,194],"product_tag":[1458,1459,1413,513,536,515,1457],"woo-feed-brand":[],"class_list":{"0":"post-190151","1":"product","2":"type-product","3":"status-publish","4":"has-post-thumbnail","6":"product_cat-3dmolds","7":"product_cat-realistic","8":"product_tag-al","9":"product_tag-ale","10":"product_tag-autumn","11":"product_tag-chicken","12":"product_tag-fall","13":"product_tag-farce","14":"product_tag-pigeon","16":"first","17":"instock","18":"taxable","19":"shipping-taxable","20":"purchasable","21":"product-type-simple"},"_links":{"self":[{"href":"https:\/\/shop.moldbrothers.com\/fr\/wp-json\/wp\/v2\/product\/190151","targetHints":{"allow":["GET"]}}],"collection":[{"href":"https:\/\/shop.moldbrothers.com\/fr\/wp-json\/wp\/v2\/product"}],"about":[{"href":"https:\/\/shop.moldbrothers.com\/fr\/wp-json\/wp\/v2\/types\/product"}],"wp:featuredmedia":[{"embeddable":true,"href":"https:\/\/shop.moldbrothers.com\/fr\/wp-json\/wp\/v2\/media\/190121"}],"wp:attachment":[{"href":"https:\/\/shop.moldbrothers.com\/fr\/wp-json\/wp\/v2\/media?parent=190151"}],"wp:term":[{"taxonomy":"product_brand","embeddable":true,"href":"https:\/\/shop.moldbrothers.com\/fr\/wp-json\/wp\/v2\/product_brand?post=190151"},{"taxonomy":"product_cat","embeddable":true,"href":"https:\/\/shop.moldbrothers.com\/fr\/wp-json\/wp\/v2\/product_cat?post=190151"},{"taxonomy":"product_tag","embeddable":true,"href":"https:\/\/shop.moldbrothers.com\/fr\/wp-json\/wp\/v2\/product_tag?post=190151"},{"taxonomy":"woo-feed-brand","embeddable":true,"href":"https:\/\/shop.moldbrothers.com\/fr\/wp-json\/wp\/v2\/woo-feed-brand?post=190151"}],"curies":[{"name":"wp","href":"https:\/\/api.w.org\/{rel}","templated":true}]}}