{"id":189634,"date":"2025-09-24T08:24:55","date_gmt":"2025-09-24T06:24:55","guid":{"rendered":"https:\/\/shop.moldbrothers.com\/?post_type=product&#038;p=189634"},"modified":"2026-03-16T08:32:20","modified_gmt":"2026-03-16T07:32:20","slug":"terrine-lineaire-x-alex-dilling","status":"publish","type":"product","link":"https:\/\/shop.moldbrothers.com\/fr\/produit\/terrine-lineaire-x-alex-dilling\/","title":{"rendered":"Terrine Lin\u00e9aire X Alex Dilling"},"content":{"rendered":"<div class=\"wp-block-columns is-layout-flex wp-container-core-columns-is-layout-9d6595d7 wp-block-columns-is-layout-flex\">\n<div class=\"wp-block-column is-vertically-aligned-center is-layout-flow wp-block-column-is-layout-flow\" style=\"flex-basis:50%\"><div class=\"wp-block-image\">\n<figure class=\"alignright size-full\"><img decoding=\"async\" width=\"800\" height=\"555\" src=\"https:\/\/shop.moldbrothers.com\/wp-content\/uploads\/2023\/11\/WhatsApp-Image-2023-11-09-at-16.15.21-edited-1-1.jpeg\" alt=\"\" class=\"wp-image-153455\" style=\"object-fit:cover\" srcset=\"https:\/\/shop.moldbrothers.com\/wp-content\/uploads\/2023\/11\/WhatsApp-Image-2023-11-09-at-16.15.21-edited-1-1.jpeg 800w, https:\/\/shop.moldbrothers.com\/wp-content\/uploads\/2023\/11\/WhatsApp-Image-2023-11-09-at-16.15.21-edited-1-1-768x533.jpeg 768w, https:\/\/shop.moldbrothers.com\/wp-content\/uploads\/2023\/11\/WhatsApp-Image-2023-11-09-at-16.15.21-edited-1-1-18x12.jpeg 18w\" sizes=\"(max-width: 800px) 100vw, 800px\" \/><\/figure>\n<\/div><\/div>\n\n\n\n<div class=\"wp-block-column is-layout-flow wp-block-column-is-layout-flow\" style=\"flex-basis:35.09%\">\n<h6 class=\"wp-block-heading\">Collaboration<\/h6>\n\n\n\n<h2 class=\"wp-block-heading\">\u00c0 propos du chef<\/h2>\n\n\n\n<p>Le chef Alex Dilling, anciennement de The Greenhouse** \u00e0 Londres, apporte maintenant sa ma\u00eetrise culinaire \u00e0 l'H\u00f4tel Caf\u00e9 Royal, offrant une exp\u00e9rience gastronomique intime. Largement reconnu pour ses comp\u00e9tences techniques, Alex poursuit son parcours cr\u00e9atif avec nous, apr\u00e8s le succ\u00e8s de l'\u00e9mission ''The Greenhouse''.<a href=\"https:\/\/shop.moldbrothers.com\/fr\/?sProd=alex+dilling&amp;page=1\" data-type=\"link\" data-id=\"https:\/\/shop.moldbrothers.com\/?sProd=alex+dilling&amp;page=1\">Poulet de chasseur<\/a>' moule.<\/p>\n\n\n\n<p>Pr\u00e9sentation de cette <strong>Terrine Lin\u00e9aire<\/strong> Mold. Compact mais polyvalent, parfait pour les pr\u00e9parations chaudes et froides. Id\u00e9al pour les \u00e9v\u00e9nements et les banquets, il fournit des portions r\u00e9guli\u00e8res avec des possibilit\u00e9s infinies.<\/p>\n\n\n<div class=\"wp-block-image\">\n<figure class=\"alignleft size-full is-resized\"><img decoding=\"async\" width=\"856\" height=\"857\" src=\"https:\/\/shop.moldbrothers.com\/wp-content\/uploads\/2022\/02\/ad-logo.jpeg\" alt=\"\" class=\"wp-image-124029\" style=\"aspect-ratio:0.9988331388564761;width:164px;height:auto\" srcset=\"https:\/\/shop.moldbrothers.com\/wp-content\/uploads\/2022\/02\/ad-logo.jpeg 856w, https:\/\/shop.moldbrothers.com\/wp-content\/uploads\/2022\/02\/ad-logo-100x100.jpeg 100w, https:\/\/shop.moldbrothers.com\/wp-content\/uploads\/2022\/02\/ad-logo-600x601.jpeg 600w, https:\/\/shop.moldbrothers.com\/wp-content\/uploads\/2022\/02\/ad-logo-150x150.jpeg 150w, https:\/\/shop.moldbrothers.com\/wp-content\/uploads\/2022\/02\/ad-logo-12x12.jpeg 12w\" sizes=\"(max-width: 856px) 100vw, 856px\" \/><\/figure>\n<\/div><\/div>\n<\/div>\n\n\n\n<p><\/p>","protected":false},"excerpt":{"rendered":"<p>Un moule en silicone de haute qualit\u00e9 en forme de cylindre torsad\u00e9, con\u00e7u par Alex Dilling**. Le moule a une grande forme (pour 8 personnes) et est fabriqu\u00e9 en silicone alimentaire 100%. Il peut r\u00e9sister \u00e0 des temp\u00e9ratures allant de -40\u00b0C \u00e0 +200\u00b0C, ce qui permet de l'utiliser aussi bien dans les cong\u00e9lateurs (chocs) que dans les fours.<\/p>\n<p><em>*En outre, vous recevrez une carte de recettes de quatre pages du chef Alex Dilling, avec les instructions pour sa \"Terrine de poulet et de pigeon avec foie gras, truffe noire et gla\u00e7age au consomm\u00e9\".<\/em><\/p>","protected":false},"featured_media":189641,"template":"","meta":{"_seopress_robots_primary_cat":"none","_seopress_titles_title":"Terrine Lin\u00e9aire X Alex Dilling | Silicone Mold","_seopress_titles_desc":"The Terrine Lin\u00e9aire X Alex Dilling: a professional silicone mold for 6\u20139 portions, heat resistant -40 \u00b0C to +200 \u00b0C. Includes Alex his recipe card.","_seopress_robots_index":""},"product_brand":[],"product_cat":[159,193],"product_tag":[515],"woo-feed-brand":[],"class_list":{"0":"post-189634","1":"product","2":"type-product","3":"status-publish","4":"has-post-thumbnail","6":"product_cat-3dmolds","7":"product_cat-essentials","8":"product_tag-farce","10":"first","11":"instock","12":"taxable","13":"shipping-taxable","14":"purchasable","15":"product-type-simple"},"_links":{"self":[{"href":"https:\/\/shop.moldbrothers.com\/fr\/wp-json\/wp\/v2\/product\/189634","targetHints":{"allow":["GET"]}}],"collection":[{"href":"https:\/\/shop.moldbrothers.com\/fr\/wp-json\/wp\/v2\/product"}],"about":[{"href":"https:\/\/shop.moldbrothers.com\/fr\/wp-json\/wp\/v2\/types\/product"}],"wp:featuredmedia":[{"embeddable":true,"href":"https:\/\/shop.moldbrothers.com\/fr\/wp-json\/wp\/v2\/media\/189641"}],"wp:attachment":[{"href":"https:\/\/shop.moldbrothers.com\/fr\/wp-json\/wp\/v2\/media?parent=189634"}],"wp:term":[{"taxonomy":"product_brand","embeddable":true,"href":"https:\/\/shop.moldbrothers.com\/fr\/wp-json\/wp\/v2\/product_brand?post=189634"},{"taxonomy":"product_cat","embeddable":true,"href":"https:\/\/shop.moldbrothers.com\/fr\/wp-json\/wp\/v2\/product_cat?post=189634"},{"taxonomy":"product_tag","embeddable":true,"href":"https:\/\/shop.moldbrothers.com\/fr\/wp-json\/wp\/v2\/product_tag?post=189634"},{"taxonomy":"woo-feed-brand","embeddable":true,"href":"https:\/\/shop.moldbrothers.com\/fr\/wp-json\/wp\/v2\/woo-feed-brand?post=189634"}],"curies":[{"name":"wp","href":"https:\/\/api.w.org\/{rel}","templated":true}]}}