{"id":189177,"date":"2025-08-21T17:59:00","date_gmt":"2025-08-21T15:59:00","guid":{"rendered":"https:\/\/shop.moldbrothers.com\/?post_type=product&#038;p=189177"},"modified":"2026-02-26T10:52:08","modified_gmt":"2026-02-26T09:52:08","slug":"realistic-cone-tuille-mold-grouped","status":"publish","type":"product","link":"https:\/\/shop.moldbrothers.com\/fr\/produit\/realistic-cone-tuille-mold-grouped\/","title":{"rendered":"Tuille \u00e0 c\u00f4ne r\u00e9aliste Mold"},"content":{"rendered":"<div class=\"wp-block-columns is-layout-flex wp-container-core-columns-is-layout-9d6595d7 wp-block-columns-is-layout-flex\">\n<div class=\"wp-block-column is-layout-flow wp-block-column-is-layout-flow\" style=\"flex-basis:33.33%\">\n<figure class=\"wp-block-image size-full\"><a href=\"https:\/\/shop.moldbrothers.com\/wp-content\/uploads\/2025\/08\/Cone.png\"><img decoding=\"async\" width=\"1080\" height=\"1920\" src=\"https:\/\/shop.moldbrothers.com\/wp-content\/uploads\/2025\/08\/Cone.png\" alt=\"\" class=\"wp-image-189292\" style=\"aspect-ratio:3\/4;object-fit:cover\" srcset=\"https:\/\/shop.moldbrothers.com\/wp-content\/uploads\/2025\/08\/Cone.png 1080w, https:\/\/shop.moldbrothers.com\/wp-content\/uploads\/2025\/08\/Cone-768x1365.png 768w, https:\/\/shop.moldbrothers.com\/wp-content\/uploads\/2025\/08\/Cone-864x1536.png 864w, https:\/\/shop.moldbrothers.com\/wp-content\/uploads\/2025\/08\/Cone-7x12.png 7w, https:\/\/shop.moldbrothers.com\/wp-content\/uploads\/2025\/08\/Cone-1024x1820.png 1024w\" sizes=\"(max-width: 1080px) 100vw, 1080px\" \/><\/a><\/figure>\n<\/div>\n\n\n\n<div class=\"wp-block-column is-layout-flow wp-block-column-is-layout-flow\" style=\"flex-basis:70%\">\n<h2 class=\"wp-block-heading\">Recette d'algues v\u00e9g\u00e9taliennes de Mike<\/h2>\n\n\n\n<p>M\u00e9langer 75 g de c\u00e9leri-rave cuit avec 75 g d'algues jusqu'\u00e0 obtention d'une masse lisse et homog\u00e8ne. Ajouter 45 g de sucre en poudre, 25 g d'isomalt et 5 g de glucose, puis m\u00e9langer pour obtenir une masse lisse. Laisser reposer le m\u00e9lange au r\u00e9frig\u00e9rateur pendant 15 \u00e0 30 minutes. Pr\u00e9chauffer le four \u00e0 160-170\u00b0C (ventilateur). \u00c9taler finement le m\u00e9lange sur le moule en forme de c\u00f4ne et faire cuire pendant 8 \u00e0 12 minutes, ou jusqu'\u00e0 ce qu'il soit dor\u00e9 et croustillant. Imm\u00e9diatement apr\u00e8s la cuisson, placez le moule sur une plaque m\u00e9tallique chaude et donnez-lui la forme voulue \u00e0 l'aide de l'appareil de cuisson. <strong>Rouleau \u00e0 c\u00f4ne<\/strong> pendant qu'ils sont encore chauds et souples. Laisser refroidir compl\u00e8tement jusqu'\u00e0 ce qu'ils soient croustillants.<\/p>\n<\/div>\n<\/div>","protected":false},"excerpt":{"rendered":"<p>Ce moule en silicone de haute qualit\u00e9 est con\u00e7u pour cr\u00e9er des c\u00f4nes d'amuse-gueule r\u00e9alistes avec des d\u00e9tails de gaufres classiques. Il pr\u00e9sente cinq formes de c\u00f4nes diff\u00e9rentes et plusieurs cavit\u00e9s pour une production efficace. Fabriqu\u00e9 en silicone alimentaire 100%, il r\u00e9siste \u00e0 des temp\u00e9ratures allant de -40\u00b0C \u00e0 +200\u00b0C, ce qui le rend parfait pour les cong\u00e9lateurs (chocs) et les fours.<\/p>","protected":false},"featured_media":188020,"template":"","meta":{"_seopress_robots_primary_cat":"none","_seopress_titles_title":"Cone Tuille Mold","_seopress_titles_desc":"Silicone mold for making realistic cones with waffle texture. Includes five shapes. Food-grade, oven and freezer resistant.","_seopress_robots_index":""},"product_brand":[],"product_cat":[228,237],"product_tag":[829,637,1374,1372,1371,1340,1288,1369,1370,1373,805,1342,1375,1376],"woo-feed-brand":[],"class_list":{"0":"post-189177","1":"product","2":"type-product","3":"status-publish","4":"has-post-thumbnail","6":"product_cat-2dmolds","7":"product_cat-natural","8":"product_tag-amuse","9":"product_tag-cone","10":"product_tag-cono","11":"product_tag-cornet","12":"product_tag-cucurucho","13":"product_tag-fine-dining","14":"product_tag-garnish","15":"product_tag-hoorntje","16":"product_tag-hornchen","17":"product_tag-kon","18":"product_tag-realistic","19":"product_tag-silicone-mold","20":"product_tag-tuille-cone","21":"product_tag-waffle-cone","23":"first","24":"instock","25":"taxable","26":"shipping-taxable","27":"product-type-grouped"},"_links":{"self":[{"href":"https:\/\/shop.moldbrothers.com\/fr\/wp-json\/wp\/v2\/product\/189177","targetHints":{"allow":["GET"]}}],"collection":[{"href":"https:\/\/shop.moldbrothers.com\/fr\/wp-json\/wp\/v2\/product"}],"about":[{"href":"https:\/\/shop.moldbrothers.com\/fr\/wp-json\/wp\/v2\/types\/product"}],"wp:featuredmedia":[{"embeddable":true,"href":"https:\/\/shop.moldbrothers.com\/fr\/wp-json\/wp\/v2\/media\/188020"}],"wp:attachment":[{"href":"https:\/\/shop.moldbrothers.com\/fr\/wp-json\/wp\/v2\/media?parent=189177"}],"wp:term":[{"taxonomy":"product_brand","embeddable":true,"href":"https:\/\/shop.moldbrothers.com\/fr\/wp-json\/wp\/v2\/product_brand?post=189177"},{"taxonomy":"product_cat","embeddable":true,"href":"https:\/\/shop.moldbrothers.com\/fr\/wp-json\/wp\/v2\/product_cat?post=189177"},{"taxonomy":"product_tag","embeddable":true,"href":"https:\/\/shop.moldbrothers.com\/fr\/wp-json\/wp\/v2\/product_tag?post=189177"},{"taxonomy":"woo-feed-brand","embeddable":true,"href":"https:\/\/shop.moldbrothers.com\/fr\/wp-json\/wp\/v2\/woo-feed-brand?post=189177"}],"curies":[{"name":"wp","href":"https:\/\/api.w.org\/{rel}","templated":true}]}}