{"id":188080,"date":"2025-08-21T17:19:37","date_gmt":"2025-08-21T15:19:37","guid":{"rendered":"https:\/\/shop.moldbrothers.com\/?post_type=product&#038;p=188080"},"modified":"2026-02-26T11:06:00","modified_gmt":"2026-02-26T10:06:00","slug":"realistic-onion-tuille-mold","status":"publish","type":"product","link":"https:\/\/shop.moldbrothers.com\/fr\/produit\/realistic-onion-tuille-mold\/","title":{"rendered":"Tuile oignon r\u00e9aliste Mold"},"content":{"rendered":"","protected":false},"excerpt":{"rendered":"<p>Ce moule en silicone de haute qualit\u00e9 est con\u00e7u pour cr\u00e9er des sandwichs \u00e0 l'oignon r\u00e9alistes, en capturant leurs lignes et d\u00e9tails naturels. Avec ce moule, vous pouvez facilement cuire huit tuiles en une seule fois. Fabriqu\u00e9 en silicone alimentaire 100%, il r\u00e9siste \u00e0 des temp\u00e9ratures allant de -40\u00b0C \u00e0 +200\u00b0C, ce qui le rend adapt\u00e9 aux cong\u00e9lateurs (chocs) et aux fours.<\/p>","protected":false},"featured_media":188035,"template":"","meta":{"_seopress_robots_primary_cat":"none","_seopress_titles_title":"Realistic Onion Tuille Mold","_seopress_titles_desc":"Silicone mold designed to make onion tuilles with realistic detail. Food-grade and suitable for freezer and oven use.","_seopress_robots_index":""},"product_brand":[],"product_cat":[228,237],"product_tag":[829,1413,1354,1357,1340,1288,533,1355,1352,1358,805,1342,1356,543,1359,500,1353],"woo-feed-brand":[],"class_list":{"0":"post-188080","1":"product","2":"type-product","3":"status-publish","4":"has-post-thumbnail","6":"product_cat-2dmolds","7":"product_cat-natural","8":"product_tag-amuse","9":"product_tag-autumn","10":"product_tag-cebolla","11":"product_tag-cipolla","12":"product_tag-fine-dining","13":"product_tag-garnish","14":"product_tag-herfst","15":"product_tag-oignon","16":"product_tag-onion","17":"product_tag-onion-sandwich","18":"product_tag-realistic","19":"product_tag-silicone-mold","20":"product_tag-tamanegi","21":"product_tag-ui","22":"product_tag-vegetable-mold","23":"product_tag-winter","24":"product_tag-zwiebel","26":"first","27":"instock","28":"taxable","29":"shipping-taxable","30":"purchasable","31":"product-type-simple"},"_links":{"self":[{"href":"https:\/\/shop.moldbrothers.com\/fr\/wp-json\/wp\/v2\/product\/188080","targetHints":{"allow":["GET"]}}],"collection":[{"href":"https:\/\/shop.moldbrothers.com\/fr\/wp-json\/wp\/v2\/product"}],"about":[{"href":"https:\/\/shop.moldbrothers.com\/fr\/wp-json\/wp\/v2\/types\/product"}],"wp:featuredmedia":[{"embeddable":true,"href":"https:\/\/shop.moldbrothers.com\/fr\/wp-json\/wp\/v2\/media\/188035"}],"wp:attachment":[{"href":"https:\/\/shop.moldbrothers.com\/fr\/wp-json\/wp\/v2\/media?parent=188080"}],"wp:term":[{"taxonomy":"product_brand","embeddable":true,"href":"https:\/\/shop.moldbrothers.com\/fr\/wp-json\/wp\/v2\/product_brand?post=188080"},{"taxonomy":"product_cat","embeddable":true,"href":"https:\/\/shop.moldbrothers.com\/fr\/wp-json\/wp\/v2\/product_cat?post=188080"},{"taxonomy":"product_tag","embeddable":true,"href":"https:\/\/shop.moldbrothers.com\/fr\/wp-json\/wp\/v2\/product_tag?post=188080"},{"taxonomy":"woo-feed-brand","embeddable":true,"href":"https:\/\/shop.moldbrothers.com\/fr\/wp-json\/wp\/v2\/woo-feed-brand?post=188080"}],"curies":[{"name":"wp","href":"https:\/\/api.w.org\/{rel}","templated":true}]}}