{"id":187846,"date":"2025-08-21T17:28:03","date_gmt":"2025-08-21T15:28:03","guid":{"rendered":"https:\/\/shop.moldbrothers.com\/?post_type=product&#038;p=187846"},"modified":"2026-02-26T11:01:01","modified_gmt":"2026-02-26T10:01:01","slug":"celeriac-tuille-mold","status":"publish","type":"product","link":"https:\/\/shop.moldbrothers.com\/fr\/produit\/celeriac-tuille-mold\/","title":{"rendered":"Tuile de c\u00e9leri Mold"},"content":{"rendered":"","protected":false},"excerpt":{"rendered":"<p>Ce moule en silicone de haute qualit\u00e9 est con\u00e7u pour cr\u00e9er des tuiles de c\u00e9leri-rave r\u00e9alistes, capturant leurs lignes et d\u00e9tails naturels. Il comporte quatre cavit\u00e9s et est fabriqu\u00e9 en silicone alimentaire 100%. Le moule r\u00e9siste \u00e0 des temp\u00e9ratures allant de -40\u00b0C \u00e0 +200\u00b0C, ce qui le rend compatible avec les cong\u00e9lateurs (chocs) et les fours.<\/p>","protected":false},"featured_media":188021,"template":"","meta":{"_seopress_robots_primary_cat":"none","_seopress_titles_title":"Celeriac Tuille Mold","_seopress_titles_desc":"High-quality silicone mold shaped like celeriac tuilles. Natural lines and details. Safe for use in freezer and oven.","_seopress_robots_index":""},"product_brand":[],"product_cat":[228,237],"product_tag":[1363,1364,1360,1340,1288,1361,1341,1368,1366,1362,1365,1342,1367],"woo-feed-brand":[],"class_list":{"0":"post-187846","1":"product","2":"type-product","3":"status-publish","4":"has-post-thumbnail","6":"product_cat-2dmolds","7":"product_cat-natural","8":"product_tag-apio-nabo","9":"product_tag-celeri-rave","10":"product_tag-celeriac","11":"product_tag-fine-dining","12":"product_tag-garnish","13":"product_tag-knolselderij","14":"product_tag-realistic-mold","15":"product_tag-root-vegetable","16":"product_tag-sedano-rapa","17":"product_tag-sellerieknolle","18":"product_tag-seroriakku","19":"product_tag-silicone-mold","20":"product_tag-tuille-mold","22":"first","23":"instock","24":"taxable","25":"shipping-taxable","26":"purchasable","27":"product-type-simple"},"_links":{"self":[{"href":"https:\/\/shop.moldbrothers.com\/fr\/wp-json\/wp\/v2\/product\/187846","targetHints":{"allow":["GET"]}}],"collection":[{"href":"https:\/\/shop.moldbrothers.com\/fr\/wp-json\/wp\/v2\/product"}],"about":[{"href":"https:\/\/shop.moldbrothers.com\/fr\/wp-json\/wp\/v2\/types\/product"}],"wp:featuredmedia":[{"embeddable":true,"href":"https:\/\/shop.moldbrothers.com\/fr\/wp-json\/wp\/v2\/media\/188021"}],"wp:attachment":[{"href":"https:\/\/shop.moldbrothers.com\/fr\/wp-json\/wp\/v2\/media?parent=187846"}],"wp:term":[{"taxonomy":"product_brand","embeddable":true,"href":"https:\/\/shop.moldbrothers.com\/fr\/wp-json\/wp\/v2\/product_brand?post=187846"},{"taxonomy":"product_cat","embeddable":true,"href":"https:\/\/shop.moldbrothers.com\/fr\/wp-json\/wp\/v2\/product_cat?post=187846"},{"taxonomy":"product_tag","embeddable":true,"href":"https:\/\/shop.moldbrothers.com\/fr\/wp-json\/wp\/v2\/product_tag?post=187846"},{"taxonomy":"woo-feed-brand","embeddable":true,"href":"https:\/\/shop.moldbrothers.com\/fr\/wp-json\/wp\/v2\/woo-feed-brand?post=187846"}],"curies":[{"name":"wp","href":"https:\/\/api.w.org\/{rel}","templated":true}]}}