{"id":187844,"date":"2025-08-21T16:50:59","date_gmt":"2025-08-21T14:50:59","guid":{"rendered":"https:\/\/shop.moldbrothers.com\/?post_type=product&#038;p=187844"},"modified":"2026-02-26T11:14:42","modified_gmt":"2026-02-26T10:14:42","slug":"truffle-mold-small","status":"publish","type":"product","link":"https:\/\/shop.moldbrothers.com\/fr\/produit\/truffle-mold-small\/","title":{"rendered":"Truffe noire Mold Petit"},"content":{"rendered":"","protected":false},"excerpt":{"rendered":"<p>Ce moule en silicone de haute qualit\u00e9 est con\u00e7u en forme de quatre petites truffes noires r\u00e9alistes diff\u00e9rentes et contient huit cavit\u00e9s au total. Fabriqu\u00e9 en silicone alimentaire 100%, il r\u00e9siste \u00e0 des temp\u00e9ratures allant de -40\u00b0C \u00e0 +200\u00b0C, ce qui le rend compatible avec les cong\u00e9lateurs (chocs) et les fours.<\/p>","protected":false},"featured_media":188018,"template":"","meta":{"_seopress_robots_primary_cat":"none","_seopress_titles_title":"Small Black Truffle Mold","_seopress_titles_desc":"Silicone mold with four different small truffle shapes, eight cavities in total. Creates realistic truffles for sweet or savory use.","_seopress_robots_index":""},"product_brand":[],"product_cat":[159,194],"product_tag":[1380,1340,1381,1288,1341,1342,679,1379,1377,1378,678,677],"woo-feed-brand":[],"class_list":{"0":"post-187844","1":"product","2":"type-product","3":"status-publish","4":"has-post-thumbnail","6":"product_cat-3dmolds","7":"product_cat-realistic","8":"product_tag-chocolate-truffle","9":"product_tag-fine-dining","10":"product_tag-ganache-mold","11":"product_tag-garnish","12":"product_tag-realistic-mold","13":"product_tag-silicone-mold","14":"product_tag-tartufo","15":"product_tag-torufuru","16":"product_tag-trufa","17":"product_tag-truffe","18":"product_tag-truffel","19":"product_tag-truffle","21":"first","22":"instock","23":"taxable","24":"shipping-taxable","25":"purchasable","26":"product-type-simple"},"_links":{"self":[{"href":"https:\/\/shop.moldbrothers.com\/fr\/wp-json\/wp\/v2\/product\/187844","targetHints":{"allow":["GET"]}}],"collection":[{"href":"https:\/\/shop.moldbrothers.com\/fr\/wp-json\/wp\/v2\/product"}],"about":[{"href":"https:\/\/shop.moldbrothers.com\/fr\/wp-json\/wp\/v2\/types\/product"}],"wp:featuredmedia":[{"embeddable":true,"href":"https:\/\/shop.moldbrothers.com\/fr\/wp-json\/wp\/v2\/media\/188018"}],"wp:attachment":[{"href":"https:\/\/shop.moldbrothers.com\/fr\/wp-json\/wp\/v2\/media?parent=187844"}],"wp:term":[{"taxonomy":"product_brand","embeddable":true,"href":"https:\/\/shop.moldbrothers.com\/fr\/wp-json\/wp\/v2\/product_brand?post=187844"},{"taxonomy":"product_cat","embeddable":true,"href":"https:\/\/shop.moldbrothers.com\/fr\/wp-json\/wp\/v2\/product_cat?post=187844"},{"taxonomy":"product_tag","embeddable":true,"href":"https:\/\/shop.moldbrothers.com\/fr\/wp-json\/wp\/v2\/product_tag?post=187844"},{"taxonomy":"woo-feed-brand","embeddable":true,"href":"https:\/\/shop.moldbrothers.com\/fr\/wp-json\/wp\/v2\/woo-feed-brand?post=187844"}],"curies":[{"name":"wp","href":"https:\/\/api.w.org\/{rel}","templated":true}]}}