{"id":187843,"date":"2025-08-21T17:29:58","date_gmt":"2025-08-21T15:29:58","guid":{"rendered":"https:\/\/shop.moldbrothers.com\/?post_type=product&#038;p=187843"},"modified":"2026-02-26T10:54:59","modified_gmt":"2026-02-26T09:54:59","slug":"realistic-olive-mold","status":"publish","type":"product","link":"https:\/\/shop.moldbrothers.com\/fr\/produit\/realistic-olive-mold\/","title":{"rendered":"Olive r\u00e9aliste Mold"},"content":{"rendered":"","protected":false},"excerpt":{"rendered":"<p>Ce moule en silicone de haute qualit\u00e9 est con\u00e7u en forme d'olives r\u00e9alistes et contient 18 cavit\u00e9s au total. Fabriqu\u00e9 en silicone alimentaire 100%, il r\u00e9siste \u00e0 des temp\u00e9ratures allant de -40\u00b0C \u00e0 +200\u00b0C, ce qui le rend adapt\u00e9 aux cong\u00e9lateurs (chocs) et aux fours.<\/p>","protected":false},"featured_media":188017,"template":"","meta":{"_seopress_robots_primary_cat":"none","_seopress_titles_title":"Olive Mold","_seopress_titles_desc":"Silicone mold shaped like realistic olives. Contains 18 cavities with fine detail. Suitable for use in freezer and oven.","_seopress_robots_index":""},"product_brand":[],"product_cat":[159,194],"product_tag":[1384,829,1340,1288,1388,1383,1386,1382,1387,1385,805,1342],"woo-feed-brand":[],"class_list":{"0":"post-187843","1":"product","2":"type-product","3":"status-publish","4":"has-post-thumbnail","6":"product_cat-3dmolds","7":"product_cat-realistic","8":"product_tag-aceituna","9":"product_tag-amuse","10":"product_tag-fine-dining","11":"product_tag-garnish","12":"product_tag-mediterranean","13":"product_tag-olijf","14":"product_tag-oliva","15":"product_tag-olive","16":"product_tag-olive-mold","17":"product_tag-oribu","18":"product_tag-realistic","19":"product_tag-silicone-mold","21":"first","22":"instock","23":"taxable","24":"shipping-taxable","25":"purchasable","26":"product-type-simple"},"_links":{"self":[{"href":"https:\/\/shop.moldbrothers.com\/fr\/wp-json\/wp\/v2\/product\/187843","targetHints":{"allow":["GET"]}}],"collection":[{"href":"https:\/\/shop.moldbrothers.com\/fr\/wp-json\/wp\/v2\/product"}],"about":[{"href":"https:\/\/shop.moldbrothers.com\/fr\/wp-json\/wp\/v2\/types\/product"}],"wp:featuredmedia":[{"embeddable":true,"href":"https:\/\/shop.moldbrothers.com\/fr\/wp-json\/wp\/v2\/media\/188017"}],"wp:attachment":[{"href":"https:\/\/shop.moldbrothers.com\/fr\/wp-json\/wp\/v2\/media?parent=187843"}],"wp:term":[{"taxonomy":"product_brand","embeddable":true,"href":"https:\/\/shop.moldbrothers.com\/fr\/wp-json\/wp\/v2\/product_brand?post=187843"},{"taxonomy":"product_cat","embeddable":true,"href":"https:\/\/shop.moldbrothers.com\/fr\/wp-json\/wp\/v2\/product_cat?post=187843"},{"taxonomy":"product_tag","embeddable":true,"href":"https:\/\/shop.moldbrothers.com\/fr\/wp-json\/wp\/v2\/product_tag?post=187843"},{"taxonomy":"woo-feed-brand","embeddable":true,"href":"https:\/\/shop.moldbrothers.com\/fr\/wp-json\/wp\/v2\/woo-feed-brand?post=187843"}],"curies":[{"name":"wp","href":"https:\/\/api.w.org\/{rel}","templated":true}]}}