{"id":187721,"date":"2025-10-01T13:11:48","date_gmt":"2025-10-01T11:11:48","guid":{"rendered":"https:\/\/shop.moldbrothers.com\/?post_type=product&#038;p=187721"},"modified":"2026-04-03T03:54:46","modified_gmt":"2026-04-03T01:54:46","slug":"cork-holder","status":"publish","type":"product","link":"https:\/\/shop.moldbrothers.com\/fr\/produit\/cork-holder\/","title":{"rendered":"Porte-bouchon"},"content":{"rendered":"","protected":false},"excerpt":{"rendered":"<p>Une pi\u00e8ce de pr\u00e9sentation ondul\u00e9e pour exposer votre bouchon de vin, ou pour servir de petites bouch\u00e9es comme des tacos, des cylindres ou des amuse-bouches. Rincer \u00e0 l'eau ti\u00e8de uniquement, sans savon ni produit de nettoyage, pour conserver la surface en parfait \u00e9tat au fil du temps.<\/p>","protected":false},"featured_media":191858,"template":"","meta":{"_seopress_robots_primary_cat":"none","_seopress_titles_title":"","_seopress_titles_desc":"","_seopress_robots_index":""},"product_brand":[],"product_cat":[238],"product_tag":[],"woo-feed-brand":[],"class_list":{"0":"post-187721","1":"product","2":"type-product","3":"status-publish","4":"has-post-thumbnail","6":"product_cat-presentables","8":"first","9":"instock","10":"taxable","11":"shipping-taxable","12":"purchasable","13":"product-type-simple"},"_links":{"self":[{"href":"https:\/\/shop.moldbrothers.com\/fr\/wp-json\/wp\/v2\/product\/187721","targetHints":{"allow":["GET"]}}],"collection":[{"href":"https:\/\/shop.moldbrothers.com\/fr\/wp-json\/wp\/v2\/product"}],"about":[{"href":"https:\/\/shop.moldbrothers.com\/fr\/wp-json\/wp\/v2\/types\/product"}],"wp:featuredmedia":[{"embeddable":true,"href":"https:\/\/shop.moldbrothers.com\/fr\/wp-json\/wp\/v2\/media\/191858"}],"wp:attachment":[{"href":"https:\/\/shop.moldbrothers.com\/fr\/wp-json\/wp\/v2\/media?parent=187721"}],"wp:term":[{"taxonomy":"product_brand","embeddable":true,"href":"https:\/\/shop.moldbrothers.com\/fr\/wp-json\/wp\/v2\/product_brand?post=187721"},{"taxonomy":"product_cat","embeddable":true,"href":"https:\/\/shop.moldbrothers.com\/fr\/wp-json\/wp\/v2\/product_cat?post=187721"},{"taxonomy":"product_tag","embeddable":true,"href":"https:\/\/shop.moldbrothers.com\/fr\/wp-json\/wp\/v2\/product_tag?post=187721"},{"taxonomy":"woo-feed-brand","embeddable":true,"href":"https:\/\/shop.moldbrothers.com\/fr\/wp-json\/wp\/v2\/woo-feed-brand?post=187721"}],"curies":[{"name":"wp","href":"https:\/\/api.w.org\/{rel}","templated":true}]}}