{"id":187061,"date":"2025-08-04T12:58:50","date_gmt":"2025-08-04T10:58:50","guid":{"rendered":"https:\/\/shop.moldbrothers.com\/?post_type=product&#038;p=187061"},"modified":"2026-02-26T11:21:25","modified_gmt":"2026-02-26T10:21:25","slug":"lobster-claw-tuille-mold","status":"publish","type":"product","link":"https:\/\/shop.moldbrothers.com\/fr\/produit\/lobster-claw-tuille-mold\/","title":{"rendered":"Tuille en forme de pince de homard Mold"},"content":{"rendered":"","protected":false},"excerpt":{"rendered":"<p>Un moule en silicone de haute qualit\u00e9 en forme de pince de homard, parfaitement adapt\u00e9 \u00e0 la r\u00e9alisation d'une bouch\u00e9e de sandwich au homard. Le moule comporte huit tuilles possibles et est fabriqu\u00e9 en silicone alimentaire 100%. Ce moule est capable de r\u00e9sister \u00e0 des temp\u00e9ratures allant de -40\u00b0C \u00e0 +200\u00b0C, ce qui permet de l'utiliser aussi bien dans les cong\u00e9lateurs (chocs) que dans les fours.<\/p>","protected":false},"featured_media":187079,"template":"","meta":{"_seopress_robots_primary_cat":"none","_seopress_titles_title":"Lobster Claw Tuille Mold for Sandwich Amuse | Lobster Claw Shape","_seopress_titles_desc":"Food\u2011grade silicone mold in the form of a lobster claw. Heat\u2011resistant up to 200\u202f\u00b0C. Ideal for sandwich\u2011style amuse presentations in high\u2011end kitchens","_seopress_robots_index":""},"product_brand":[],"product_cat":[228,203],"product_tag":[829,1285,554,642,641,497,1288,851,826,1289,1236,623,1286,1287,498,499,1024,698,558],"woo-feed-brand":[],"class_list":{"0":"post-187061","1":"product","2":"type-product","3":"status-publish","4":"has-post-thumbnail","6":"product_cat-2dmolds","7":"product_cat-graphic","8":"product_tag-amuse","9":"product_tag-bite","10":"product_tag-chef","11":"product_tag-claw","12":"product_tag-crab","13":"product_tag-fish","14":"product_tag-garnish","15":"product_tag-lobster","16":"product_tag-mini","17":"product_tag-mold","18":"product_tag-ocean","19":"product_tag-plating","20":"product_tag-sandwich","21":"product_tag-savory","22":"product_tag-sea","23":"product_tag-seafood","24":"product_tag-shell","25":"product_tag-silicone","26":"product_tag-tuille","28":"first","29":"instock","30":"taxable","31":"shipping-taxable","32":"purchasable","33":"product-type-simple"},"_links":{"self":[{"href":"https:\/\/shop.moldbrothers.com\/fr\/wp-json\/wp\/v2\/product\/187061","targetHints":{"allow":["GET"]}}],"collection":[{"href":"https:\/\/shop.moldbrothers.com\/fr\/wp-json\/wp\/v2\/product"}],"about":[{"href":"https:\/\/shop.moldbrothers.com\/fr\/wp-json\/wp\/v2\/types\/product"}],"wp:featuredmedia":[{"embeddable":true,"href":"https:\/\/shop.moldbrothers.com\/fr\/wp-json\/wp\/v2\/media\/187079"}],"wp:attachment":[{"href":"https:\/\/shop.moldbrothers.com\/fr\/wp-json\/wp\/v2\/media?parent=187061"}],"wp:term":[{"taxonomy":"product_brand","embeddable":true,"href":"https:\/\/shop.moldbrothers.com\/fr\/wp-json\/wp\/v2\/product_brand?post=187061"},{"taxonomy":"product_cat","embeddable":true,"href":"https:\/\/shop.moldbrothers.com\/fr\/wp-json\/wp\/v2\/product_cat?post=187061"},{"taxonomy":"product_tag","embeddable":true,"href":"https:\/\/shop.moldbrothers.com\/fr\/wp-json\/wp\/v2\/product_tag?post=187061"},{"taxonomy":"woo-feed-brand","embeddable":true,"href":"https:\/\/shop.moldbrothers.com\/fr\/wp-json\/wp\/v2\/woo-feed-brand?post=187061"}],"curies":[{"name":"wp","href":"https:\/\/api.w.org\/{rel}","templated":true}]}}