{"id":187060,"date":"2025-08-04T12:58:52","date_gmt":"2025-08-04T10:58:52","guid":{"rendered":"https:\/\/shop.moldbrothers.com\/?post_type=product&#038;p=187060"},"modified":"2026-02-26T11:20:31","modified_gmt":"2026-02-26T10:20:31","slug":"tuna-tuille-mold","status":"publish","type":"product","link":"https:\/\/shop.moldbrothers.com\/fr\/produit\/tuna-tuille-mold\/","title":{"rendered":"Thon Tuille Mold"},"content":{"rendered":"","protected":false},"excerpt":{"rendered":"<p>Un moule en silicone de haute qualit\u00e9 en forme de thon rouge, parfaitement adapt\u00e9 \u00e0 la pr\u00e9paration d'une bouch\u00e9e de sandwich au thon. Le moule comporte huit tuiles possibles et est fabriqu\u00e9 en silicone alimentaire 100%. Ce moule est capable de r\u00e9sister \u00e0 des temp\u00e9ratures allant de -40\u00b0C \u00e0 +200\u00b0C, ce qui permet de l'utiliser aussi bien dans les cong\u00e9lateurs (chocs) que dans les fours.<\/p>","protected":false},"featured_media":187078,"template":"","meta":{"_seopress_robots_primary_cat":"none","_seopress_titles_title":"Tuna Tuille Mold for Sandwich Amuse | Realistic Fish Shape","_seopress_titles_desc":"Silicone mold shaped like a blue fin tuna. Food\u2011grade and heat\u2011resistant up to 200\u202f\u00b0C, designed for sandwich\u2011style amuses used by professional chefs","_seopress_robots_index":""},"product_brand":[],"product_cat":[228,203],"product_tag":[829,1285,554,642,641,497,1288,851,826,1289,1236,623,1286,1287,498,499,1024,698,558],"woo-feed-brand":[],"class_list":{"0":"post-187060","1":"product","2":"type-product","3":"status-publish","4":"has-post-thumbnail","6":"product_cat-2dmolds","7":"product_cat-graphic","8":"product_tag-amuse","9":"product_tag-bite","10":"product_tag-chef","11":"product_tag-claw","12":"product_tag-crab","13":"product_tag-fish","14":"product_tag-garnish","15":"product_tag-lobster","16":"product_tag-mini","17":"product_tag-mold","18":"product_tag-ocean","19":"product_tag-plating","20":"product_tag-sandwich","21":"product_tag-savory","22":"product_tag-sea","23":"product_tag-seafood","24":"product_tag-shell","25":"product_tag-silicone","26":"product_tag-tuille","28":"first","29":"instock","30":"taxable","31":"shipping-taxable","32":"purchasable","33":"product-type-simple"},"_links":{"self":[{"href":"https:\/\/shop.moldbrothers.com\/fr\/wp-json\/wp\/v2\/product\/187060","targetHints":{"allow":["GET"]}}],"collection":[{"href":"https:\/\/shop.moldbrothers.com\/fr\/wp-json\/wp\/v2\/product"}],"about":[{"href":"https:\/\/shop.moldbrothers.com\/fr\/wp-json\/wp\/v2\/types\/product"}],"wp:featuredmedia":[{"embeddable":true,"href":"https:\/\/shop.moldbrothers.com\/fr\/wp-json\/wp\/v2\/media\/187078"}],"wp:attachment":[{"href":"https:\/\/shop.moldbrothers.com\/fr\/wp-json\/wp\/v2\/media?parent=187060"}],"wp:term":[{"taxonomy":"product_brand","embeddable":true,"href":"https:\/\/shop.moldbrothers.com\/fr\/wp-json\/wp\/v2\/product_brand?post=187060"},{"taxonomy":"product_cat","embeddable":true,"href":"https:\/\/shop.moldbrothers.com\/fr\/wp-json\/wp\/v2\/product_cat?post=187060"},{"taxonomy":"product_tag","embeddable":true,"href":"https:\/\/shop.moldbrothers.com\/fr\/wp-json\/wp\/v2\/product_tag?post=187060"},{"taxonomy":"woo-feed-brand","embeddable":true,"href":"https:\/\/shop.moldbrothers.com\/fr\/wp-json\/wp\/v2\/woo-feed-brand?post=187060"}],"curies":[{"name":"wp","href":"https:\/\/api.w.org\/{rel}","templated":true}]}}