{"id":185806,"date":"2025-07-04T11:02:39","date_gmt":"2025-07-04T09:02:39","guid":{"rendered":"https:\/\/shop.moldbrothers.com\/?post_type=product&#038;p=185806"},"modified":"2025-09-26T09:50:14","modified_gmt":"2025-09-26T07:50:14","slug":"clover-pressing-kit","status":"publish","type":"product","link":"https:\/\/shop.moldbrothers.com\/fr\/produit\/clover-pressing-kit\/","title":{"rendered":"Kit de pressage Tr\u00e8fle"},"content":{"rendered":"","protected":false},"excerpt":{"rendered":"<p>Fabriqu\u00e9 en silicone alimentaire de haute qualit\u00e9 100% et r\u00e9sistant \u00e0 la chaleur jusqu'\u00e0 200\u00b0C, ce moule associ\u00e9 aux pochoirs pr\u00e9sente un motif floral en forme de tr\u00e8fle. Les trois pochoirs coordonn\u00e9s peuvent \u00eatre utilis\u00e9s individuellement ou combin\u00e9s pour former une fleur de tr\u00e8fle superpos\u00e9e, inspir\u00e9e de l'origami.<\/p>","protected":false},"featured_media":185798,"template":"","meta":{"_seopress_robots_primary_cat":"none","_seopress_titles_title":"","_seopress_titles_desc":"","_seopress_robots_index":""},"product_brand":[],"product_cat":[202],"product_tag":[1318,554,1054,1288,780,1310,538,1289,530,623,1309,698,598],"woo-feed-brand":[],"class_list":{"0":"post-185806","1":"product","2":"type-product","3":"status-publish","4":"has-post-thumbnail","6":"product_cat-pressing-kits","7":"product_tag-botanical","8":"product_tag-chef","9":"product_tag-clover","10":"product_tag-garnish","11":"product_tag-herb","12":"product_tag-kit","13":"product_tag-leaf","14":"product_tag-mold","15":"product_tag-nature","16":"product_tag-plating","17":"product_tag-pressing","18":"product_tag-silicone","19":"product_tag-tool","21":"first","22":"instock","23":"sale","24":"taxable","25":"shipping-taxable","26":"product-type-grouped"},"_links":{"self":[{"href":"https:\/\/shop.moldbrothers.com\/fr\/wp-json\/wp\/v2\/product\/185806","targetHints":{"allow":["GET"]}}],"collection":[{"href":"https:\/\/shop.moldbrothers.com\/fr\/wp-json\/wp\/v2\/product"}],"about":[{"href":"https:\/\/shop.moldbrothers.com\/fr\/wp-json\/wp\/v2\/types\/product"}],"wp:featuredmedia":[{"embeddable":true,"href":"https:\/\/shop.moldbrothers.com\/fr\/wp-json\/wp\/v2\/media\/185798"}],"wp:attachment":[{"href":"https:\/\/shop.moldbrothers.com\/fr\/wp-json\/wp\/v2\/media?parent=185806"}],"wp:term":[{"taxonomy":"product_brand","embeddable":true,"href":"https:\/\/shop.moldbrothers.com\/fr\/wp-json\/wp\/v2\/product_brand?post=185806"},{"taxonomy":"product_cat","embeddable":true,"href":"https:\/\/shop.moldbrothers.com\/fr\/wp-json\/wp\/v2\/product_cat?post=185806"},{"taxonomy":"product_tag","embeddable":true,"href":"https:\/\/shop.moldbrothers.com\/fr\/wp-json\/wp\/v2\/product_tag?post=185806"},{"taxonomy":"woo-feed-brand","embeddable":true,"href":"https:\/\/shop.moldbrothers.com\/fr\/wp-json\/wp\/v2\/woo-feed-brand?post=185806"}],"curies":[{"name":"wp","href":"https:\/\/api.w.org\/{rel}","templated":true}]}}