{"id":183659,"date":"2024-02-09T14:12:12","date_gmt":"2024-02-09T13:12:12","guid":{"rendered":"https:\/\/shop.moldbrothers.com\/?post_type=product&#038;p=183659"},"modified":"2026-03-25T08:51:40","modified_gmt":"2026-03-25T07:51:40","slug":"cacao-grid-mold","status":"publish","type":"product","link":"https:\/\/shop.moldbrothers.com\/fr\/produit\/cacao-grid-mold\/","title":{"rendered":"Grille Cacao Mold"},"content":{"rendered":"","protected":false},"excerpt":{"rendered":"<p>Fabriqu\u00e9 en silicone alimentaire 100% et r\u00e9sistant \u00e0 la chaleur jusqu'\u00e0 200\u00b0C, ce moule de pr\u00e9cision pr\u00e9sente les caract\u00e9ristiques suivantes <em>dessins de cabosses de cacao<\/em> et garantit une cuisson des tuiles avec une forme homog\u00e8ne et des d\u00e9tails pr\u00e9cis.<\/p>","protected":false},"featured_media":183664,"template":"","meta":{"_seopress_robots_primary_cat":"none","_seopress_titles_title":"","_seopress_titles_desc":"","_seopress_robots_index":""},"product_brand":[],"product_cat":[228,1278],"product_tag":[1454,564,560,566,504,765,682,1437,1451,1453,820,1448,503,1004,1003,1000,1450,649,1008,1452,589,1449,1002,500],"woo-feed-brand":[],"class_list":{"0":"post-183659","1":"product","2":"type-product","3":"status-publish","4":"has-post-thumbnail","6":"product_cat-2dmolds","7":"product_cat-grid-ring","8":"product_tag-buche","9":"product_tag-cacao","10":"product_tag-choco","11":"product_tag-chocolate","12":"product_tag-christmas","13":"product_tag-cocao","14":"product_tag-easy","15":"product_tag-festive","16":"product_tag-gift","17":"product_tag-gold","18":"product_tag-green","19":"product_tag-holiday","20":"product_tag-kerst","21":"product_tag-natale","22":"product_tag-navidad","23":"product_tag-noel","24":"product_tag-ornament","25":"product_tag-red","26":"product_tag-snowflake","27":"product_tag-spice","28":"product_tag-star","29":"product_tag-tree","30":"product_tag-weihnachten","31":"product_tag-winter","33":"first","34":"instock","35":"sale","36":"taxable","37":"shipping-taxable","38":"product-type-grouped"},"_links":{"self":[{"href":"https:\/\/shop.moldbrothers.com\/fr\/wp-json\/wp\/v2\/product\/183659","targetHints":{"allow":["GET"]}}],"collection":[{"href":"https:\/\/shop.moldbrothers.com\/fr\/wp-json\/wp\/v2\/product"}],"about":[{"href":"https:\/\/shop.moldbrothers.com\/fr\/wp-json\/wp\/v2\/types\/product"}],"wp:featuredmedia":[{"embeddable":true,"href":"https:\/\/shop.moldbrothers.com\/fr\/wp-json\/wp\/v2\/media\/183664"}],"wp:attachment":[{"href":"https:\/\/shop.moldbrothers.com\/fr\/wp-json\/wp\/v2\/media?parent=183659"}],"wp:term":[{"taxonomy":"product_brand","embeddable":true,"href":"https:\/\/shop.moldbrothers.com\/fr\/wp-json\/wp\/v2\/product_brand?post=183659"},{"taxonomy":"product_cat","embeddable":true,"href":"https:\/\/shop.moldbrothers.com\/fr\/wp-json\/wp\/v2\/product_cat?post=183659"},{"taxonomy":"product_tag","embeddable":true,"href":"https:\/\/shop.moldbrothers.com\/fr\/wp-json\/wp\/v2\/product_tag?post=183659"},{"taxonomy":"woo-feed-brand","embeddable":true,"href":"https:\/\/shop.moldbrothers.com\/fr\/wp-json\/wp\/v2\/woo-feed-brand?post=183659"}],"curies":[{"name":"wp","href":"https:\/\/api.w.org\/{rel}","templated":true}]}}