{"id":183647,"date":"2023-11-07T14:00:44","date_gmt":"2023-11-07T13:00:44","guid":{"rendered":"https:\/\/shop.moldbrothers.com\/?post_type=product&#038;p=183647"},"modified":"2025-08-25T14:33:00","modified_gmt":"2025-08-25T12:33:00","slug":"splash-ring-mold","status":"publish","type":"product","link":"https:\/\/shop.moldbrothers.com\/fr\/produit\/splash-ring-mold\/","title":{"rendered":"Bague d'\u00e9clatement Mold"},"content":{"rendered":"","protected":false},"excerpt":{"rendered":"<p>Fabriqu\u00e9 en silicone alimentaire 100%, ce moule \u00e9l\u00e9gant pr\u00e9sente un design unique en forme d'anneau \u00e9clabouss\u00e9. Il supporte des temp\u00e9ratures allant de -40\u00b0C \u00e0 +200\u00b0C, ce qui le rend id\u00e9al pour le four et le cong\u00e9lateur. Con\u00e7u pour la pr\u00e9cision et le style dans chaque cr\u00e9ation.<\/p>","protected":false},"featured_media":183650,"template":"","meta":{"_seopress_robots_primary_cat":"none","_seopress_titles_title":"","_seopress_titles_desc":"","_seopress_robots_index":""},"product_brand":[],"product_cat":[159,229],"product_tag":[613,606],"woo-feed-brand":[],"class_list":{"0":"post-183647","1":"product","2":"type-product","3":"status-publish","4":"has-post-thumbnail","6":"product_cat-3dmolds","7":"product_cat-abstract","8":"product_tag-corn","9":"product_tag-moulle","11":"first","12":"instock","13":"sale","14":"taxable","15":"shipping-taxable","16":"product-type-grouped"},"_links":{"self":[{"href":"https:\/\/shop.moldbrothers.com\/fr\/wp-json\/wp\/v2\/product\/183647","targetHints":{"allow":["GET"]}}],"collection":[{"href":"https:\/\/shop.moldbrothers.com\/fr\/wp-json\/wp\/v2\/product"}],"about":[{"href":"https:\/\/shop.moldbrothers.com\/fr\/wp-json\/wp\/v2\/types\/product"}],"wp:featuredmedia":[{"embeddable":true,"href":"https:\/\/shop.moldbrothers.com\/fr\/wp-json\/wp\/v2\/media\/183650"}],"wp:attachment":[{"href":"https:\/\/shop.moldbrothers.com\/fr\/wp-json\/wp\/v2\/media?parent=183647"}],"wp:term":[{"taxonomy":"product_brand","embeddable":true,"href":"https:\/\/shop.moldbrothers.com\/fr\/wp-json\/wp\/v2\/product_brand?post=183647"},{"taxonomy":"product_cat","embeddable":true,"href":"https:\/\/shop.moldbrothers.com\/fr\/wp-json\/wp\/v2\/product_cat?post=183647"},{"taxonomy":"product_tag","embeddable":true,"href":"https:\/\/shop.moldbrothers.com\/fr\/wp-json\/wp\/v2\/product_tag?post=183647"},{"taxonomy":"woo-feed-brand","embeddable":true,"href":"https:\/\/shop.moldbrothers.com\/fr\/wp-json\/wp\/v2\/woo-feed-brand?post=183647"}],"curies":[{"name":"wp","href":"https:\/\/api.w.org\/{rel}","templated":true}]}}