{"id":183632,"date":"2020-06-06T13:37:00","date_gmt":"2020-06-06T11:37:00","guid":{"rendered":"https:\/\/shop.moldbrothers.com\/?post_type=product&#038;p=183632"},"modified":"2026-03-25T08:41:40","modified_gmt":"2026-03-25T07:41:40","slug":"grid-mold-2","status":"publish","type":"product","link":"https:\/\/shop.moldbrothers.com\/fr\/produit\/grid-mold-2\/","title":{"rendered":"Grille Mold"},"content":{"rendered":"","protected":false},"excerpt":{"rendered":"<p data-pm-slice=\"0 0 []\"><strong>Un classique du MoldBrothers<\/strong>- Fabriqu\u00e9 en silicone alimentaire 100% et r\u00e9sistant \u00e0 la chaleur jusqu'\u00e0 200\u00b0C, ce moule de pr\u00e9cision pr\u00e9sente les caract\u00e9ristiques suivantes <em>Structure de la grille de Vorono\u00ef<\/em> et garantit une cuisson des tuiles avec une forme homog\u00e8ne et des d\u00e9tails pr\u00e9cis.<\/p>","protected":false},"featured_media":183634,"template":"","meta":{"_seopress_robots_primary_cat":"none","_seopress_titles_title":"","_seopress_titles_desc":"","_seopress_robots_index":""},"product_brand":[],"product_cat":[228,1278],"product_tag":[495,558,519],"woo-feed-brand":[],"class_list":{"0":"post-183632","1":"product","2":"type-product","3":"status-publish","4":"has-post-thumbnail","6":"product_cat-2dmolds","7":"product_cat-grid-ring","8":"product_tag-tuile","9":"product_tag-tuille","10":"product_tag-tuille-forme","12":"first","13":"instock","14":"sale","15":"taxable","16":"shipping-taxable","17":"product-type-grouped"},"_links":{"self":[{"href":"https:\/\/shop.moldbrothers.com\/fr\/wp-json\/wp\/v2\/product\/183632","targetHints":{"allow":["GET"]}}],"collection":[{"href":"https:\/\/shop.moldbrothers.com\/fr\/wp-json\/wp\/v2\/product"}],"about":[{"href":"https:\/\/shop.moldbrothers.com\/fr\/wp-json\/wp\/v2\/types\/product"}],"wp:featuredmedia":[{"embeddable":true,"href":"https:\/\/shop.moldbrothers.com\/fr\/wp-json\/wp\/v2\/media\/183634"}],"wp:attachment":[{"href":"https:\/\/shop.moldbrothers.com\/fr\/wp-json\/wp\/v2\/media?parent=183632"}],"wp:term":[{"taxonomy":"product_brand","embeddable":true,"href":"https:\/\/shop.moldbrothers.com\/fr\/wp-json\/wp\/v2\/product_brand?post=183632"},{"taxonomy":"product_cat","embeddable":true,"href":"https:\/\/shop.moldbrothers.com\/fr\/wp-json\/wp\/v2\/product_cat?post=183632"},{"taxonomy":"product_tag","embeddable":true,"href":"https:\/\/shop.moldbrothers.com\/fr\/wp-json\/wp\/v2\/product_tag?post=183632"},{"taxonomy":"woo-feed-brand","embeddable":true,"href":"https:\/\/shop.moldbrothers.com\/fr\/wp-json\/wp\/v2\/woo-feed-brand?post=183632"}],"curies":[{"name":"wp","href":"https:\/\/api.w.org\/{rel}","templated":true}]}}