{"id":183615,"date":"2024-04-04T13:20:38","date_gmt":"2024-04-04T11:20:38","guid":{"rendered":"https:\/\/shop.moldbrothers.com\/?post_type=product&#038;p=183615"},"modified":"2026-03-25T08:51:35","modified_gmt":"2026-03-25T07:51:35","slug":"blossom-ring-tuille-mold","status":"publish","type":"product","link":"https:\/\/shop.moldbrothers.com\/fr\/produit\/blossom-ring-tuille-mold\/","title":{"rendered":"Tuille Blossom Ring Mold"},"content":{"rendered":"","protected":false},"excerpt":{"rendered":"<p>Fabriqu\u00e9 en silicone alimentaire 100% et r\u00e9sistant \u00e0 la chaleur jusqu'\u00e0 200\u00b0C, ce moule de pr\u00e9cision pr\u00e9sente les caract\u00e9ristiques suivantes <em>motif de fleurs de printemps<\/em> et garantit une cuisson des tuiles avec une forme homog\u00e8ne et des d\u00e9tails pr\u00e9cis.<\/p>","protected":false},"featured_media":183616,"template":"","meta":{"_seopress_robots_primary_cat":"none","_seopress_titles_title":"","_seopress_titles_desc":"","_seopress_robots_index":""},"product_brand":[],"product_cat":[228,1278],"product_tag":[821,803,822,520,806,494],"woo-feed-brand":[],"class_list":{"0":"post-183615","1":"product","2":"type-product","3":"status-publish","4":"has-post-thumbnail","6":"product_cat-2dmolds","7":"product_cat-grid-ring","8":"product_tag-bloom","9":"product_tag-blossom","10":"product_tag-grid","11":"product_tag-ring","12":"product_tag-sakura","13":"product_tag-spring","15":"first","16":"instock","17":"sale","18":"taxable","19":"shipping-taxable","20":"product-type-grouped"},"_links":{"self":[{"href":"https:\/\/shop.moldbrothers.com\/fr\/wp-json\/wp\/v2\/product\/183615","targetHints":{"allow":["GET"]}}],"collection":[{"href":"https:\/\/shop.moldbrothers.com\/fr\/wp-json\/wp\/v2\/product"}],"about":[{"href":"https:\/\/shop.moldbrothers.com\/fr\/wp-json\/wp\/v2\/types\/product"}],"wp:featuredmedia":[{"embeddable":true,"href":"https:\/\/shop.moldbrothers.com\/fr\/wp-json\/wp\/v2\/media\/183616"}],"wp:attachment":[{"href":"https:\/\/shop.moldbrothers.com\/fr\/wp-json\/wp\/v2\/media?parent=183615"}],"wp:term":[{"taxonomy":"product_brand","embeddable":true,"href":"https:\/\/shop.moldbrothers.com\/fr\/wp-json\/wp\/v2\/product_brand?post=183615"},{"taxonomy":"product_cat","embeddable":true,"href":"https:\/\/shop.moldbrothers.com\/fr\/wp-json\/wp\/v2\/product_cat?post=183615"},{"taxonomy":"product_tag","embeddable":true,"href":"https:\/\/shop.moldbrothers.com\/fr\/wp-json\/wp\/v2\/product_tag?post=183615"},{"taxonomy":"woo-feed-brand","embeddable":true,"href":"https:\/\/shop.moldbrothers.com\/fr\/wp-json\/wp\/v2\/woo-feed-brand?post=183615"}],"curies":[{"name":"wp","href":"https:\/\/api.w.org\/{rel}","templated":true}]}}