{"id":183394,"date":"2024-11-05T20:52:34","date_gmt":"2024-11-05T19:52:34","guid":{"rendered":"https:\/\/shop.moldbrothers.com\/?post_type=product&#038;p=183394"},"modified":"2026-03-25T08:51:32","modified_gmt":"2026-03-25T07:51:32","slug":"pine-ring-tuille-mold-2","status":"publish","type":"product","link":"https:\/\/shop.moldbrothers.com\/fr\/produit\/pine-ring-tuille-mold-2\/","title":{"rendered":"Anneau de pin Tuille Mold"},"content":{"rendered":"","protected":false},"excerpt":{"rendered":"<p>Fabriqu\u00e9 en silicone alimentaire 100% et r\u00e9sistant \u00e0 la chaleur jusqu'\u00e0 200\u00b0C, ce moule de pr\u00e9cision pr\u00e9sente les caract\u00e9ristiques suivantes <em>Forme inspir\u00e9e de l'hiver avec des \u00e9l\u00e9ments en pin <\/em>et garantit une cuisson des tuiles avec une forme homog\u00e8ne et des d\u00e9tails pr\u00e9cis.<\/p>","protected":false},"featured_media":183595,"template":"","meta":{"_seopress_robots_primary_cat":"none","_seopress_titles_title":"","_seopress_titles_desc":"","_seopress_robots_index":""},"product_brand":[],"product_cat":[228,1278,184],"product_tag":[1454,566,504,1437,1009,1451,1453,820,1448,1007,1006,503,999,1005,1004,1003,1000,1450,649,688,501,1008,1452,589,1449,1002,500],"woo-feed-brand":[],"class_list":{"0":"post-183394","1":"product","2":"type-product","3":"status-publish","4":"has-post-thumbnail","6":"product_cat-2dmolds","7":"product_cat-grid-ring","8":"product_cat-highlighted-products","9":"product_tag-buche","10":"product_tag-chocolate","11":"product_tag-christmas","12":"product_tag-festive","13":"product_tag-flake","14":"product_tag-gift","15":"product_tag-gold","16":"product_tag-green","17":"product_tag-holiday","18":"product_tag-joulou","19":"product_tag-jul","20":"product_tag-kerst","21":"product_tag-merry","22":"product_tag-natal","23":"product_tag-natale","24":"product_tag-navidad","25":"product_tag-noel","26":"product_tag-ornament","27":"product_tag-red","28":"product_tag-sneeuwvlok","29":"product_tag-snow","30":"product_tag-snowflake","31":"product_tag-spice","32":"product_tag-star","33":"product_tag-tree","34":"product_tag-weihnachten","35":"product_tag-winter","37":"first","38":"instock","39":"sale","40":"taxable","41":"shipping-taxable","42":"product-type-grouped"},"_links":{"self":[{"href":"https:\/\/shop.moldbrothers.com\/fr\/wp-json\/wp\/v2\/product\/183394","targetHints":{"allow":["GET"]}}],"collection":[{"href":"https:\/\/shop.moldbrothers.com\/fr\/wp-json\/wp\/v2\/product"}],"about":[{"href":"https:\/\/shop.moldbrothers.com\/fr\/wp-json\/wp\/v2\/types\/product"}],"wp:featuredmedia":[{"embeddable":true,"href":"https:\/\/shop.moldbrothers.com\/fr\/wp-json\/wp\/v2\/media\/183595"}],"wp:attachment":[{"href":"https:\/\/shop.moldbrothers.com\/fr\/wp-json\/wp\/v2\/media?parent=183394"}],"wp:term":[{"taxonomy":"product_brand","embeddable":true,"href":"https:\/\/shop.moldbrothers.com\/fr\/wp-json\/wp\/v2\/product_brand?post=183394"},{"taxonomy":"product_cat","embeddable":true,"href":"https:\/\/shop.moldbrothers.com\/fr\/wp-json\/wp\/v2\/product_cat?post=183394"},{"taxonomy":"product_tag","embeddable":true,"href":"https:\/\/shop.moldbrothers.com\/fr\/wp-json\/wp\/v2\/product_tag?post=183394"},{"taxonomy":"woo-feed-brand","embeddable":true,"href":"https:\/\/shop.moldbrothers.com\/fr\/wp-json\/wp\/v2\/woo-feed-brand?post=183394"}],"curies":[{"name":"wp","href":"https:\/\/api.w.org\/{rel}","templated":true}]}}