{"id":183224,"date":"2025-05-14T13:27:50","date_gmt":"2025-05-14T11:27:50","guid":{"rendered":"https:\/\/shop.moldbrothers.com\/?post_type=product&#038;p=183224"},"modified":"2025-08-04T12:25:06","modified_gmt":"2025-08-04T10:25:06","slug":"thin-ring-mold","status":"publish","type":"product","link":"https:\/\/shop.moldbrothers.com\/fr\/produit\/thin-ring-mold\/","title":{"rendered":"Anneau fin Mold"},"content":{"rendered":"","protected":false},"excerpt":{"rendered":"<p>Fabriqu\u00e9 en silicone alimentaire de haute qualit\u00e9 et r\u00e9sistant \u00e0 la chaleur jusqu'\u00e0 200\u00b0C, ce moule de pr\u00e9cision pr\u00e9sente les caract\u00e9ristiques suivantes <em>deux anneaux minces et arrondis de 6 et 9 cm de diam\u00e8tre<\/em> et garantit des mousses de forme r\u00e9guli\u00e8re et des d\u00e9tails pr\u00e9cis.<\/p>","protected":false},"featured_media":183427,"template":"","meta":{"_seopress_robots_primary_cat":"none","_seopress_titles_title":"","_seopress_titles_desc":"","_seopress_robots_index":""},"product_brand":[],"product_cat":[159,193],"product_tag":[554,521,1023,1307,1288,1306,1289,623,520,1305,698,1304,558],"woo-feed-brand":[],"class_list":{"0":"post-183224","1":"product","2":"type-product","3":"status-publish","4":"has-post-thumbnail","6":"product_cat-3dmolds","7":"product_cat-essentials","8":"product_tag-chef","9":"product_tag-circle","10":"product_tag-crisp","11":"product_tag-dessert","12":"product_tag-garnish","13":"product_tag-minimal","14":"product_tag-mold","15":"product_tag-plating","16":"product_tag-ring","17":"product_tag-shape","18":"product_tag-silicone","19":"product_tag-thin","20":"product_tag-tuille","22":"first","23":"instock","24":"sale","25":"taxable","26":"shipping-taxable","27":"product-type-grouped"},"_links":{"self":[{"href":"https:\/\/shop.moldbrothers.com\/fr\/wp-json\/wp\/v2\/product\/183224","targetHints":{"allow":["GET"]}}],"collection":[{"href":"https:\/\/shop.moldbrothers.com\/fr\/wp-json\/wp\/v2\/product"}],"about":[{"href":"https:\/\/shop.moldbrothers.com\/fr\/wp-json\/wp\/v2\/types\/product"}],"wp:featuredmedia":[{"embeddable":true,"href":"https:\/\/shop.moldbrothers.com\/fr\/wp-json\/wp\/v2\/media\/183427"}],"wp:attachment":[{"href":"https:\/\/shop.moldbrothers.com\/fr\/wp-json\/wp\/v2\/media?parent=183224"}],"wp:term":[{"taxonomy":"product_brand","embeddable":true,"href":"https:\/\/shop.moldbrothers.com\/fr\/wp-json\/wp\/v2\/product_brand?post=183224"},{"taxonomy":"product_cat","embeddable":true,"href":"https:\/\/shop.moldbrothers.com\/fr\/wp-json\/wp\/v2\/product_cat?post=183224"},{"taxonomy":"product_tag","embeddable":true,"href":"https:\/\/shop.moldbrothers.com\/fr\/wp-json\/wp\/v2\/product_tag?post=183224"},{"taxonomy":"woo-feed-brand","embeddable":true,"href":"https:\/\/shop.moldbrothers.com\/fr\/wp-json\/wp\/v2\/woo-feed-brand?post=183224"}],"curies":[{"name":"wp","href":"https:\/\/api.w.org\/{rel}","templated":true}]}}