{"id":182900,"date":"2025-05-08T10:41:57","date_gmt":"2025-05-08T08:41:57","guid":{"rendered":"https:\/\/shop.moldbrothers.com\/?post_type=product&#038;p=182900"},"modified":"2025-08-25T14:38:03","modified_gmt":"2025-08-25T12:38:03","slug":"honey-grid-mold-1-pc","status":"publish","type":"product","link":"https:\/\/shop.moldbrothers.com\/fr\/produit\/honey-grid-mold-1-pc\/","title":{"rendered":"Grille de miel Mold - 1 pc"},"content":{"rendered":"","protected":false},"excerpt":{"rendered":"<p><strong>Un classique du MoldBrothers<\/strong>- Fabriqu\u00e9 en silicone alimentaire 100% et r\u00e9sistant \u00e0 la chaleur jusqu'\u00e0 200\u00b0C, ce moule de pr\u00e9cision est dot\u00e9 d'un quadrillage en forme de miel et permet de cuire les tuiles avec une forme constante et des d\u00e9tails pr\u00e9cis.<\/p>","protected":false},"featured_media":183589,"template":"","meta":{"_seopress_robots_primary_cat":"none","_seopress_titles_title":"","_seopress_titles_desc":"","_seopress_robots_index":"yes"},"product_brand":[],"product_cat":[228,1278,237,231],"product_tag":[567,1277,571,494,495,558,519],"woo-feed-brand":[],"class_list":{"0":"post-182900","1":"product","2":"type-product","3":"status-publish","4":"has-post-thumbnail","6":"product_cat-2dmolds","7":"product_cat-grid-ring","8":"product_cat-natural","9":"product_cat-hidden","10":"product_tag-bee","11":"product_tag-honeygrid","12":"product_tag-lente","13":"product_tag-spring","14":"product_tag-tuile","15":"product_tag-tuille","16":"product_tag-tuille-forme","18":"first","19":"instock","20":"taxable","21":"shipping-taxable","22":"purchasable","23":"product-type-simple"},"_links":{"self":[{"href":"https:\/\/shop.moldbrothers.com\/fr\/wp-json\/wp\/v2\/product\/182900","targetHints":{"allow":["GET"]}}],"collection":[{"href":"https:\/\/shop.moldbrothers.com\/fr\/wp-json\/wp\/v2\/product"}],"about":[{"href":"https:\/\/shop.moldbrothers.com\/fr\/wp-json\/wp\/v2\/types\/product"}],"wp:featuredmedia":[{"embeddable":true,"href":"https:\/\/shop.moldbrothers.com\/fr\/wp-json\/wp\/v2\/media\/183589"}],"wp:attachment":[{"href":"https:\/\/shop.moldbrothers.com\/fr\/wp-json\/wp\/v2\/media?parent=182900"}],"wp:term":[{"taxonomy":"product_brand","embeddable":true,"href":"https:\/\/shop.moldbrothers.com\/fr\/wp-json\/wp\/v2\/product_brand?post=182900"},{"taxonomy":"product_cat","embeddable":true,"href":"https:\/\/shop.moldbrothers.com\/fr\/wp-json\/wp\/v2\/product_cat?post=182900"},{"taxonomy":"product_tag","embeddable":true,"href":"https:\/\/shop.moldbrothers.com\/fr\/wp-json\/wp\/v2\/product_tag?post=182900"},{"taxonomy":"woo-feed-brand","embeddable":true,"href":"https:\/\/shop.moldbrothers.com\/fr\/wp-json\/wp\/v2\/woo-feed-brand?post=182900"}],"curies":[{"name":"wp","href":"https:\/\/api.w.org\/{rel}","templated":true}]}}