{"id":181885,"date":"2025-04-16T10:55:54","date_gmt":"2025-04-16T08:55:54","guid":{"rendered":"https:\/\/shop.moldbrothers.com\/?post_type=product&#038;p=181885"},"modified":"2025-08-04T12:24:33","modified_gmt":"2025-08-04T10:24:33","slug":"eel-bone-tuille-mold","status":"publish","type":"product","link":"https:\/\/shop.moldbrothers.com\/fr\/produit\/eel-bone-tuille-mold\/","title":{"rendered":"Unagi Tuille Mold"},"content":{"rendered":"<div class=\"wp-block-columns is-layout-flex wp-container-core-columns-is-layout-9d6595d7 wp-block-columns-is-layout-flex\">\n<div class=\"wp-block-column is-layout-flow wp-block-column-is-layout-flow\" style=\"flex-basis:33.33%\">\n<figure class=\"wp-block-image size-full\"><a href=\"https:\/\/shop.moldbrothers.com\/wp-content\/uploads\/2025\/04\/Scherm_afbeelding-2025-04-16-om-11.16.01.png\"><img decoding=\"async\" width=\"1010\" height=\"1666\" src=\"https:\/\/shop.moldbrothers.com\/wp-content\/uploads\/2025\/04\/Scherm_afbeelding-2025-04-16-om-11.16.01.png\" alt=\"\" class=\"wp-image-181901\" srcset=\"https:\/\/shop.moldbrothers.com\/wp-content\/uploads\/2025\/04\/Scherm_afbeelding-2025-04-16-om-11.16.01.png 1010w, https:\/\/shop.moldbrothers.com\/wp-content\/uploads\/2025\/04\/Scherm_afbeelding-2025-04-16-om-11.16.01-768x1267.png 768w, https:\/\/shop.moldbrothers.com\/wp-content\/uploads\/2025\/04\/Scherm_afbeelding-2025-04-16-om-11.16.01-931x1536.png 931w, https:\/\/shop.moldbrothers.com\/wp-content\/uploads\/2025\/04\/Scherm_afbeelding-2025-04-16-om-11.16.01-7x12.png 7w\" sizes=\"(max-width: 1010px) 100vw, 1010px\" \/><\/a><\/figure>\n<\/div>\n\n\n\n<div class=\"wp-block-column is-layout-flow wp-block-column-is-layout-flow\" style=\"flex-basis:70%\">\n<h2 class=\"wp-block-heading\">La recette de Mike !<\/h2>\n\n\n\n<p><strong>Ingr\u00e9dients<\/strong><br>- 60 grammes de blanc d'\u0153uf<br>- 40 grammes d'huile de tournesol<br>- 100 grammes d'anguille fum\u00e9e <br>- 10 grammes de sucre<br>- 40 grammes de farine<br>- 5 grammes de sel<\/p>\n\n\n\n<p><strong>M\u00e9thode<\/strong><br>Mixer l'anguille fum\u00e9e jusqu'\u00e0 ce qu'elle soit grossi\u00e8rement hach\u00e9e. M\u00e9langer le blanc d'\u0153uf, l'huile de tournesol, le sucre, la farine et le sel avec l'anguille. R\u00e9frig\u00e9rer la p\u00e2te pendant 15 \u00e0 30 minutes. Pr\u00e9chauffer le four \u00e0 160-170\u00b0C (en mode ventilation). \u00c9taler finement la p\u00e2te dans la tuile aux os d'anguille Mold. Cuire au four pendant 8 \u00e0 12 minutes jusqu'\u00e0 ce que la p\u00e2te soit dor\u00e9e et croustillante. Retirer de la plaque imm\u00e9diatement apr\u00e8s la cuisson et fa\u00e7onner \u00e0 chaud (par exemple, au rouleau \u00e0 p\u00e2tisserie pour une forme incurv\u00e9e). Laisser refroidir jusqu'\u00e0 ce qu'ils soient croustillants.<\/p>\n<\/div>\n<\/div>","protected":false},"excerpt":{"rendered":"<p>Fabriqu\u00e9 en silicone alimentaire de haute qualit\u00e9 et r\u00e9sistant \u00e0 la chaleur jusqu'\u00e0 200\u00b0C, ce moule de pr\u00e9cision pr\u00e9sente des '<em>Contours de l'\"Unagi\" (os d'anguille)<\/em> et garantit une cuisson des tuiles avec une forme homog\u00e8ne et des d\u00e9tails pr\u00e9cis.<\/p>\n<p><em>Photos et d<\/em><em>esign par MoldBrothers et Mike Cornelissen<\/em><\/p>","protected":false},"featured_media":183671,"template":"","meta":{"_seopress_robots_primary_cat":"none","_seopress_titles_title":"","_seopress_titles_desc":"","_seopress_robots_index":""},"product_brand":[],"product_cat":[228,237,910],"product_tag":[577,554,1291,1290,497,1288,826,1289,623,1287,498,499,698,558],"woo-feed-brand":[],"class_list":{"0":"post-181885","1":"product","2":"type-product","3":"status-publish","4":"has-post-thumbnail","6":"product_cat-2dmolds","7":"product_cat-natural","8":"product_cat-test-kitchen","9":"product_tag-bone","10":"product_tag-chef","11":"product_tag-crispy","12":"product_tag-eel","13":"product_tag-fish","14":"product_tag-garnish","15":"product_tag-mini","16":"product_tag-mold","17":"product_tag-plating","18":"product_tag-savory","19":"product_tag-sea","20":"product_tag-seafood","21":"product_tag-silicone","22":"product_tag-tuille","24":"first","25":"instock","26":"sale","27":"taxable","28":"shipping-taxable","29":"product-type-grouped"},"_links":{"self":[{"href":"https:\/\/shop.moldbrothers.com\/fr\/wp-json\/wp\/v2\/product\/181885","targetHints":{"allow":["GET"]}}],"collection":[{"href":"https:\/\/shop.moldbrothers.com\/fr\/wp-json\/wp\/v2\/product"}],"about":[{"href":"https:\/\/shop.moldbrothers.com\/fr\/wp-json\/wp\/v2\/types\/product"}],"wp:featuredmedia":[{"embeddable":true,"href":"https:\/\/shop.moldbrothers.com\/fr\/wp-json\/wp\/v2\/media\/183671"}],"wp:attachment":[{"href":"https:\/\/shop.moldbrothers.com\/fr\/wp-json\/wp\/v2\/media?parent=181885"}],"wp:term":[{"taxonomy":"product_brand","embeddable":true,"href":"https:\/\/shop.moldbrothers.com\/fr\/wp-json\/wp\/v2\/product_brand?post=181885"},{"taxonomy":"product_cat","embeddable":true,"href":"https:\/\/shop.moldbrothers.com\/fr\/wp-json\/wp\/v2\/product_cat?post=181885"},{"taxonomy":"product_tag","embeddable":true,"href":"https:\/\/shop.moldbrothers.com\/fr\/wp-json\/wp\/v2\/product_tag?post=181885"},{"taxonomy":"woo-feed-brand","embeddable":true,"href":"https:\/\/shop.moldbrothers.com\/fr\/wp-json\/wp\/v2\/woo-feed-brand?post=181885"}],"curies":[{"name":"wp","href":"https:\/\/api.w.org\/{rel}","templated":true}]}}