{"id":180191,"date":"2025-03-31T11:56:00","date_gmt":"2025-03-31T09:56:00","guid":{"rendered":"https:\/\/shop.moldbrothers.com\/?post_type=product&#038;p=180191"},"modified":"2025-12-24T14:53:16","modified_gmt":"2025-12-24T13:53:16","slug":"oyster-tuille-mold-large-restaurant-zilte","status":"publish","type":"product","link":"https:\/\/shop.moldbrothers.com\/fr\/produit\/oyster-tuille-mold-large-restaurant-zilte\/","title":{"rendered":"Hu\u00eetre Tuille Mold Large X Restaurant Zilte***"},"content":{"rendered":"<div class=\"wp-block-columns is-layout-flex wp-container-core-columns-is-layout-9d6595d7 wp-block-columns-is-layout-flex\">\n<div class=\"wp-block-column is-vertically-aligned-center is-layout-flow wp-block-column-is-layout-flow\" style=\"flex-basis:50%\"><div class=\"wp-block-image\">\n<figure class=\"alignright size-full\"><img decoding=\"async\" width=\"2560\" height=\"2263\" src=\"https:\/\/shop.moldbrothers.com\/wp-content\/uploads\/2025\/03\/ZILTE23-scaled.jpg\" alt=\"\" class=\"wp-image-181633\" style=\"object-fit:cover\" srcset=\"https:\/\/shop.moldbrothers.com\/wp-content\/uploads\/2025\/03\/ZILTE23-scaled.jpg 2560w, https:\/\/shop.moldbrothers.com\/wp-content\/uploads\/2025\/03\/ZILTE23-768x679.jpg 768w, https:\/\/shop.moldbrothers.com\/wp-content\/uploads\/2025\/03\/ZILTE23-1536x1358.jpg 1536w, https:\/\/shop.moldbrothers.com\/wp-content\/uploads\/2025\/03\/ZILTE23-2048x1810.jpg 2048w, https:\/\/shop.moldbrothers.com\/wp-content\/uploads\/2025\/03\/ZILTE23-14x12.jpg 14w, https:\/\/shop.moldbrothers.com\/wp-content\/uploads\/2025\/03\/ZILTE23-1024x905.jpg 1024w\" sizes=\"(max-width: 2560px) 100vw, 2560px\" \/><\/figure>\n<\/div><\/div>\n\n\n\n<div class=\"wp-block-column is-layout-flow wp-block-column-is-layout-flow\" style=\"flex-basis:35.09%\">\n<h6 class=\"wp-block-heading\">Collaboration<\/h6>\n\n\n\n<h2 class=\"wp-block-heading\">\u00c0 propos du chef<\/h2>\n\n\n\n<p>Viki Geunes, un talent culinaire autodidacte, a transform\u00e9 sa passion en perfection gr\u00e2ce \u00e0 son instinct, sa discipline et son d\u00e9vouement sans rel\u00e2che. En 1996, il ouvre 't Zilte, qui deviendra plus tard le Zilte - aujourd'hui un point de rep\u00e8re gastronomique au sommet du MAS \u00e0 Anvers. Avec une cr\u00e9ativit\u00e9 raffin\u00e9e et sa famille \u00e0 ses c\u00f4t\u00e9s, il obtient trois \u00e9toiles Michelin en 2021. Depuis, Zilte continue de briller en tant que symbole de la gastronomie belge, o\u00f9 l'artisanat et l'\u00e9motion se rencontrent dans chaque assiette.<\/p>\n\n\n<div class=\"wp-block-image\">\n<figure class=\"alignleft size-full is-resized\"><img decoding=\"async\" width=\"258\" height=\"288\" src=\"https:\/\/shop.moldbrothers.com\/wp-content\/uploads\/2025\/03\/Zilte-logo-80px-1.png\" alt=\"\" class=\"wp-image-181631\" style=\"aspect-ratio:0.9988331388564761;width:111px;height:auto\" srcset=\"https:\/\/shop.moldbrothers.com\/wp-content\/uploads\/2025\/03\/Zilte-logo-80px-1.png 258w, https:\/\/shop.moldbrothers.com\/wp-content\/uploads\/2025\/03\/Zilte-logo-80px-1-11x12.png 11w\" sizes=\"(max-width: 258px) 100vw, 258px\" \/><\/figure>\n<\/div><\/div>\n<\/div>\n\n\n\n<p><\/p>","protected":false},"excerpt":{"rendered":"<p>Ce moule en silicone de haute qualit\u00e9 est con\u00e7u en forme d'hu\u00eetre et existe en deux tailles : petite et grande. Selon la taille choisie, vous pouvez r\u00e9aliser 6 et\/ou 12 tuiles d'hu\u00eetres par lot. Fabriqu\u00e9 en silicone alimentaire 100%, il r\u00e9siste \u00e0 des temp\u00e9ratures allant de -40\u00b0C \u00e0 +200\u00b0C, ce qui permet de l'utiliser aussi bien dans les cong\u00e9lateurs (chocs) que dans les fours.<\/p>","protected":false},"featured_media":179758,"template":"","meta":{"_seopress_robots_primary_cat":"none","_seopress_titles_title":"","_seopress_titles_desc":"","_seopress_robots_index":""},"product_brand":[],"product_cat":[228,237,203],"product_tag":[1102,1104,1106,1099,1105,1111,1107,1110,1100,1101,1098,1103,499,1108,1109],"woo-feed-brand":[],"class_list":{"0":"post-180191","1":"product","2":"type-product","3":"status-publish","4":"has-post-thumbnail","6":"product_cat-2dmolds","7":"product_cat-natural","8":"product_cat-graphic","9":"product_tag-frische-oester","10":"product_tag-fruits-de-mer","11":"product_tag-frutti-di-mare","12":"product_tag-huitres","13":"product_tag-mariscos","14":"product_tag-mollusken","15":"product_tag-oesterbar","16":"product_tag-oesterliefhebber","17":"product_tag-ostras","18":"product_tag-ostriche","19":"product_tag-oysters","20":"product_tag-raw-oysters","21":"product_tag-seafood","22":"product_tag-shellfish","23":"product_tag-zeevruchten","25":"first","26":"instock","27":"sale","28":"taxable","29":"shipping-taxable","30":"product-type-grouped"},"_links":{"self":[{"href":"https:\/\/shop.moldbrothers.com\/fr\/wp-json\/wp\/v2\/product\/180191","targetHints":{"allow":["GET"]}}],"collection":[{"href":"https:\/\/shop.moldbrothers.com\/fr\/wp-json\/wp\/v2\/product"}],"about":[{"href":"https:\/\/shop.moldbrothers.com\/fr\/wp-json\/wp\/v2\/types\/product"}],"wp:featuredmedia":[{"embeddable":true,"href":"https:\/\/shop.moldbrothers.com\/fr\/wp-json\/wp\/v2\/media\/179758"}],"wp:attachment":[{"href":"https:\/\/shop.moldbrothers.com\/fr\/wp-json\/wp\/v2\/media?parent=180191"}],"wp:term":[{"taxonomy":"product_brand","embeddable":true,"href":"https:\/\/shop.moldbrothers.com\/fr\/wp-json\/wp\/v2\/product_brand?post=180191"},{"taxonomy":"product_cat","embeddable":true,"href":"https:\/\/shop.moldbrothers.com\/fr\/wp-json\/wp\/v2\/product_cat?post=180191"},{"taxonomy":"product_tag","embeddable":true,"href":"https:\/\/shop.moldbrothers.com\/fr\/wp-json\/wp\/v2\/product_tag?post=180191"},{"taxonomy":"woo-feed-brand","embeddable":true,"href":"https:\/\/shop.moldbrothers.com\/fr\/wp-json\/wp\/v2\/woo-feed-brand?post=180191"}],"curies":[{"name":"wp","href":"https:\/\/api.w.org\/{rel}","templated":true}]}}