{"id":179546,"date":"2025-03-31T11:55:00","date_gmt":"2025-03-31T09:55:00","guid":{"rendered":"https:\/\/shop.moldbrothers.com\/?post_type=product&#038;p=179546"},"modified":"2025-11-27T10:41:14","modified_gmt":"2025-11-27T09:41:14","slug":"1-2-circle-stencil","status":"publish","type":"product","link":"https:\/\/shop.moldbrothers.com\/fr\/produit\/1-2-circle-stencil\/","title":{"rendered":"Pochoir 1\/2 cercle"},"content":{"rendered":"","protected":false},"excerpt":{"rendered":"<p>Ce pochoir comporte 23 demi-cercles et est fabriqu\u00e9 en polystyr\u00e8ne d'une \u00e9paisseur de 1 mm. Il est parfait pour ajouter un \u00e9l\u00e9ment croustillant suppl\u00e9mentaire \u00e0 votre plat.<\/p>\n<p>Juste une petite mise en garde : il ne passe pas au lave-vaisselle et ne peut pas \u00eatre utilis\u00e9 pour le nettoyage. <strong>ne devrait pas<\/strong> dans le four. Nous vous recommandons de le rincer \u00e0 l'eau ti\u00e8de (environ 40\u00b0C) et de renoncer aux produits de nettoyage pour le maintenir en parfait \u00e9tat.<\/p>","protected":false},"featured_media":179399,"template":"","meta":{"_seopress_robots_primary_cat":"none","_seopress_titles_title":"","_seopress_titles_desc":"","_seopress_robots_index":""},"product_brand":[],"product_cat":[170,198],"product_tag":[521,634,1023,520],"woo-feed-brand":[],"class_list":{"0":"post-179546","1":"product","2":"type-product","3":"status-publish","4":"has-post-thumbnail","6":"product_cat-stencils","7":"product_cat-a3-stencils","8":"product_tag-circle","9":"product_tag-cookie","10":"product_tag-crisp","11":"product_tag-ring","13":"first","14":"instock","15":"taxable","16":"shipping-taxable","17":"purchasable","18":"product-type-simple"},"_links":{"self":[{"href":"https:\/\/shop.moldbrothers.com\/fr\/wp-json\/wp\/v2\/product\/179546","targetHints":{"allow":["GET"]}}],"collection":[{"href":"https:\/\/shop.moldbrothers.com\/fr\/wp-json\/wp\/v2\/product"}],"about":[{"href":"https:\/\/shop.moldbrothers.com\/fr\/wp-json\/wp\/v2\/types\/product"}],"wp:featuredmedia":[{"embeddable":true,"href":"https:\/\/shop.moldbrothers.com\/fr\/wp-json\/wp\/v2\/media\/179399"}],"wp:attachment":[{"href":"https:\/\/shop.moldbrothers.com\/fr\/wp-json\/wp\/v2\/media?parent=179546"}],"wp:term":[{"taxonomy":"product_brand","embeddable":true,"href":"https:\/\/shop.moldbrothers.com\/fr\/wp-json\/wp\/v2\/product_brand?post=179546"},{"taxonomy":"product_cat","embeddable":true,"href":"https:\/\/shop.moldbrothers.com\/fr\/wp-json\/wp\/v2\/product_cat?post=179546"},{"taxonomy":"product_tag","embeddable":true,"href":"https:\/\/shop.moldbrothers.com\/fr\/wp-json\/wp\/v2\/product_tag?post=179546"},{"taxonomy":"woo-feed-brand","embeddable":true,"href":"https:\/\/shop.moldbrothers.com\/fr\/wp-json\/wp\/v2\/woo-feed-brand?post=179546"}],"curies":[{"name":"wp","href":"https:\/\/api.w.org\/{rel}","templated":true}]}}