{"id":179545,"date":"2025-03-31T11:56:00","date_gmt":"2025-03-31T09:56:00","guid":{"rendered":"https:\/\/shop.moldbrothers.com\/?post_type=product&#038;p=179545"},"modified":"2025-11-27T13:11:58","modified_gmt":"2025-11-27T12:11:58","slug":"taco-stencil-2","status":"publish","type":"product","link":"https:\/\/shop.moldbrothers.com\/fr\/produit\/taco-stencil-2\/","title":{"rendered":"Pochoir Taco"},"content":{"rendered":"","protected":false},"excerpt":{"rendered":"<p>Ce pochoir comporte 23 formes de tacos nervur\u00e9s et est fabriqu\u00e9 en polystyr\u00e8ne de 1 mm d'\u00e9paisseur. Il est parfait pour vous aider \u00e0 cr\u00e9er des tacos ultra-croustillants pour vos invit\u00e9s. Pour obtenir les meilleurs r\u00e9sultats, associez-le \u00e0 notre pochoir en acier inoxydable de haute qualit\u00e9. <a href=\"https:\/\/shop.moldbrothers.com\/fr\/?post_type=product&amp;p=179553&amp;preview_id=179553&amp;preview_nonce=8899606d8f&amp;preview=true&amp;_thumbnail_id=179560\">Taco Shaper<\/a> pour un pliage facile et un ajustement parfait \u00e0 chaque fois.<\/p>\n<p>Remarque : le pochoir <strong>n'est pas<\/strong> Il ne passe pas au lave-vaisselle et ne doit pas \u00eatre utilis\u00e9 au four. Nous recommandons de le rincer \u00e0 l'eau ti\u00e8de (environ 40\u00b0C) et de renoncer aux produits de nettoyage pour le maintenir en parfait \u00e9tat.<\/p>","protected":false},"featured_media":188264,"template":"","meta":{"_seopress_robots_primary_cat":"none","_seopress_titles_title":"","_seopress_titles_desc":"","_seopress_robots_index":""},"product_brand":[],"product_cat":[170,198],"product_tag":[1115,1121,1122,1119,1123,918,1113,1092,1117,1114,505,1112,1116,1118,1120],"woo-feed-brand":[],"class_list":{"0":"post-179545","1":"product","2":"type-product","3":"status-publish","4":"has-post-thumbnail","6":"product_cat-stencils","7":"product_cat-a3-stencils","8":"product_tag-comida-mexicana","9":"product_tag-comida-rapida","10":"product_tag-epice","11":"product_tag-guacamole","12":"product_tag-kasitaco","13":"product_tag-mais","14":"product_tag-mexican-food","15":"product_tag-salsa","16":"product_tag-spicy","17":"product_tag-street-food","18":"product_tag-taco","19":"product_tag-tacos","20":"product_tag-tex-mex","21":"product_tag-tortilla","22":"product_tag-viande","24":"first","25":"instock","26":"taxable","27":"shipping-taxable","28":"product-type-grouped"},"_links":{"self":[{"href":"https:\/\/shop.moldbrothers.com\/fr\/wp-json\/wp\/v2\/product\/179545","targetHints":{"allow":["GET"]}}],"collection":[{"href":"https:\/\/shop.moldbrothers.com\/fr\/wp-json\/wp\/v2\/product"}],"about":[{"href":"https:\/\/shop.moldbrothers.com\/fr\/wp-json\/wp\/v2\/types\/product"}],"wp:featuredmedia":[{"embeddable":true,"href":"https:\/\/shop.moldbrothers.com\/fr\/wp-json\/wp\/v2\/media\/188264"}],"wp:attachment":[{"href":"https:\/\/shop.moldbrothers.com\/fr\/wp-json\/wp\/v2\/media?parent=179545"}],"wp:term":[{"taxonomy":"product_brand","embeddable":true,"href":"https:\/\/shop.moldbrothers.com\/fr\/wp-json\/wp\/v2\/product_brand?post=179545"},{"taxonomy":"product_cat","embeddable":true,"href":"https:\/\/shop.moldbrothers.com\/fr\/wp-json\/wp\/v2\/product_cat?post=179545"},{"taxonomy":"product_tag","embeddable":true,"href":"https:\/\/shop.moldbrothers.com\/fr\/wp-json\/wp\/v2\/product_tag?post=179545"},{"taxonomy":"woo-feed-brand","embeddable":true,"href":"https:\/\/shop.moldbrothers.com\/fr\/wp-json\/wp\/v2\/woo-feed-brand?post=179545"}],"curies":[{"name":"wp","href":"https:\/\/api.w.org\/{rel}","templated":true}]}}