{"id":179540,"date":"2025-03-31T11:58:00","date_gmt":"2025-03-31T09:58:00","guid":{"rendered":"https:\/\/shop.moldbrothers.com\/?post_type=product&#038;p=179540"},"modified":"2026-01-23T14:38:47","modified_gmt":"2026-01-23T13:38:47","slug":"realistic-rose-mold-x-gregoire-berger","status":"publish","type":"product","link":"https:\/\/shop.moldbrothers.com\/fr\/produit\/realistic-rose-mold-x-gregoire-berger\/","title":{"rendered":"Rose r\u00e9aliste Mold X Gr\u00e9goire Berger"},"content":{"rendered":"<div class=\"wp-block-columns is-layout-flex wp-container-core-columns-is-layout-9d6595d7 wp-block-columns-is-layout-flex\">\n<div class=\"wp-block-column is-vertically-aligned-center is-layout-flow wp-block-column-is-layout-flow\" style=\"flex-basis:50%\"><div class=\"wp-block-image\">\n<figure class=\"alignright size-full\"><img decoding=\"async\" width=\"800\" height=\"600\" src=\"https:\/\/shop.moldbrothers.com\/wp-content\/uploads\/2025\/03\/gregoire-berger.jpg\" alt=\"\" class=\"wp-image-179544\" style=\"object-fit:cover\" srcset=\"https:\/\/shop.moldbrothers.com\/wp-content\/uploads\/2025\/03\/gregoire-berger.jpg 800w, https:\/\/shop.moldbrothers.com\/wp-content\/uploads\/2025\/03\/gregoire-berger-768x576.jpg 768w, https:\/\/shop.moldbrothers.com\/wp-content\/uploads\/2025\/03\/gregoire-berger-16x12.jpg 16w\" sizes=\"(max-width: 800px) 100vw, 800px\" \/><\/figure>\n<\/div><\/div>\n\n\n\n<div class=\"wp-block-column is-layout-flow wp-block-column-is-layout-flow\" style=\"flex-basis:35.09%\">\n<h6 class=\"wp-block-heading\">Collaboration<\/h6>\n\n\n\n<h2 class=\"wp-block-heading\">\u00c0 propos du chef<\/h2>\n\n\n\n<p>Gr\u00e9goire Berger, chef fran\u00e7ais originaire de Bretagne, dirige l'Ossiano \u00e0 Atlantis The Palm, \u00e0 Duba\u00ef, depuis 2014. Sous sa direction, le restaurant a obtenu une \u00e9toile Michelin en 2024. Class\u00e9 parmi les meilleurs chefs du monde, il est connu pour son innovation, sa durabilit\u00e9 et sa cuisine d'inspiration mondiale.<\/p>\n<\/div>\n<\/div>\n\n\n\n<p><\/p>","protected":false},"excerpt":{"rendered":"<p>Ce moule en silicone de haute qualit\u00e9 vous permet de cr\u00e9er des roses super r\u00e9alistes, \u00e9l\u00e9gantes, d\u00e9taill\u00e9es et presque trop belles pour \u00eatre mang\u00e9es. Le moule permet de r\u00e9aliser au moins 4 roses et est fabriqu\u00e9 en silicone alimentaire 100%. Il peut r\u00e9sister \u00e0 des temp\u00e9ratures allant de -40\u00b0C \u00e0 +200\u00b0C, ce qui permet de l'utiliser aussi bien dans les cong\u00e9lateurs (\u00e0 chocs) que dans les fours.<\/p>\n<p><em>*En prime, vous recevrez gratuitement une carte de recettes imprim\u00e9e du chef Gr\u00e9goire Berger, pr\u00e9sentant son \u00e9tonnant dessert \u00e0 la rose.<\/em><\/p>","protected":false},"featured_media":179403,"template":"","meta":{"_seopress_robots_primary_cat":"none","_seopress_titles_title":"","_seopress_titles_desc":"","_seopress_robots_index":""},"product_brand":[],"product_cat":[159,194],"product_tag":[1199,523,1198,1133,1127,1200,1128,664,531,1197,604,744,743,1196],"woo-feed-brand":[],"class_list":{"0":"post-179540","1":"product","2":"type-product","3":"status-publish","4":"has-post-thumbnail","6":"product_cat-3dmolds","7":"product_cat-realistic","8":"product_tag-amour","9":"product_tag-bloem","10":"product_tag-bloemmotief","11":"product_tag-blume","12":"product_tag-fleur","13":"product_tag-fragrance","14":"product_tag-garden","15":"product_tag-liefde","16":"product_tag-natuur","17":"product_tag-romantic","18":"product_tag-roos","19":"product_tag-rosa","20":"product_tag-rose","21":"product_tag-rose-flower","23":"first","24":"instock","25":"taxable","26":"shipping-taxable","27":"purchasable","28":"product-type-simple"},"_links":{"self":[{"href":"https:\/\/shop.moldbrothers.com\/fr\/wp-json\/wp\/v2\/product\/179540","targetHints":{"allow":["GET"]}}],"collection":[{"href":"https:\/\/shop.moldbrothers.com\/fr\/wp-json\/wp\/v2\/product"}],"about":[{"href":"https:\/\/shop.moldbrothers.com\/fr\/wp-json\/wp\/v2\/types\/product"}],"wp:featuredmedia":[{"embeddable":true,"href":"https:\/\/shop.moldbrothers.com\/fr\/wp-json\/wp\/v2\/media\/179403"}],"wp:attachment":[{"href":"https:\/\/shop.moldbrothers.com\/fr\/wp-json\/wp\/v2\/media?parent=179540"}],"wp:term":[{"taxonomy":"product_brand","embeddable":true,"href":"https:\/\/shop.moldbrothers.com\/fr\/wp-json\/wp\/v2\/product_brand?post=179540"},{"taxonomy":"product_cat","embeddable":true,"href":"https:\/\/shop.moldbrothers.com\/fr\/wp-json\/wp\/v2\/product_cat?post=179540"},{"taxonomy":"product_tag","embeddable":true,"href":"https:\/\/shop.moldbrothers.com\/fr\/wp-json\/wp\/v2\/product_tag?post=179540"},{"taxonomy":"woo-feed-brand","embeddable":true,"href":"https:\/\/shop.moldbrothers.com\/fr\/wp-json\/wp\/v2\/woo-feed-brand?post=179540"}],"curies":[{"name":"wp","href":"https:\/\/api.w.org\/{rel}","templated":true}]}}