{"id":179535,"date":"2025-03-31T11:53:00","date_gmt":"2025-03-31T09:53:00","guid":{"rendered":"https:\/\/shop.moldbrothers.com\/?post_type=product&#038;p=179535"},"modified":"2025-10-20T15:03:56","modified_gmt":"2025-10-20T13:03:56","slug":"rope-ring-mold","status":"publish","type":"product","link":"https:\/\/shop.moldbrothers.com\/fr\/produit\/rope-ring-mold\/","title":{"rendered":"Anneau de corde Mold"},"content":{"rendered":"","protected":false},"excerpt":{"rendered":"<p>Un moule en silicone de haute qualit\u00e9 avec la forme d'un anneau cord\u00e9, avec 4 formes. Ce moule est fabriqu\u00e9 en silicone alimentaire 100%. Le moule peut r\u00e9sister \u00e0 une temp\u00e9rature comprise entre -40 \u00b0C et +200 \u00b0C. Il convient donc aussi bien au cong\u00e9lateur (choc) qu'au four.<\/p>","protected":false},"featured_media":179400,"template":"","meta":{"_seopress_robots_primary_cat":"none","_seopress_titles_title":"Rope Ring Mold | MoldBrothers","_seopress_titles_desc":"A high-quality silicone mold with the shape of a roped ring, with 4 shapes. This mold is made of 100% food grade silicone. The mold can withstand a temperature between -40 \u00b0C and +200 \u00b0C. The mold is therefore suitable for both the (shock) freezer and the oven.","_seopress_robots_index":""},"product_brand":[],"product_cat":[159,194],"product_tag":[521,777,600,520,1046,932],"woo-feed-brand":[],"class_list":{"0":"post-179535","1":"product","2":"type-product","3":"status-publish","4":"has-post-thumbnail","6":"product_cat-3dmolds","7":"product_cat-realistic","8":"product_tag-circle","9":"product_tag-easter","10":"product_tag-egg","11":"product_tag-ring","12":"product_tag-rope","13":"product_tag-woven","15":"first","16":"instock","17":"taxable","18":"shipping-taxable","19":"purchasable","20":"product-type-simple"},"_links":{"self":[{"href":"https:\/\/shop.moldbrothers.com\/fr\/wp-json\/wp\/v2\/product\/179535","targetHints":{"allow":["GET"]}}],"collection":[{"href":"https:\/\/shop.moldbrothers.com\/fr\/wp-json\/wp\/v2\/product"}],"about":[{"href":"https:\/\/shop.moldbrothers.com\/fr\/wp-json\/wp\/v2\/types\/product"}],"wp:featuredmedia":[{"embeddable":true,"href":"https:\/\/shop.moldbrothers.com\/fr\/wp-json\/wp\/v2\/media\/179400"}],"wp:attachment":[{"href":"https:\/\/shop.moldbrothers.com\/fr\/wp-json\/wp\/v2\/media?parent=179535"}],"wp:term":[{"taxonomy":"product_brand","embeddable":true,"href":"https:\/\/shop.moldbrothers.com\/fr\/wp-json\/wp\/v2\/product_brand?post=179535"},{"taxonomy":"product_cat","embeddable":true,"href":"https:\/\/shop.moldbrothers.com\/fr\/wp-json\/wp\/v2\/product_cat?post=179535"},{"taxonomy":"product_tag","embeddable":true,"href":"https:\/\/shop.moldbrothers.com\/fr\/wp-json\/wp\/v2\/product_tag?post=179535"},{"taxonomy":"woo-feed-brand","embeddable":true,"href":"https:\/\/shop.moldbrothers.com\/fr\/wp-json\/wp\/v2\/woo-feed-brand?post=179535"}],"curies":[{"name":"wp","href":"https:\/\/api.w.org\/{rel}","templated":true}]}}