{"id":179530,"date":"2025-03-31T11:59:00","date_gmt":"2025-03-31T09:59:00","guid":{"rendered":"https:\/\/shop.moldbrothers.com\/?post_type=product&#038;p=179530"},"modified":"2026-03-25T08:44:05","modified_gmt":"2026-03-25T07:44:05","slug":"realistic-honeycomb-mold","status":"publish","type":"product","link":"https:\/\/shop.moldbrothers.com\/fr\/produit\/realistic-honeycomb-mold\/","title":{"rendered":"Nid d'abeille r\u00e9aliste Mold"},"content":{"rendered":"","protected":false},"excerpt":{"rendered":"<p>Un moule en silicone de haute qualit\u00e9 pour r\u00e9aliser des nids d'abeilles tr\u00e8s r\u00e9alistes. Ce moule permet de r\u00e9aliser au moins 6 nids d'abeilles r\u00e9alistes. Le moule en silicone est fabriqu\u00e9 en silicone alimentaire 100%. Ils peuvent r\u00e9sister \u00e0 des temp\u00e9ratures allant de -40\u00b0C \u00e0 +200\u00b0C. Ils peuvent donc \u00eatre utilis\u00e9s dans les cong\u00e9lateurs (chocs) et les fours.<\/p>","protected":false},"featured_media":179402,"template":"","meta":{"_seopress_robots_primary_cat":"none","_seopress_titles_title":"","_seopress_titles_desc":"","_seopress_robots_index":""},"product_brand":[],"product_cat":[159,194],"product_tag":[1270,567,570,1273,1274,657,1264,1265,1269,1271,531,1267,1266,1268,1272],"woo-feed-brand":[],"class_list":{"0":"post-179530","1":"product","2":"type-product","3":"status-publish","4":"has-post-thumbnail","6":"product_cat-3dmolds","7":"product_cat-realistic","8":"product_tag-apiculture","9":"product_tag-bee","10":"product_tag-bij","11":"product_tag-biologische-honing","12":"product_tag-hexagon","13":"product_tag-honey","14":"product_tag-honeycomb","15":"product_tag-honingraat","16":"product_tag-imkerij","17":"product_tag-miel","18":"product_tag-natuur","19":"product_tag-panal","20":"product_tag-rayon-de-miel","21":"product_tag-waben","22":"product_tag-zoet","24":"first","25":"instock","26":"taxable","27":"shipping-taxable","28":"purchasable","29":"product-type-simple"},"_links":{"self":[{"href":"https:\/\/shop.moldbrothers.com\/fr\/wp-json\/wp\/v2\/product\/179530","targetHints":{"allow":["GET"]}}],"collection":[{"href":"https:\/\/shop.moldbrothers.com\/fr\/wp-json\/wp\/v2\/product"}],"about":[{"href":"https:\/\/shop.moldbrothers.com\/fr\/wp-json\/wp\/v2\/types\/product"}],"wp:featuredmedia":[{"embeddable":true,"href":"https:\/\/shop.moldbrothers.com\/fr\/wp-json\/wp\/v2\/media\/179402"}],"wp:attachment":[{"href":"https:\/\/shop.moldbrothers.com\/fr\/wp-json\/wp\/v2\/media?parent=179530"}],"wp:term":[{"taxonomy":"product_brand","embeddable":true,"href":"https:\/\/shop.moldbrothers.com\/fr\/wp-json\/wp\/v2\/product_brand?post=179530"},{"taxonomy":"product_cat","embeddable":true,"href":"https:\/\/shop.moldbrothers.com\/fr\/wp-json\/wp\/v2\/product_cat?post=179530"},{"taxonomy":"product_tag","embeddable":true,"href":"https:\/\/shop.moldbrothers.com\/fr\/wp-json\/wp\/v2\/product_tag?post=179530"},{"taxonomy":"woo-feed-brand","embeddable":true,"href":"https:\/\/shop.moldbrothers.com\/fr\/wp-json\/wp\/v2\/woo-feed-brand?post=179530"}],"curies":[{"name":"wp","href":"https:\/\/api.w.org\/{rel}","templated":true}]}}