{"id":179516,"date":"2025-03-31T11:56:00","date_gmt":"2025-03-31T09:56:00","guid":{"rendered":"https:\/\/shop.moldbrothers.com\/?post_type=product&#038;p=179516"},"modified":"2025-08-25T14:37:21","modified_gmt":"2025-08-25T12:37:21","slug":"straight-ring-mold","status":"publish","type":"product","link":"https:\/\/shop.moldbrothers.com\/fr\/produit\/straight-ring-mold\/","title":{"rendered":"Anneau droit Mold"},"content":{"rendered":"","protected":false},"excerpt":{"rendered":"<p>Ce moule en silicone de haute qualit\u00e9 a la forme d'un anneau plat et droit et comprend quatre cavit\u00e9s - parfait pour des pr\u00e9sentations nettes et modernes. Fabriqu\u00e9 en silicone alimentaire 100%, il r\u00e9siste \u00e0 des temp\u00e9ratures allant de -40\u00b0C \u00e0 +200\u00b0C, ce qui permet de l'utiliser aussi bien au cong\u00e9lateur (choc) qu'au four.<\/p>","protected":false},"featured_media":179409,"template":"","meta":{"_seopress_robots_primary_cat":"none","_seopress_titles_title":"","_seopress_titles_desc":"","_seopress_robots_index":""},"product_brand":[],"product_cat":[159,193],"product_tag":[1210,1205,1206,1204,1209,1211,1213,1202,520,1208,1207,1203,1201,1214,1212],"woo-feed-brand":[],"class_list":{"0":"post-179516","1":"product","2":"type-product","3":"status-publish","4":"has-post-thumbnail","6":"product_cat-3dmolds","7":"product_cat-essentials","8":"product_tag-anel","9":"product_tag-anillo","10":"product_tag-bague","11":"product_tag-band-ring","12":"product_tag-bijou","13":"product_tag-fashion-accessory","14":"product_tag-goud","15":"product_tag-minimalist-ring","16":"product_tag-ring","17":"product_tag-schmuck","18":"product_tag-sieraden","19":"product_tag-simple-ring","20":"product_tag-straight-ring","21":"product_tag-unisex-ring","22":"product_tag-zilver","24":"first","25":"instock","26":"taxable","27":"shipping-taxable","28":"purchasable","29":"product-type-simple"},"_links":{"self":[{"href":"https:\/\/shop.moldbrothers.com\/fr\/wp-json\/wp\/v2\/product\/179516","targetHints":{"allow":["GET"]}}],"collection":[{"href":"https:\/\/shop.moldbrothers.com\/fr\/wp-json\/wp\/v2\/product"}],"about":[{"href":"https:\/\/shop.moldbrothers.com\/fr\/wp-json\/wp\/v2\/types\/product"}],"wp:featuredmedia":[{"embeddable":true,"href":"https:\/\/shop.moldbrothers.com\/fr\/wp-json\/wp\/v2\/media\/179409"}],"wp:attachment":[{"href":"https:\/\/shop.moldbrothers.com\/fr\/wp-json\/wp\/v2\/media?parent=179516"}],"wp:term":[{"taxonomy":"product_brand","embeddable":true,"href":"https:\/\/shop.moldbrothers.com\/fr\/wp-json\/wp\/v2\/product_brand?post=179516"},{"taxonomy":"product_cat","embeddable":true,"href":"https:\/\/shop.moldbrothers.com\/fr\/wp-json\/wp\/v2\/product_cat?post=179516"},{"taxonomy":"product_tag","embeddable":true,"href":"https:\/\/shop.moldbrothers.com\/fr\/wp-json\/wp\/v2\/product_tag?post=179516"},{"taxonomy":"woo-feed-brand","embeddable":true,"href":"https:\/\/shop.moldbrothers.com\/fr\/wp-json\/wp\/v2\/woo-feed-brand?post=179516"}],"curies":[{"name":"wp","href":"https:\/\/api.w.org\/{rel}","templated":true}]}}