{"id":179508,"date":"2025-04-22T14:50:00","date_gmt":"2025-04-22T12:50:00","guid":{"rendered":"https:\/\/shop.moldbrothers.com\/?post_type=product&#038;p=179508"},"modified":"2025-12-24T11:57:07","modified_gmt":"2025-12-24T10:57:07","slug":"sillet-tuille","status":"publish","type":"product","link":"https:\/\/shop.moldbrothers.com\/fr\/produit\/sillet-tuille\/","title":{"rendered":"Sill\u00e9t Tuille Mold X Alex Dilling"},"content":{"rendered":"<div class=\"wp-block-columns is-layout-flex wp-container-core-columns-is-layout-9d6595d7 wp-block-columns-is-layout-flex\">\n<div class=\"wp-block-column is-vertically-aligned-center is-layout-flow wp-block-column-is-layout-flow\" style=\"flex-basis:50%\"><div class=\"wp-block-image\">\n<figure class=\"alignright size-full\"><img decoding=\"async\" width=\"800\" height=\"555\" src=\"https:\/\/shop.moldbrothers.com\/wp-content\/uploads\/2023\/11\/WhatsApp-Image-2023-11-09-at-16.15.21-edited-1-1.jpeg\" alt=\"\" class=\"wp-image-153455\" style=\"object-fit:cover\" srcset=\"https:\/\/shop.moldbrothers.com\/wp-content\/uploads\/2023\/11\/WhatsApp-Image-2023-11-09-at-16.15.21-edited-1-1.jpeg 800w, https:\/\/shop.moldbrothers.com\/wp-content\/uploads\/2023\/11\/WhatsApp-Image-2023-11-09-at-16.15.21-edited-1-1-768x533.jpeg 768w, https:\/\/shop.moldbrothers.com\/wp-content\/uploads\/2023\/11\/WhatsApp-Image-2023-11-09-at-16.15.21-edited-1-1-18x12.jpeg 18w\" sizes=\"(max-width: 800px) 100vw, 800px\" \/><\/figure>\n<\/div><\/div>\n\n\n\n<div class=\"wp-block-column is-layout-flow wp-block-column-is-layout-flow\" style=\"flex-basis:35.09%\">\n<h6 class=\"wp-block-heading\">Collaboration<\/h6>\n\n\n\n<h2 class=\"wp-block-heading\">\u00c0 propos du chef<\/h2>\n\n\n\n<p>Le chef Alex Dilling, anciennement de The Greenhouse** \u00e0 Londres, apporte maintenant sa ma\u00eetrise culinaire \u00e0 l'H\u00f4tel Caf\u00e9 Royal, offrant une exp\u00e9rience gastronomique intime. Largement reconnu pour ses comp\u00e9tences techniques, Alex poursuit son parcours cr\u00e9atif avec nous, apr\u00e8s le succ\u00e8s de l'\u00e9mission ''The Greenhouse''.<a href=\"https:\/\/shop.moldbrothers.com\/fr\/?sProd=alex+dilling&amp;page=1\" data-type=\"link\" data-id=\"https:\/\/shop.moldbrothers.com\/?sProd=alex+dilling&amp;page=1\">Poulet de chasseur<\/a>' moule.<\/p>\n\n\n\n<p>Cette fois, nous avons transform\u00e9 sa tuile \u00e0 la truffe signature 2019 - originellement pip\u00e9e \u00e0 la main pour son \"Ris de Veau \u00e0 la Truffe Noire\" - en cette \"Sill\u00e9t Tuille Mold\". Pour tout achat de moule, vous recevrez sa recette exclusive de tuille \u00e0 la truffe !<\/p>\n\n\n<div class=\"wp-block-image\">\n<figure class=\"alignleft size-full is-resized\"><img decoding=\"async\" width=\"856\" height=\"857\" src=\"https:\/\/shop.moldbrothers.com\/wp-content\/uploads\/2022\/02\/ad-logo.jpeg\" alt=\"\" class=\"wp-image-124029\" style=\"aspect-ratio:0.9988331388564761;width:164px;height:auto\" srcset=\"https:\/\/shop.moldbrothers.com\/wp-content\/uploads\/2022\/02\/ad-logo.jpeg 856w, https:\/\/shop.moldbrothers.com\/wp-content\/uploads\/2022\/02\/ad-logo-100x100.jpeg 100w, https:\/\/shop.moldbrothers.com\/wp-content\/uploads\/2022\/02\/ad-logo-600x601.jpeg 600w, https:\/\/shop.moldbrothers.com\/wp-content\/uploads\/2022\/02\/ad-logo-150x150.jpeg 150w, https:\/\/shop.moldbrothers.com\/wp-content\/uploads\/2022\/02\/ad-logo-12x12.jpeg 12w\" sizes=\"(max-width: 856px) 100vw, 856px\" \/><\/figure>\n<\/div><\/div>\n<\/div>\n\n\n\n<p><\/p>","protected":false},"excerpt":{"rendered":"<p>Un moule en silicone de haute qualit\u00e9 en forme de <em>\u00e0 la main<\/em> swirl, con\u00e7u par Alex Dilling**. Le moule comporte quatre formes et est fabriqu\u00e9 en silicone alimentaire 100%. Il peut r\u00e9sister \u00e0 des temp\u00e9ratures allant de -40\u00b0C \u00e0 +200\u00b0C, ce qui permet de l'utiliser aussi bien dans les cong\u00e9lateurs (chocs) que dans les fours.<\/p>\n<p>Conception par Alex Dilling, Images par MoldBrothers<\/p>","protected":false},"featured_media":179513,"template":"","meta":{"_seopress_robots_primary_cat":"none","_seopress_titles_title":"","_seopress_titles_desc":"","_seopress_robots_index":""},"product_brand":[],"product_cat":[228,203],"product_tag":[929,1295,1285,554,1291,1294,497,1288,928,1289,1236,623,1296,1293,499,698,1292,677,558],"woo-feed-brand":[],"class_list":{"0":"post-179508","1":"product","2":"type-product","3":"status-publish","4":"has-post-thumbnail","6":"product_cat-2dmolds","7":"product_cat-graphic","8":"product_tag-alex","9":"product_tag-alexdilling","10":"product_tag-bite","11":"product_tag-chef","12":"product_tag-crispy","13":"product_tag-dilling","14":"product_tag-fish","15":"product_tag-garnish","16":"product_tag-hunter","17":"product_tag-mold","18":"product_tag-ocean","19":"product_tag-plating","20":"product_tag-quail","21":"product_tag-scale","22":"product_tag-seafood","23":"product_tag-silicone","24":"product_tag-sillet","25":"product_tag-truffle","26":"product_tag-tuille","28":"first","29":"instock","30":"taxable","31":"shipping-taxable","32":"purchasable","33":"product-type-simple"},"_links":{"self":[{"href":"https:\/\/shop.moldbrothers.com\/fr\/wp-json\/wp\/v2\/product\/179508","targetHints":{"allow":["GET"]}}],"collection":[{"href":"https:\/\/shop.moldbrothers.com\/fr\/wp-json\/wp\/v2\/product"}],"about":[{"href":"https:\/\/shop.moldbrothers.com\/fr\/wp-json\/wp\/v2\/types\/product"}],"wp:featuredmedia":[{"embeddable":true,"href":"https:\/\/shop.moldbrothers.com\/fr\/wp-json\/wp\/v2\/media\/179513"}],"wp:attachment":[{"href":"https:\/\/shop.moldbrothers.com\/fr\/wp-json\/wp\/v2\/media?parent=179508"}],"wp:term":[{"taxonomy":"product_brand","embeddable":true,"href":"https:\/\/shop.moldbrothers.com\/fr\/wp-json\/wp\/v2\/product_brand?post=179508"},{"taxonomy":"product_cat","embeddable":true,"href":"https:\/\/shop.moldbrothers.com\/fr\/wp-json\/wp\/v2\/product_cat?post=179508"},{"taxonomy":"product_tag","embeddable":true,"href":"https:\/\/shop.moldbrothers.com\/fr\/wp-json\/wp\/v2\/product_tag?post=179508"},{"taxonomy":"woo-feed-brand","embeddable":true,"href":"https:\/\/shop.moldbrothers.com\/fr\/wp-json\/wp\/v2\/woo-feed-brand?post=179508"}],"curies":[{"name":"wp","href":"https:\/\/api.w.org\/{rel}","templated":true}]}}