{"id":179501,"date":"2025-03-31T11:57:00","date_gmt":"2025-03-31T09:57:00","guid":{"rendered":"https:\/\/shop.moldbrothers.com\/?post_type=product&#038;p=179501"},"modified":"2025-08-25T14:37:36","modified_gmt":"2025-08-25T12:37:36","slug":"marguerite-flower-mold","status":"publish","type":"product","link":"https:\/\/shop.moldbrothers.com\/fr\/produit\/marguerite-flower-mold\/","title":{"rendered":"Fleur Marguerite Mold"},"content":{"rendered":"","protected":false},"excerpt":{"rendered":"<p>Ce moule en silicone de haute qualit\u00e9 a la forme d'une fleur de Marguerite plus vraie que nature et comporte six fleurs magnifiquement d\u00e9taill\u00e9es. Fabriqu\u00e9 en silicone alimentaire 100%, il peut \u00eatre utilis\u00e9 en toute s\u00e9curit\u00e9 dans les fours et les cong\u00e9lateurs (de choc), r\u00e9sistant \u00e0 des temp\u00e9ratures allant de -40\u00b0C \u00e0 +200\u00b0C. Que vous fassiez de la p\u00e2tisserie, de la cong\u00e9lation ou que vous soyez simplement cr\u00e9atif, ce moule est fait pour vous.<\/p>","protected":false},"featured_media":179697,"template":"","meta":{"_seopress_robots_primary_cat":"none","_seopress_titles_title":"","_seopress_titles_desc":"","_seopress_robots_index":""},"product_brand":[],"product_cat":[159,194],"product_tag":[523,1130,1133,839,1127,1126,1134,524,1128,1132,1124,1125,531,1131,1129],"woo-feed-brand":[],"class_list":{"0":"post-179501","1":"product","2":"type-product","3":"status-publish","4":"has-post-thumbnail","6":"product_cat-3dmolds","7":"product_cat-realistic","8":"product_tag-bloem","9":"product_tag-bloemen","10":"product_tag-blume","11":"product_tag-daisy","12":"product_tag-fleur","13":"product_tag-flor","14":"product_tag-flor-blanca","15":"product_tag-flower","16":"product_tag-garden","17":"product_tag-jardin","18":"product_tag-margriet","19":"product_tag-marguerite","20":"product_tag-natuur","21":"product_tag-plantes","22":"product_tag-white-petals","24":"first","25":"instock","26":"taxable","27":"shipping-taxable","28":"purchasable","29":"product-type-simple"},"_links":{"self":[{"href":"https:\/\/shop.moldbrothers.com\/fr\/wp-json\/wp\/v2\/product\/179501","targetHints":{"allow":["GET"]}}],"collection":[{"href":"https:\/\/shop.moldbrothers.com\/fr\/wp-json\/wp\/v2\/product"}],"about":[{"href":"https:\/\/shop.moldbrothers.com\/fr\/wp-json\/wp\/v2\/types\/product"}],"wp:featuredmedia":[{"embeddable":true,"href":"https:\/\/shop.moldbrothers.com\/fr\/wp-json\/wp\/v2\/media\/179697"}],"wp:attachment":[{"href":"https:\/\/shop.moldbrothers.com\/fr\/wp-json\/wp\/v2\/media?parent=179501"}],"wp:term":[{"taxonomy":"product_brand","embeddable":true,"href":"https:\/\/shop.moldbrothers.com\/fr\/wp-json\/wp\/v2\/product_brand?post=179501"},{"taxonomy":"product_cat","embeddable":true,"href":"https:\/\/shop.moldbrothers.com\/fr\/wp-json\/wp\/v2\/product_cat?post=179501"},{"taxonomy":"product_tag","embeddable":true,"href":"https:\/\/shop.moldbrothers.com\/fr\/wp-json\/wp\/v2\/product_tag?post=179501"},{"taxonomy":"woo-feed-brand","embeddable":true,"href":"https:\/\/shop.moldbrothers.com\/fr\/wp-json\/wp\/v2\/woo-feed-brand?post=179501"}],"curies":[{"name":"wp","href":"https:\/\/api.w.org\/{rel}","templated":true}]}}