{"id":179487,"date":"2025-03-31T11:58:00","date_gmt":"2025-03-31T09:58:00","guid":{"rendered":"https:\/\/shop.moldbrothers.com\/?post_type=product&#038;p=179487"},"modified":"2025-10-20T12:35:59","modified_gmt":"2025-10-20T10:35:59","slug":"yarrow-tuille-mold","status":"publish","type":"product","link":"https:\/\/shop.moldbrothers.com\/fr\/produit\/yarrow-tuille-mold\/","title":{"rendered":"Yarrow Tuille Mold"},"content":{"rendered":"","protected":false},"excerpt":{"rendered":"<p>Ce moule en silicone de haute qualit\u00e9 est con\u00e7u sous la forme d'une feuille d'achill\u00e9e r\u00e9aliste, capturant ses d\u00e9tails d\u00e9licats et plumeux. Il permet de cr\u00e9er jusqu'\u00e0 cinq tuiles fines \u00e0 la fois et est fabriqu\u00e9 en silicone alimentaire 100%. Il peut r\u00e9sister \u00e0 des temp\u00e9ratures allant de -40\u00b0C \u00e0 +200\u00b0C, ce qui le rend parfait pour une utilisation dans les cong\u00e9lateurs (chocs) et les fours.<\/p>","protected":false},"featured_media":179420,"template":"","meta":{"_seopress_robots_primary_cat":"none","_seopress_titles_title":"","_seopress_titles_desc":"","_seopress_robots_index":""},"product_brand":[],"product_cat":[228,237],"product_tag":[1221,1084,523,1220,1228,1229,1225,1230,1224,1223,531,1227,1222,1226,1219],"woo-feed-brand":[],"class_list":{"0":"post-179487","1":"product","2":"type-product","3":"status-publish","4":"has-post-thumbnail","6":"product_cat-2dmolds","7":"product_cat-natural","8":"product_tag-achillee","9":"product_tag-bio","10":"product_tag-bloem","11":"product_tag-duizendblad","12":"product_tag-heilzaam","13":"product_tag-herboristerie","14":"product_tag-kruid","15":"product_tag-meadow-plant","16":"product_tag-medicinal-herb","17":"product_tag-milenrama","18":"product_tag-natuur","19":"product_tag-plante-medicinale","20":"product_tag-schafgarbe","21":"product_tag-wildflower","22":"product_tag-yarrow","24":"first","25":"instock","26":"taxable","27":"shipping-taxable","28":"purchasable","29":"product-type-simple"},"_links":{"self":[{"href":"https:\/\/shop.moldbrothers.com\/fr\/wp-json\/wp\/v2\/product\/179487","targetHints":{"allow":["GET"]}}],"collection":[{"href":"https:\/\/shop.moldbrothers.com\/fr\/wp-json\/wp\/v2\/product"}],"about":[{"href":"https:\/\/shop.moldbrothers.com\/fr\/wp-json\/wp\/v2\/types\/product"}],"wp:featuredmedia":[{"embeddable":true,"href":"https:\/\/shop.moldbrothers.com\/fr\/wp-json\/wp\/v2\/media\/179420"}],"wp:attachment":[{"href":"https:\/\/shop.moldbrothers.com\/fr\/wp-json\/wp\/v2\/media?parent=179487"}],"wp:term":[{"taxonomy":"product_brand","embeddable":true,"href":"https:\/\/shop.moldbrothers.com\/fr\/wp-json\/wp\/v2\/product_brand?post=179487"},{"taxonomy":"product_cat","embeddable":true,"href":"https:\/\/shop.moldbrothers.com\/fr\/wp-json\/wp\/v2\/product_cat?post=179487"},{"taxonomy":"product_tag","embeddable":true,"href":"https:\/\/shop.moldbrothers.com\/fr\/wp-json\/wp\/v2\/product_tag?post=179487"},{"taxonomy":"woo-feed-brand","embeddable":true,"href":"https:\/\/shop.moldbrothers.com\/fr\/wp-json\/wp\/v2\/woo-feed-brand?post=179487"}],"curies":[{"name":"wp","href":"https:\/\/api.w.org\/{rel}","templated":true}]}}