{"id":179486,"date":"2025-03-31T11:58:00","date_gmt":"2025-03-31T09:58:00","guid":{"rendered":"https:\/\/shop.moldbrothers.com\/?post_type=product&#038;p=179486"},"modified":"2025-08-25T14:37:53","modified_gmt":"2025-08-25T12:37:53","slug":"nautilus-tuille-mold","status":"publish","type":"product","link":"https:\/\/shop.moldbrothers.com\/fr\/produit\/nautilus-tuille-mold\/","title":{"rendered":"Nautilus Tuille Mold"},"content":{"rendered":"","protected":false},"excerpt":{"rendered":"<p>Ce moule en silicone de haute qualit\u00e9 est con\u00e7u en forme de coquille de nautile, capturant sa spirale naturelle et sa sym\u00e9trie. Le moule comporte six tuiles, trois de chaque c\u00f4t\u00e9, pour vous permettre de cr\u00e9er facilement le sandwich au nautile parfait. Fabriqu\u00e9 en silicone alimentaire 100%, il peut r\u00e9sister \u00e0 des temp\u00e9ratures allant de -40\u00b0C \u00e0 +200\u00b0C, ce qui le rend id\u00e9al pour une utilisation dans les cong\u00e9lateurs (chocs) et les fours.<\/p>","protected":false},"featured_media":179421,"template":"","meta":{"_seopress_robots_primary_cat":"none","_seopress_titles_title":"","_seopress_titles_desc":"","_seopress_robots_index":""},"product_brand":[],"product_cat":[228,237],"product_tag":[1241,1235,1242,1234,531,1237,1231,1238,1236,1243,1232,1233,1239,575,1240],"woo-feed-brand":[],"class_list":{"0":"post-179486","1":"product","2":"type-product","3":"status-publish","4":"has-post-thumbnail","6":"product_cat-2dmolds","7":"product_cat-natural","8":"product_tag-concha","9":"product_tag-marine-life","10":"product_tag-marino","11":"product_tag-mollusk","12":"product_tag-natuur","13":"product_tag-nautile","14":"product_tag-nautilus","15":"product_tag-nautilus-pompilius","16":"product_tag-ocean","17":"product_tag-schale","18":"product_tag-schelp","19":"product_tag-seashell","20":"product_tag-spiral-shell","21":"product_tag-zee","22":"product_tag-zeeleven","24":"first","25":"instock","26":"taxable","27":"shipping-taxable","28":"purchasable","29":"product-type-simple"},"_links":{"self":[{"href":"https:\/\/shop.moldbrothers.com\/fr\/wp-json\/wp\/v2\/product\/179486","targetHints":{"allow":["GET"]}}],"collection":[{"href":"https:\/\/shop.moldbrothers.com\/fr\/wp-json\/wp\/v2\/product"}],"about":[{"href":"https:\/\/shop.moldbrothers.com\/fr\/wp-json\/wp\/v2\/types\/product"}],"wp:featuredmedia":[{"embeddable":true,"href":"https:\/\/shop.moldbrothers.com\/fr\/wp-json\/wp\/v2\/media\/179421"}],"wp:attachment":[{"href":"https:\/\/shop.moldbrothers.com\/fr\/wp-json\/wp\/v2\/media?parent=179486"}],"wp:term":[{"taxonomy":"product_brand","embeddable":true,"href":"https:\/\/shop.moldbrothers.com\/fr\/wp-json\/wp\/v2\/product_brand?post=179486"},{"taxonomy":"product_cat","embeddable":true,"href":"https:\/\/shop.moldbrothers.com\/fr\/wp-json\/wp\/v2\/product_cat?post=179486"},{"taxonomy":"product_tag","embeddable":true,"href":"https:\/\/shop.moldbrothers.com\/fr\/wp-json\/wp\/v2\/product_tag?post=179486"},{"taxonomy":"woo-feed-brand","embeddable":true,"href":"https:\/\/shop.moldbrothers.com\/fr\/wp-json\/wp\/v2\/woo-feed-brand?post=179486"}],"curies":[{"name":"wp","href":"https:\/\/api.w.org\/{rel}","templated":true}]}}